{"id":9529,"date":"2015-05-20T09:44:12","date_gmt":"2015-05-20T06:44:12","guid":{"rendered":"https:\/\/www.nordicebv.info\/ntm-nordic-total-merit\/"},"modified":"2025-11-06T13:29:41","modified_gmt":"2025-11-06T11:29:41","slug":"ntm","status":"publish","type":"page","link":"https:\/\/nordicebv.info\/sv\/ntm\/","title":{"rendered":"NTM"},"content":{"rendered":"<div class=\"grid-66 tablet-grid-66 mobile-grid-100 first-column\">\n<h2>NTM &#8211; Nordic Total Merit<\/h2>\n<p>I det nordiska totalindexet, Nordic Total Merit (NTM), ing\u00e5r alla ekonomiskt viktiga egenskaper f\u00f6r RDC (Nordiska r\u00f6da raser), Holstein och Jersey i Danmark, Finland och Sverige. NTM baseras p\u00e5 unika registreringar och \u00e4r skapat f\u00f6r en l\u00f6nsam mj\u00f6lkproduktion i dessa l\u00e4nder.<\/p>\n<p>NTM \u00e4r ett balanserat avelsm\u00e5l som str\u00e4var efter friska, fruktsamma, h\u00f6gavkastande och l\u00e5nglivade kor med en funktionell exteri\u00f6r. Flertalet egenskapsgrupper v\u00e4gs samman baserat p\u00e5 ekonomiska v\u00e4rden (se\u00a0<strong>NTM &#8211; viktfaktorer<\/strong>) som erh\u00e5llits genom<span style=\"text-decoration: underline;\"><strong> <a href=\"https:\/\/nordicebv.info\/wp-content\/uploads\/2018\/11\/2018.11.06-NTM-2018-report-Full.pdf\" target=\"_blank\" rel=\"noopener noreferrer\">ekonomiska ber\u00e4kningar<\/a> <\/strong><\/span>och nationella rasf\u00f6reningars f\u00f6rv\u00e4ntningar p\u00e5 framtida produktions- och prisf\u00f6rh\u00e5llanden.<\/p>\n<p>De relativa vikterna f\u00f6r ing\u00e5ende egenskaper och deras samband till NTM p\u00e5verkar det f\u00f6rv\u00e4ntade ekonomiska framsteget f\u00f6r varje egenskap (klicka p\u00e5 bilden f\u00f6r att g\u00f6ra den st\u00f6rre):<\/p>\n<p><a href=\"https:\/\/nordicebv.info\/wp-content\/uploads\/2025\/02\/NTM-graph-feb2025-SWE-300x181.png\"><img loading=\"lazy\" decoding=\"async\" class=\"size-medium wp-image-19103 aligncenter\" src=\"https:\/\/nordicebv.info\/wp-content\/uploads\/2025\/02\/NTM-graph-feb2025-SWE-300x181.png\" alt=\"\" width=\"300\" height=\"181\" srcset=\"https:\/\/nordicebv.info\/wp-content\/uploads\/2025\/02\/NTM-graph-feb2025-SWE-300x181.png 300w, https:\/\/nordicebv.info\/wp-content\/uploads\/2025\/02\/NTM-graph-feb2025-SWE.png 531w\" sizes=\"auto, (max-width: 300px) 100vw, 300px\" \/><\/a><\/p>\n<p>Avelsurval baserat p\u00e5 NTM ger avelsframsteg i alla ekonomiskt viktiga egenskaper (se\u00a0<strong>Korrelationer mellan NTM och delindex<\/strong>). Med NTM s\u00e5 avlar du f\u00f6r \u00f6kad l\u00f6nsamhet.\u00a0 En NTM-enhet \u00e4r v\u00e4rd cirka 10 Euro extra per ko och \u00e5r.<\/p>\n<p>NTM och alla andra avelsv\u00e4rden som ber\u00e4knas av NAV publiceras f\u00f6r alla semintjurar med nordiskt stamboksnummer p\u00e5 <strong>NAVET (NAVs publicering av tjuravelsv\u00e4rden) <\/strong>och genetiska trender f\u00f6r NTM och delindex kan ses p\u00e5 sidan f\u00f6r <strong>Genetiska trender<\/strong>.<\/p>\n<p>L\u00e4s mer om NTM i NAVs avelsv\u00e4rdering mj\u00f6lkkor &#8211; data och modeller (p\u00e5 engelska).<\/p>\n<p>Mer om NTM:<\/p>\n<ul>\n<li><a href=\"https:\/\/nordicebv.info\/wp-content\/uploads\/2018\/11\/NTM-is-your-breeding-goal_EC_FINAL_SWE.pdf\" target=\"_blank\" rel=\"noopener noreferrer\">Avel f\u00f6r l\u00f6nsamma nordiska mj\u00f6lkkor <\/a><\/li>\n<li><a href=\"https:\/\/dreambroker.com\/channel\/2lkeqznm\/iframe\/60tnwbwz\" target=\"_blank\" rel=\"noopener noreferrer\">Ditt NTM<\/a><\/li>\n<\/ul>\n<\/div>\n<div class=\"grid-33 tablet-grid-33 mobile-grid-100 first-column\">\n<p><strong><a href=\"https:\/\/nordic.mloy.fi\/NAVBull\/\" target=\"_blank\" rel=\"noopener\">NAVET avelsv\u00e4rden mj\u00f6lkrastjurar<\/a><\/strong><\/p>\n<p><strong><a href=\"https:\/\/nordicebv.info\/wp-content\/uploads\/2025\/02\/NTM-\u2013-weight-factors_04022025_SWE.pdf\">NTM \u2013 viktfaktorer<\/a><\/strong><\/p>\n<p><strong><a href=\"https:\/\/nordicebv.info\/wp-content\/uploads\/2025\/02\/Correlations-between-NTM-and-sub-indices_SWE-2025.pdf\">Korrelationer mellan NTM och delindex<\/a><\/strong><\/p>\n<p><strong><a href=\"https:\/\/nordicebv.info\/wp-content\/uploads\/2021\/03\/The-economic-value-of-NTM_userfriendly_FINAL_SWE.pdf\">Det ekonomiska v\u00e4rdet av NTM<\/a><\/strong><\/p>\n<p><strong><a href=\"https:\/\/nordicebv.info\/wp-content\/uploads\/2025\/11\/Changes-in-the-official-calculation-of-breeding-values-in-NAV-for-dairy-breeds-1999-2025-SWE-Nov2025.pdf\">Genomf\u00f6rda \u00e4ndringar i NAVs avelsv\u00e4rdering<\/a><\/strong><\/p>\n<p><strong><a href=\"https:\/\/nordicebv.info\/wp-content\/uploads\/2024\/04\/Publication-of-official-NAV-breeding-values_SWE-2024.pdf\">Publicering av NAV officiella avelsv\u00e4rden<\/a><\/strong><\/p>\n<p><strong><a href=\"https:\/\/nordicebv.info\/wp-content\/uploads\/2025\/11\/NAV-routine-genetic-evaluation-November-2025.pdf\">NAVs avelsv\u00e4rdering mj\u00f6lkkor \u2013 data och modeller<\/a>\u00a0<\/strong>(p\u00e5 engelska)<\/p>\n<p><strong><a href=\"https:\/\/www.nordicebv.info\/sv\/ntm-och-avelsvarden\/genetiska-trender\/\">Genetiska trender<\/a><\/strong><\/p>\n<\/div>\n","protected":false},"excerpt":{"rendered":"<p>NTM &#8211; Nordic Total Merit I det nordiska totalindexet, Nordic Total Merit (NTM), ing\u00e5r alla ekonomiskt viktiga egenskaper f\u00f6r RDC (Nordiska r\u00f6da raser), Holstein och Jersey i Danmark, Finland och Sverige. NTM baseras p\u00e5 unika registreringar och \u00e4r skapat f\u00f6r en l\u00f6nsam mj\u00f6lkproduktion i dessa l\u00e4nder. NTM \u00e4r ett balanserat avelsm\u00e5l som str\u00e4var efter friska, &#8230; <a title=\"NTM\" class=\"read-more\" href=\"https:\/\/nordicebv.info\/sv\/ntm\/\" aria-label=\"L\u00e4s mer om NTM\">L\u00e4s mer<\/a><\/p>\n","protected":false},"author":2,"featured_media":0,"parent":0,"menu_order":0,"comment_status":"closed","ping_status":"closed","template":"","meta":{"_exactmetrics_skip_tracking":false,"_exactmetrics_sitenote_active":false,"_exactmetrics_sitenote_note":"","_exactmetrics_sitenote_category":0,"footnotes":""},"class_list":["post-9529","page","type-page","status-publish"],"aioseo_notices":[],"_links":{"self":[{"href":"https:\/\/nordicebv.info\/sv\/wp-json\/wp\/v2\/pages\/9529","targetHints":{"allow":["GET"]}}],"collection":[{"href":"https:\/\/nordicebv.info\/sv\/wp-json\/wp\/v2\/pages"}],"about":[{"href":"https:\/\/nordicebv.info\/sv\/wp-json\/wp\/v2\/types\/page"}],"author":[{"embeddable":true,"href":"https:\/\/nordicebv.info\/sv\/wp-json\/wp\/v2\/users\/2"}],"replies":[{"embeddable":true,"href":"https:\/\/nordicebv.info\/sv\/wp-json\/wp\/v2\/comments?post=9529"}],"version-history":[{"count":32,"href":"https:\/\/nordicebv.info\/sv\/wp-json\/wp\/v2\/pages\/9529\/revisions"}],"predecessor-version":[{"id":23484,"href":"https:\/\/nordicebv.info\/sv\/wp-json\/wp\/v2\/pages\/9529\/revisions\/23484"}],"wp:attachment":[{"href":"https:\/\/nordicebv.info\/sv\/wp-json\/wp\/v2\/media?parent=9529"}],"curies":[{"name":"wp","href":"https:\/\/api.w.org\/{rel}","templated":true}]}}