{"id":9511,"date":"2015-06-30T15:45:36","date_gmt":"2015-06-30T12:45:36","guid":{"rendered":"https:\/\/www.nordicebv.info\/scientific-advisory-committee\/"},"modified":"2025-10-03T12:22:20","modified_gmt":"2025-10-03T09:22:20","slug":"sac","status":"publish","type":"page","link":"https:\/\/nordicebv.info\/sv\/sac\/","title":{"rendered":"SAC"},"content":{"rendered":"<h1>SAC<\/h1>\n<p>NAV har en vetenskaplig r\u00e5dgivande kommitt\u00e9 (Scientific Advisory Committee, SAC) med medlemmar fr\u00e5n universitet och avelsf\u00f6retag fr\u00e5n de tre l\u00e4nderna. Huvudsyftet med SAC \u00e4r att:<\/p>\n<ul>\n<li>S\u00e4kerst\u00e4lla att metoderna som NAV anv\u00e4nder f\u00f6r avelsv\u00e4rdering har en h\u00f6g standard och f\u00f6ljer b\u00e4sta tillg\u00e4ngliga teknik<\/li>\n<li>Koordinera forskning inom nordisk avelsv\u00e4rdering<\/li>\n<li>S\u00f6ka extern finansiering f\u00f6r forskningsprojekt<\/li>\n<li>Verka f\u00f6r samarbete mellan NAV och forskningscentra<\/li>\n<\/ul>\n<p><strong>Medlemmar:<\/strong><\/p>\n<p><strong>S\u00f8ren Borchersen<\/strong>, VikingGenetics<\/p>\n<p><strong>Mogens Lund<\/strong>, Aarhus University, Center for Quantitative Genetics and Genomics, Department of Molecular Biology and Genetics<\/p>\n<p><strong>Martin Lidauer<\/strong>,\u00a0LUKE\u00a0Natural Resources Institute Finland<\/p>\n<p><strong>Kevin Byskov<\/strong>, SEGES &#8211; Cattle<\/p>\n<p><strong>Jukka P\u00f6s\u00f6<\/strong>, Faba co-op<\/p>\n<p><strong>Elisenda Rius-Vilarrasa<\/strong>, V\u00e4xa Sverige<\/p>\n<p><strong>Erling Strandberg<\/strong>,\u00a0Swedish University of Agricultural Sciences,\u00a0Department of Animal Breeding and Genetics, Division of Applied Genetics<\/p>\n","protected":false},"excerpt":{"rendered":"<p>SAC NAV har en vetenskaplig r\u00e5dgivande kommitt\u00e9 (Scientific Advisory Committee, SAC) med medlemmar fr\u00e5n universitet och avelsf\u00f6retag fr\u00e5n de tre l\u00e4nderna. Huvudsyftet med SAC \u00e4r att: S\u00e4kerst\u00e4lla att metoderna som NAV anv\u00e4nder f\u00f6r avelsv\u00e4rdering har en h\u00f6g standard och f\u00f6ljer b\u00e4sta tillg\u00e4ngliga teknik Koordinera forskning inom nordisk avelsv\u00e4rdering S\u00f6ka extern finansiering f\u00f6r forskningsprojekt Verka f\u00f6r &#8230; <a title=\"SAC\" class=\"read-more\" href=\"https:\/\/nordicebv.info\/sv\/sac\/\" aria-label=\"L\u00e4s mer om SAC\">L\u00e4s mer<\/a><\/p>\n","protected":false},"author":2,"featured_media":0,"parent":0,"menu_order":0,"comment_status":"closed","ping_status":"closed","template":"","meta":{"_exactmetrics_skip_tracking":false,"_exactmetrics_sitenote_active":false,"_exactmetrics_sitenote_note":"","_exactmetrics_sitenote_category":0,"footnotes":""},"class_list":["post-9511","page","type-page","status-publish"],"aioseo_notices":[],"_links":{"self":[{"href":"https:\/\/nordicebv.info\/sv\/wp-json\/wp\/v2\/pages\/9511","targetHints":{"allow":["GET"]}}],"collection":[{"href":"https:\/\/nordicebv.info\/sv\/wp-json\/wp\/v2\/pages"}],"about":[{"href":"https:\/\/nordicebv.info\/sv\/wp-json\/wp\/v2\/types\/page"}],"author":[{"embeddable":true,"href":"https:\/\/nordicebv.info\/sv\/wp-json\/wp\/v2\/users\/2"}],"replies":[{"embeddable":true,"href":"https:\/\/nordicebv.info\/sv\/wp-json\/wp\/v2\/comments?post=9511"}],"version-history":[{"count":5,"href":"https:\/\/nordicebv.info\/sv\/wp-json\/wp\/v2\/pages\/9511\/revisions"}],"predecessor-version":[{"id":22573,"href":"https:\/\/nordicebv.info\/sv\/wp-json\/wp\/v2\/pages\/9511\/revisions\/22573"}],"wp:attachment":[{"href":"https:\/\/nordicebv.info\/sv\/wp-json\/wp\/v2\/media?parent=9511"}],"curies":[{"name":"wp","href":"https:\/\/api.w.org\/{rel}","templated":true}]}}