{"id":9451,"date":"2014-04-14T09:45:02","date_gmt":"2014-04-14T06:45:02","guid":{"rendered":"https:\/\/www.nordicebv.info\/home\/"},"modified":"2023-02-09T12:35:37","modified_gmt":"2023-02-09T10:35:37","slug":"home","status":"publish","type":"page","link":"https:\/\/nordicebv.info\/sv\/home\/","title":{"rendered":"Startsida"},"content":{"rendered":"\n<div class=\"grid-33 tablet-grid-33 mobile-grid-100 first-column\">\n<p><a href=\"\/sv\/balanserat-avelsmal\/\"><img loading=\"lazy\" decoding=\"async\" class=\"aligncenter size-full wp-image-5610\" src=\"\/wp-content\/uploads\/2018\/10\/SWE_balanced-breeding-goal.jpg\" alt=\"\" width=\"370\" height=\"370\" \/><\/a><a href=\"\/sv\/bakom-avelsvardena\/\"><img loading=\"lazy\" decoding=\"async\" class=\"aligncenter size-full wp-image-5611\" src=\"\/wp-content\/uploads\/2018\/10\/SWE_Behind-the-breeding-values.jpg\" alt=\"\" width=\"370\" height=\"370\" \/><\/a><\/p>\n<\/div>\n<div class=\"grid-33 tablet-grid-33 mobile-grid-100 second-column\">\n<p><a href=\"\/sv\/unika-nordiska-egenskaper\/\"><img loading=\"lazy\" decoding=\"async\" class=\"aligncenter size-full wp-image-5613\" src=\"\/wp-content\/uploads\/2018\/10\/SWE_Unique-Nordic-traits_3.jpg\" alt=\"\" width=\"370\" height=\"370\" \/><\/a><a href=\"\/sv\/dokumenterad-effekt\/\"><img loading=\"lazy\" decoding=\"async\" class=\"aligncenter size-full wp-image-5612\" src=\"\/wp-content\/uploads\/2018\/10\/SWE_Docuumented-effect_3.jpg\" alt=\"\" width=\"370\" height=\"370\" \/><\/a><\/p>\n<\/div>\n<div class=\"grid-33 tablet-grid-33 mobile-grid-100 third-column\">\n<div class=\"boksi\">\n<h2>Nyheter<\/h2>\n<p><style>.wp-show-posts-columns#wpsp-7096 {margin-left: -2em; }.wp-show-posts-columns#wpsp-7096 .wp-show-posts-inner {margin: 0 0 2em 2em; }<\/style><section id=\"wpsp-7096\" class=\" wp-show-posts\" style=\"\"><article class=\" wp-show-posts-single wpsp-clearfix post-24715 post type-post status-publish format-standard hentry category-kottdjur\" itemtype=\"http:\/\/schema.org\/CreativeWork\" itemscope><div class=\"wp-show-posts-inner\" style=\"\">\t\t\t\t\t\t<header class=\"wp-show-posts-entry-header\">\n\t\t\t\t\t\t\t<h3 class=\"wp-show-posts-entry-title\" itemprop=\"headline\"><a href=\"https:\/\/nordicebv.info\/sv\/nav-avelsvarden-for-kottras-6\/\" rel=\"bookmark\">NAV avelsv\u00e4rden f\u00f6r k\u00f6ttras<\/a><\/h3><div class=\"wp-show-posts-entry-meta wp-show-posts-entry-meta-below-title post-meta-inline\"><span class=\"wp-show-posts-posted-on wp-show-posts-meta\">\n\t\t\t\t\t<a href=\"https:\/\/nordicebv.info\/sv\/nav-avelsvarden-for-kottras-6\/\" title=\"10:13\" rel=\"bookmark\"><time class=\"wp-show-posts-entry-date published\" datetime=\"2026-04-14T10:13:14+03:00\" itemprop=\"datePublished\">14 april 2026<\/time><\/a>\n\t\t\t\t<\/span><\/div>\t\t\t\t\t\t<\/header><!-- .entry-header -->\n\t\t\t\t\t<\/div><!-- wp-show-posts-inner --><div class=\"wpsp-clear\"><\/div><\/article><article class=\" wp-show-posts-single wpsp-clearfix post-24681 post type-post status-publish format-standard hentry category-mjolkkor\" itemtype=\"http:\/\/schema.org\/CreativeWork\" itemscope><div class=\"wp-show-posts-inner\" style=\"\">\t\t\t\t\t\t<header class=\"wp-show-posts-entry-header\">\n\t\t\t\t\t\t\t<h3 class=\"wp-show-posts-entry-title\" itemprop=\"headline\"><a href=\"https:\/\/nordicebv.info\/sv\/nav-genomisk-avelsvardering-82\/\" rel=\"bookmark\">NAV genomisk avelsv\u00e4rdering<\/a><\/h3><div class=\"wp-show-posts-entry-meta wp-show-posts-entry-meta-below-title post-meta-inline\"><span class=\"wp-show-posts-posted-on wp-show-posts-meta\">\n\t\t\t\t\t<a href=\"https:\/\/nordicebv.info\/sv\/nav-genomisk-avelsvardering-82\/\" title=\"10:26\" rel=\"bookmark\"><time class=\"wp-show-posts-entry-date published\" datetime=\"2026-04-07T10:26:21+03:00\" itemprop=\"datePublished\">7 april 2026<\/time><\/a>\n\t\t\t\t<\/span><\/div>\t\t\t\t\t\t<\/header><!-- .entry-header -->\n\t\t\t\t\t<\/div><!-- wp-show-posts-inner --><div class=\"wpsp-clear\"><\/div><\/article><article class=\" wp-show-posts-single wpsp-clearfix post-24621 post type-post status-publish format-standard hentry category-mjolkkor category-ntm-3\" itemtype=\"http:\/\/schema.org\/CreativeWork\" itemscope><div class=\"wp-show-posts-inner\" style=\"\">\t\t\t\t\t\t<header class=\"wp-show-posts-entry-header\">\n\t\t\t\t\t\t\t<h3 class=\"wp-show-posts-entry-title\" itemprop=\"headline\"><a href=\"https:\/\/nordicebv.info\/sv\/ntm-revisionen-diskussion-om-framtida-produktionsforutsattningar-och-trender\/\" rel=\"bookmark\">NTM revisionen: Diskussion om framtida produktionsf\u00f6ruts\u00e4ttningar och trender<\/a><\/h3><div class=\"wp-show-posts-entry-meta wp-show-posts-entry-meta-below-title post-meta-inline\"><span class=\"wp-show-posts-posted-on wp-show-posts-meta\">\n\t\t\t\t\t<a href=\"https:\/\/nordicebv.info\/sv\/ntm-revisionen-diskussion-om-framtida-produktionsforutsattningar-och-trender\/\" title=\"13:06\" rel=\"bookmark\"><time class=\"wp-show-posts-entry-date published\" datetime=\"2026-03-26T13:06:52+02:00\" itemprop=\"datePublished\">26 mars 2026<\/time><\/a>\n\t\t\t\t<\/span><\/div>\t\t\t\t\t\t<\/header><!-- .entry-header -->\n\t\t\t\t\t<\/div><!-- wp-show-posts-inner --><div class=\"wpsp-clear\"><\/div><\/article><\/section><!-- .wp-show-posts --><br \/>\n<a href=\"\/sv\/nyheter\/\">Se alla nyheter h\u00e4r<\/a><\/p>\n<\/div>\n<p><a class=\"button\" href=\"https:\/\/nordic.mloy.fi\/NAVBull\/\" target=\"_blank\" rel=\"noopener\">NAVET avelsv\u00e4rden mj\u00f6lkrastjurar<\/a><br \/>\n<a class=\"button\" href=\"https:\/\/nordic.mloy.fi\/InterBull\/\" target=\"_blank\" rel=\"noopener noreferrer\">NAV Interbull Resultat<\/a><br \/>\n<a class=\"button\" href=\"https:\/\/nordic.mloy.fi\/NAVTrends\">Genetiska trender<\/a><br \/>\n<a class=\"button\" href=\"https:\/\/nordic.mloy.fi\/NAVBeef\/\" target=\"_blank\" rel=\"noopener noreferrer\">NAVET avelsv\u00e4rden k\u00f6ttras <\/a><\/p>\n<\/div>\n<div class=\"grid-25 tablet-grid-50 mobile-grid-50 first-column\"><img loading=\"lazy\" decoding=\"async\" class=\"aligncenter size-full wp-image-2084\" src=\"\/wp-content\/uploads\/2014\/04\/littlelogo.jpg\" alt=\"nordicebc\" width=\"170\" height=\"85\" srcset=\"https:\/\/nordicebv.info\/wp-content\/uploads\/2014\/04\/littlelogo.jpg 170w, https:\/\/nordicebv.info\/wp-content\/uploads\/2014\/04\/littlelogo-100x50.jpg 100w\" sizes=\"auto, (max-width: 170px) 100vw, 170px\" \/><\/div>\n<div class=\"grid-25 tablet-grid-50 mobile-grid-50 second-column\"><img loading=\"lazy\" decoding=\"async\" class=\"size-medium wp-image-15070 aligncenter\" src=\"https:\/\/nordicebv.info\/wp-content\/uploads\/2023\/02\/Faba_logo_pieni-300x114.png\" alt=\"\" width=\"130\" height=\"45\" \/><\/a><\/div>\n<div class=\"grid-25 tablet-grid-50 mobile-grid-50 second-column\"><img loading=\"lazy\" decoding=\"async\" class=\"aligncenter size-full wp-image-12861\" src=\"\/wp-content\/uploads\/2021\/09\/Uusi-Vaxa-logo-TV.png\" alt=\"\" width=\"170\" height=\"75\" \/><\/div>\n<div class=\"grid-25 tablet-grid-50 mobile-grid-50 second-column\"><img loading=\"lazy\" decoding=\"async\" class=\"aligncenter size-full wp-image-14448\" src=\"https:\/\/nordicebv.info\/wp-content\/uploads\/2022\/09\/LF-logo-ver3.png\" alt=\"\" width=\"119\" height=\"74\" \/><\/div>\n","protected":false},"excerpt":{"rendered":"<p>Nyheter Se alla nyheter h\u00e4r NAVET avelsv\u00e4rden mj\u00f6lkrastjurar NAV Interbull Resultat Genetiska trender NAVET avelsv\u00e4rden k\u00f6ttras<\/p>\n","protected":false},"author":6,"featured_media":0,"parent":0,"menu_order":0,"comment_status":"closed","ping_status":"closed","template":"","meta":{"_exactmetrics_skip_tracking":false,"_exactmetrics_sitenote_active":false,"_exactmetrics_sitenote_note":"","_exactmetrics_sitenote_category":0,"footnotes":""},"class_list":["post-9451","page","type-page","status-publish","hentry"],"aioseo_notices":[],"_links":{"self":[{"href":"https:\/\/nordicebv.info\/sv\/wp-json\/wp\/v2\/pages\/9451","targetHints":{"allow":["GET"]}}],"collection":[{"href":"https:\/\/nordicebv.info\/sv\/wp-json\/wp\/v2\/pages"}],"about":[{"href":"https:\/\/nordicebv.info\/sv\/wp-json\/wp\/v2\/types\/page"}],"author":[{"embeddable":true,"href":"https:\/\/nordicebv.info\/sv\/wp-json\/wp\/v2\/users\/6"}],"replies":[{"embeddable":true,"href":"https:\/\/nordicebv.info\/sv\/wp-json\/wp\/v2\/comments?post=9451"}],"version-history":[{"count":16,"href":"https:\/\/nordicebv.info\/sv\/wp-json\/wp\/v2\/pages\/9451\/revisions"}],"predecessor-version":[{"id":15092,"href":"https:\/\/nordicebv.info\/sv\/wp-json\/wp\/v2\/pages\/9451\/revisions\/15092"}],"wp:attachment":[{"href":"https:\/\/nordicebv.info\/sv\/wp-json\/wp\/v2\/media?parent=9451"}],"curies":[{"name":"wp","href":"https:\/\/api.w.org\/{rel}","templated":true}]}}