{"id":8296,"date":"2019-02-14T13:26:11","date_gmt":"2019-02-14T11:26:11","guid":{"rendered":"https:\/\/www.nordicebv.info\/monogena-egenskaper\/"},"modified":"2026-02-06T10:42:57","modified_gmt":"2026-02-06T08:42:57","slug":"monogena-egenskaper","status":"publish","type":"page","link":"https:\/\/nordicebv.info\/sv\/ntm-och-avelsvarden\/monogena-egenskaper\/","title":{"rendered":"Monogena egenskaper &#8211; Mj\u00f6lkraser"},"content":{"rendered":"<p>Monogena egenskaper har en enkel ned\u00e4rvning. Det inneb\u00e4r att de p\u00e5verkas av en enskild gen eller haplotyp (samling av alleler p\u00e5 en kromosom som ned\u00e4rvs tillsammans) och att de inte p\u00e5verkas av milj\u00f6faktorer. Bland monogena egenskaper hos n\u00f6tkreatur finns b\u00e5de egenskaper som hornl\u00f6shet, r\u00f6d f\u00e4rg p\u00e5 h\u00e5rremmen och beta-kasein samt genetiska defekter, s\u00e5som CVM och bulldog, d\u00e4r vissa allelvarianter alltid \u00e4r o\u00f6nskade.<\/p>\n<p>Nu \u00e4r det m\u00f6jligt att uppt\u00e4cka ett st\u00f6rre antal monogena egenskaper genom DNA-analys av antingen ett separat laboratorietest eller genom att h\u00e4rleda dem from SNP-resultaten fr\u00e5n ett genomiskt test. Resultaten visar vilka allelvarianter som djuret b\u00e4r f\u00f6r en given egenskap. Denna information kan anv\u00e4ndas f\u00f6r att undvika parning av djur som b\u00e4r o\u00f6nskade alleler f\u00f6r vissa egenskaper, exempelvis bulldog, eller f\u00f6r att selektera djur som b\u00e4r \u00f6nskade alleler f\u00f6r andra egenskaper, exempelvis hornl\u00f6shet.<\/p>\n<p>Tillg\u00e4ngliga resultat fr\u00e5n genomiska test f\u00f6r tjurar kan ses p\u00e5 tjurens egen sida p\u00e5 <a href=\"https:\/\/nordic.mloy.fi\/navbull\" target=\"_blank\" rel=\"noopener noreferrer\">NAVET avelsv\u00e4rden mj\u00f6lkrastjurar<\/a>. Monogena egenskaper som erh\u00e5lls fr\u00e5n laboratoriet visas inte. Antal egenskaper som redovisas kommer att ut\u00f6kas med tiden.<\/p>\n<p><a href=\"https:\/\/nordicebv.info\/wp-content\/uploads\/2026\/02\/Monogenetic-traits-overview-dairy-SWE-FEB26.pdf\">\u00d6versikt monogena egenskaper &#8211; Mj\u00f6lkraser<\/a><\/p>\n<p><a href=\"https:\/\/nordicebv.info\/wp-content\/uploads\/2024\/05\/Description-of-genetic-traits-in-dairy-cattle-SWE-1.pdf\">Mer detaljerad beskrivning av monogena egenskaper &#8211; Mj\u00f6lkraser<\/a><\/p>\n<p>&nbsp;<\/p>\n<p>&nbsp;<\/p>\n","protected":false},"excerpt":{"rendered":"<p>Monogena egenskaper har en enkel ned\u00e4rvning. Det inneb\u00e4r att de p\u00e5verkas av en enskild gen eller haplotyp (samling av alleler p\u00e5 en kromosom som ned\u00e4rvs tillsammans) och att de inte p\u00e5verkas av milj\u00f6faktorer. Bland monogena egenskaper hos n\u00f6tkreatur finns b\u00e5de egenskaper som hornl\u00f6shet, r\u00f6d f\u00e4rg p\u00e5 h\u00e5rremmen och beta-kasein samt genetiska defekter, s\u00e5som CVM och &#8230; <a title=\"Monogena egenskaper &#8211; Mj\u00f6lkraser\" class=\"read-more\" href=\"https:\/\/nordicebv.info\/sv\/ntm-och-avelsvarden\/monogena-egenskaper\/\" aria-label=\"L\u00e4s mer om Monogena egenskaper &#8211; Mj\u00f6lkraser\">L\u00e4s mer<\/a><\/p>\n","protected":false},"author":6,"featured_media":0,"parent":7219,"menu_order":0,"comment_status":"closed","ping_status":"closed","template":"","meta":{"_exactmetrics_skip_tracking":false,"_exactmetrics_sitenote_active":false,"_exactmetrics_sitenote_note":"","_exactmetrics_sitenote_category":0,"footnotes":""},"class_list":["post-8296","page","type-page","status-publish"],"aioseo_notices":[],"_links":{"self":[{"href":"https:\/\/nordicebv.info\/sv\/wp-json\/wp\/v2\/pages\/8296","targetHints":{"allow":["GET"]}}],"collection":[{"href":"https:\/\/nordicebv.info\/sv\/wp-json\/wp\/v2\/pages"}],"about":[{"href":"https:\/\/nordicebv.info\/sv\/wp-json\/wp\/v2\/types\/page"}],"author":[{"embeddable":true,"href":"https:\/\/nordicebv.info\/sv\/wp-json\/wp\/v2\/users\/6"}],"replies":[{"embeddable":true,"href":"https:\/\/nordicebv.info\/sv\/wp-json\/wp\/v2\/comments?post=8296"}],"version-history":[{"count":15,"href":"https:\/\/nordicebv.info\/sv\/wp-json\/wp\/v2\/pages\/8296\/revisions"}],"predecessor-version":[{"id":24364,"href":"https:\/\/nordicebv.info\/sv\/wp-json\/wp\/v2\/pages\/8296\/revisions\/24364"}],"up":[{"embeddable":true,"href":"https:\/\/nordicebv.info\/sv\/wp-json\/wp\/v2\/pages\/7219"}],"wp:attachment":[{"href":"https:\/\/nordicebv.info\/sv\/wp-json\/wp\/v2\/media?parent=8296"}],"curies":[{"name":"wp","href":"https:\/\/api.w.org\/{rel}","templated":true}]}}