{"id":8281,"date":"2018-12-11T13:20:31","date_gmt":"2018-12-11T11:20:31","guid":{"rendered":"https:\/\/www.nordicebv.info\/kott-x-mjolk-publicering\/"},"modified":"2025-02-11T08:35:30","modified_gmt":"2025-02-11T06:35:30","slug":"kott-x-mjolk-publicering","status":"publish","type":"page","link":"https:\/\/nordicebv.info\/sv\/kott-x-mjolk-publicering\/","title":{"rendered":"K\u00f6tt x Mj\u00f6lk publicering"},"content":{"rendered":"<div class=\"grid-66 tablet-grid-66 mobile-grid-100 first-column\">\n<h2>K\u00f6tt x mj\u00f6lk publicering<\/h2>\n<p><strong>K\u00f6tt x mj\u00f6lk avelsv\u00e4rden<\/strong><\/p>\n<p>NAVs avelsv\u00e4rden f\u00f6r semintjurar av k\u00f6ttras utv\u00e4rderade baserat p\u00e5 deras korsningsavkommor efter mj\u00f6lkkor (s\u00e5 kallade K\u00f6tt x Mj\u00f6lk eller KxM avelsv\u00e4rden) kan anv\u00e4ndas av mj\u00f6lkb\u00f6nder f\u00f6r att v\u00e4lja k\u00f6ttrastjurar \u00f6ver faderras f\u00f6r att producera korsningskalvar som f\u00f6ds l\u00e4tt och har en god tillv\u00e4xt och slaktkroppskvalitet. Korsningskalvar som ing\u00e5r i avelsv\u00e4rderingen \u00e4r efter renrasiga Holstein, Jersey och RDC kor. Upp till tio enskilda KxM avelsv\u00e4rden kan publiceras f\u00f6r varje k\u00f6ttrastjur s\u00e5tillvida publiceringsreglerna \u00e4r uppfyllda. De enskilda avelsv\u00e4rdena v\u00e4gs samman med ekonomiska vikter i ett av tre delindex, Kalvningar far, Tillv\u00e4xt och Ungdjurs\u00f6verlevnad, vilka d\u00e4refter v\u00e4gs samman i det ekonomiska Nordic Beef x Dairy Index (NBDI).<\/p>\n<p>F\u00f6r att avelsv\u00e4rden och index ska publiceras beh\u00f6ver tv\u00e5 kriterier var uppfyllda;<\/p>\n<ol>\n<li>En viss niv\u00e5 p\u00e5 avelsv\u00e4rdenas s\u00e4kerhet f\u00f6r respektive egenskapsgrupp<\/li>\n<li>En eng\u00e5ngsavgift f\u00f6r semintjuren \u00e4r betald av tjur\u00e4garen\/spermaimport\u00f6ren. Systemet med avgift inf\u00f6rdes f\u00f6rsta januari 2020. F\u00f6r n\u00e4rvarande \u00e4r avgiften 1300 euro per tjur. \u00c4gare\/import\u00f6rer som \u00f6nskar att NAV avelsv\u00e4rden K\u00f6ttxMj\u00f6lk publiceras p\u00e5 deras djur kan kontakta NAV (<a href=\"mailto:gap@lf.dk\">Fredrik.VonUnge@vxa.se<\/a>).<\/li>\n<\/ol>\n<p>4 avelsv\u00e4rden f\u00f6r kalvningsegenskaper: <strong>Levandef\u00f6dda kalvar och kalvningsf\u00f6rm\u00e5ga baserat p\u00e5 kor i f\u00f6rsta respektive senare laktation<\/strong>. Alla fyra avelsv\u00e4rden kan publiceras om tjuren har en s\u00e4kerhet p\u00e5 minst 50 % f\u00f6r avelsv\u00e4rdet f\u00f6r levandef\u00f6dda kalvar eller kalvningsf\u00f6rm\u00e5ga i senare laktation. Information om kalvens storlek (endast tillg\u00e4ngligt fr\u00e5n Danmark) anv\u00e4nds som en indikatoregenskap i avelsv\u00e4rderingen f\u00f6r kalvningsegenskaper.<\/p>\n<p>3 kombinerade avelsv\u00e4rden f\u00f6r slaktkroppsegenskaper: <strong>Slaktkroppstillv\u00e4xt, formklass och fettklass<\/strong>. Slaktkroppstillv\u00e4xt baseras p\u00e5 fyra avelsv\u00e4rden som v\u00e4gs samman med lika stora vikter; tjurar och kvigor med kort (&lt;550 dagar) respektive l\u00e5ng uppf\u00f6dningsperiod. Form- och fettklass baseras p\u00e5 vardera tv\u00e5 avelsv\u00e4rden, tjurar respektive kvigor, som v\u00e4gs samman med lika stora vikter. Alla tre kombinerade avelsv\u00e4rden kan publiceras om tjuren har en s\u00e4kerhet p\u00e5 minst 50 % f\u00f6r avelsv\u00e4rdet f\u00f6r formklass.<\/p>\n<p>3 avelsv\u00e4rden f\u00f6r ungdjurs\u00f6verlevnad:<strong> Tidig period, sen period och ungdjurs\u00f6verlevnad.\u00a0<\/strong>Ungdjurs\u00f6verlevnad \u00e4r ett kombinerat index som baseras p\u00e5 tidig period med en vikt p\u00e5 0,36 och sen period med en vikt p\u00e5 0,83. Avelsv\u00e4rdet f\u00f6r tidig period baseras p\u00e5 tjurens avkommors \u00f6verlevnad under dag 1 till 30. Avelsv\u00e4rdet f\u00f6r sen period baseras p\u00e5 tjurens avkommors \u00f6verlevnad under dag 31 till 200. Samtliga tre avelsv\u00e4rden publiceras n\u00e4r tjurens s\u00e4kerhet f\u00f6r den sena perioden \u00e4r 50 % n\u00e4r den har minst 500 avkommor eller n\u00e4r den har publicerade avelsv\u00e4rden f\u00f6r kalvnings- och tillv\u00e4xtegenskaper.<\/p>\n<p><strong>Dr\u00e4ktighetsl\u00e4ngd, kor<\/strong> beskriver tjurens kalvars dr\u00e4ktighetsl\u00e4ngd n\u00e4r kalvens mor \u00e4r en mj\u00f6lkko som har kalvat \u00e5tminstone en g\u00e5ng. Dr\u00e4ktighetsl\u00e4nd anges i dagar och som avvikelse fr\u00e5n en standard p\u00e5 280 dagar. Avelsv\u00e4rden f\u00f6r dr\u00e4ktighetsl\u00e4ngd publiceras om det har en s\u00e4kerhet p\u00e5 \u00f6ver 50% och tjuren har ett officiellt EBV f\u00f6r kalvningsegenskaper.<\/p>\n<p><strong>Nordic Beef x Dairy Index<\/strong><\/p>\n<p>Nordic Beef x Dairy Index (NBDI) beskriver k\u00f6ttrastjurens ekonomiska v\u00e4rde baserat p\u00e5 dess genetiska potential f\u00f6r att producera k\u00f6tt x mj\u00f6lk korsningsavkommor som ger uppf\u00f6daren b\u00e4st l\u00f6nsamhet. NBDI best\u00e5r i nul\u00e4get av tre delindex, Kalvningar far, Tillv\u00e4xt och Ungdjurs\u00f6verlevnad. L\u00e4ngden och intensiteten p\u00e5 uppf\u00f6dningsperioden p\u00e5verkar de ekonomiska v\u00e4rdena f\u00f6r tillv\u00e4xtegenskaper. Varje tjur f\u00e5r d\u00e4rf\u00f6r olika v\u00e4rden f\u00f6r Tillv\u00e4xt och f\u00f6r totalindexet NBDI beroende p\u00e5 om avkommorna ska f\u00f6das upp med kort (&lt;550d) eller l\u00e5ng (&gt;550d) uppf\u00f6dningsperiod. Generellt s\u00e5 anv\u00e4nds kort uppf\u00f6dning i Danmark och l\u00e5ng uppf\u00f6dning i Finland och Sverige.<\/p>\n<p><strong>Kalvningar far<\/strong> inkluderar tv\u00e5 avelsv\u00e4rden, levandef\u00f6dda och kalvningsf\u00f6rm\u00e5ga i senare laktation, som kombineras med ekonomiska vikter.<\/p>\n<p><strong>Tillv\u00e4xt, kort eller l\u00e5ng<\/strong>, inkluderar tre avelsv\u00e4rden, slaktkroppstillv\u00e4xt, formklass och fettklass, kombinerade med ekonomiska vikter.<\/p>\n<p><strong>Ungdjurs\u00f6verlevnad, <\/strong>inkluderar tv\u00e5 avelsv\u00e4rden, tidig period och sen period, kombinerade med ekonomiska vikter.<\/p>\n<p><strong>NBDI, kort eller l\u00e5ng<\/strong>, inkluderar Kalvningar far, Tillv\u00e4xt, kort eller l\u00e5ng och Ungdjurs\u00f6verlevnad, kombinerade med ekonomiska vikter. Hur avelsv\u00e4rden v\u00e4gs samman i NBDI \u00e4r resultatet av noggranna ekonomiska ber\u00e4kningar och f\u00f6rv\u00e4ntningar p\u00e5 framtida priser och produktionsf\u00f6rh\u00e5llanden.<\/p>\n<p>Att basera urvalet av k\u00f6ttrastjurar f\u00f6r anv\u00e4ndning i din mj\u00f6lkbes\u00e4ttning p\u00e5 NBDI ger korsningsavkommor som f\u00f6ds l\u00e4tt, har en h\u00f6g tillv\u00e4xt och slaktkroppskvalitet och h\u00f6g \u00f6verlevnad under uppf\u00f6dningsperioden. Det ger framsteg i alla ing\u00e5ende egenskaper. Med NBDI s\u00e5 avlar du f\u00f6r b\u00e4ttre l\u00f6nsamhet.<\/p>\n<p><strong>KxM publicering<\/strong><\/p>\n<p>NAVs KxM avelsv\u00e4rden publicerades f\u00f6r f\u00f6rsta g\u00e5ngen i december 2018 och ers\u00e4tter tidigare nationella avelsv\u00e4rden f\u00f6r k\u00f6ttrastjurar utv\u00e4rderade baserat p\u00e5 deras korsningsavkommor efter mj\u00f6lkkor som har varit tillg\u00e4ngliga nationellt i Danmark respektive Sverige. Fr\u00e5n 2019 och fram\u00e5t kommer KxM avelsv\u00e4rden publiceras fyra g\u00e5nger \u00e5rligen i samband med NAVs st\u00f6rre rutinavelsv\u00e4rderingar f\u00f6r mj\u00f6lkkor (februari, maj, augusti och november). NBDI och delindex f\u00f6r Kalvningar far och Tillv\u00e4xt publicerades f\u00f6r f\u00f6rsta g\u00e5ngen i november 2019. De senaste resultaten kan ses p\u00e5 s\u00f6ksidan <a href=\"https:\/\/nordic.mloy.fi\/NAVBeef\/\" target=\"_blank\" rel=\"noopener noreferrer\">NAVET avelsv\u00e4rden k\u00f6ttras<\/a>.<\/p>\n<p>S\u00f6ksidan inneh\u00e5ller alla publicerbara avelsv\u00e4rden och annan relevant information f\u00f6r semintjurarna av k\u00f6ttras som ing\u00e5r i avelsv\u00e4rderingen. Anv\u00e4ndaren m\u00e5ste v\u00e4lja l\u00e4mplig uppf\u00f6dningsperiod (kort eller l\u00e5ng) f\u00f6r att f\u00e5 fram resultat. F\u00f6rvalt \u00e4r att resultat visas f\u00f6r k\u00f6ttrastjurar av alla raser och fr\u00e5n alla l\u00e4nder sorterat efter NBDI. Det \u00e4r m\u00f6jligt att v\u00e4lja urvalskriterier f\u00f6r att skapa \u00f6nskade topplistor och man kan \u00e4ven s\u00f6ka efter enskilda k\u00f6ttrastjurar.<\/p>\n<p>NAVs KxM avelsv\u00e4rden och delindex \u00e4r standardiserade till ett medelv\u00e4rde av 100 och en standardavvikelse av 10. NBDI \u00e4r standardiserad till ett medelv\u00e4rde av 0 och en standardavvikelse av 10.<\/p>\n<p>Mer information:<\/p>\n<p><a href=\"https:\/\/nordicebv.info\/wp-content\/uploads\/2024\/11\/NBDI-of-beef-sires-used-for-dairy-crosses-final-version.pdf\">Total Merit Index (NBDI) for beef sires used for dairy cattle<\/a> (p\u00e5 engelska, updaterad 2024)<\/p>\n<p><a href=\"https:\/\/nordicebv.info\/wp-content\/uploads\/2023\/05\/Draktighetslangs-ny-egenskap-i-BxD.pdf\">Dr\u00e4ktighetsl\u00e4ngd ny egenskap i avelsv\u00e4rderingen f\u00f6r k\u00f6tt p\u00e5 mj\u00f6lk<\/a><\/p>\n<p><a href=\"https:\/\/nordicebv.info\/wp-content\/uploads\/2022\/11\/YSS-SWE.pdf\">Ungdjurs\u00f6verlevnad ny egenskap i avelsv\u00e4rderingen f\u00f6r k\u00f6tt p\u00e5 mj\u00f6lk<\/a><\/p>\n<p><a href=\"https:\/\/nordicebv.info\/wp-content\/uploads\/2020\/10\/BxD_final_report.pdf\">BxD breeding values &#8211; Final report<\/a> (p\u00e5 engelska)<\/p>\n<p><a href=\"https:\/\/vimeo.com\/396660324\" rel=\"noopener noreferrer\">Webinar om KxM avelsv\u00e4rden<\/a> (p\u00e5 engelska)<\/p>\n<\/div>\n<div class=\"grid-33 tablet-grid-33 mobile-grid-100 first-column\">\n<p><strong><a href=\"https:\/\/nordic.mloy.fi\/NAVBeef\/\" target=\"_blank\" rel=\"noopener\">NAVET avelsv\u00e4rden k\u00f6ttras<\/a><\/strong><\/p>\n<p><strong><a href=\"https:\/\/nordicebv.info\/wp-content\/uploads\/2025\/02\/Overview-of-phenotypic-values-BxD-SWE-update-2025.pdf\">\u00d6versikt av fenotypv\u00e4rden f\u00f6r avelsv\u00e4rderingen k\u00f6tt x mj\u00f6lk<\/a><\/strong><\/p>\n<p><strong><a href=\"https:\/\/nordicebv.info\/wp-content\/uploads\/2022\/05\/NAV-routine-genetic-evaluation_beef-x-dairy-Final_correct-growth_27052022.pdf\">NAVs avelsv\u00e4rdering k\u00f6tt x mj\u00f6lk \u2013 data och modeller<\/a><\/strong> (p\u00e5 engelsk)<\/p>\n<p><strong><a href=\"https:\/\/nordicebv.info\/wp-content\/uploads\/2024\/11\/Changes-in-BxD-evaluation-2018-2024-SWE.pdf\">\u00c4ndringar i K\u00f6ttxMj\u00f6lk avelsv\u00e4rdering<\/a><\/strong><\/p>\n<\/div>\n","protected":false},"excerpt":{"rendered":"<p>K\u00f6tt x mj\u00f6lk publicering K\u00f6tt x mj\u00f6lk avelsv\u00e4rden NAVs avelsv\u00e4rden f\u00f6r semintjurar av k\u00f6ttras utv\u00e4rderade baserat p\u00e5 deras korsningsavkommor efter mj\u00f6lkkor (s\u00e5 kallade K\u00f6tt x Mj\u00f6lk eller KxM avelsv\u00e4rden) kan anv\u00e4ndas av mj\u00f6lkb\u00f6nder f\u00f6r att v\u00e4lja k\u00f6ttrastjurar \u00f6ver faderras f\u00f6r att producera korsningskalvar som f\u00f6ds l\u00e4tt och har en god tillv\u00e4xt och slaktkroppskvalitet. Korsningskalvar som &#8230; <a title=\"K\u00f6tt x Mj\u00f6lk publicering\" class=\"read-more\" href=\"https:\/\/nordicebv.info\/sv\/kott-x-mjolk-publicering\/\" aria-label=\"L\u00e4s mer om K\u00f6tt x Mj\u00f6lk publicering\">L\u00e4s mer<\/a><\/p>\n","protected":false},"author":6,"featured_media":0,"parent":0,"menu_order":0,"comment_status":"closed","ping_status":"closed","template":"","meta":{"_exactmetrics_skip_tracking":false,"_exactmetrics_sitenote_active":false,"_exactmetrics_sitenote_note":"","_exactmetrics_sitenote_category":0,"footnotes":""},"class_list":["post-8281","page","type-page","status-publish"],"aioseo_notices":[],"_links":{"self":[{"href":"https:\/\/nordicebv.info\/sv\/wp-json\/wp\/v2\/pages\/8281","targetHints":{"allow":["GET"]}}],"collection":[{"href":"https:\/\/nordicebv.info\/sv\/wp-json\/wp\/v2\/pages"}],"about":[{"href":"https:\/\/nordicebv.info\/sv\/wp-json\/wp\/v2\/types\/page"}],"author":[{"embeddable":true,"href":"https:\/\/nordicebv.info\/sv\/wp-json\/wp\/v2\/users\/6"}],"replies":[{"embeddable":true,"href":"https:\/\/nordicebv.info\/sv\/wp-json\/wp\/v2\/comments?post=8281"}],"version-history":[{"count":21,"href":"https:\/\/nordicebv.info\/sv\/wp-json\/wp\/v2\/pages\/8281\/revisions"}],"predecessor-version":[{"id":18154,"href":"https:\/\/nordicebv.info\/sv\/wp-json\/wp\/v2\/pages\/8281\/revisions\/18154"}],"wp:attachment":[{"href":"https:\/\/nordicebv.info\/sv\/wp-json\/wp\/v2\/media?parent=8281"}],"curies":[{"name":"wp","href":"https:\/\/api.w.org\/{rel}","templated":true}]}}