{"id":8269,"date":"2018-10-30T15:01:03","date_gmt":"2018-10-30T13:01:03","guid":{"rendered":"https:\/\/www.nordicebv.info\/dokumenterad-effekt\/"},"modified":"2018-10-30T15:01:03","modified_gmt":"2018-10-30T13:01:03","slug":"dokumenterad-effekt","status":"publish","type":"page","link":"https:\/\/nordicebv.info\/sv\/dokumenterad-effekt\/","title":{"rendered":"Dokumenterad effekt"},"content":{"rendered":"<h3>Dokumenterad effekt<\/h3>\n<p><strong>Den \u201cl\u00f6nsamma kon\u201d \u00e4r en ko med h\u00f6g produktion, bra fruktsamhet och h\u00e4lsa och som \u00e4r l\u00e4tt att hantera och mj\u00f6lka. Allts\u00e5, en ko som forts\u00e4tter att producera och skapa bra inkomst f\u00f6r mj\u00f6lkbonden \u00e5r efter \u00e5r utan att orsaka problem och on\u00f6diga utgifter. <\/strong><\/p>\n<p><a href=\"https:\/\/www.nordicebv.info\/wp-content\/uploads\/2018\/11\/Svensk.png\"><img loading=\"lazy\" decoding=\"async\" class=\"size-large wp-image-8273 aligncenter\" src=\"https:\/\/www.nordicebv.info\/wp-content\/uploads\/2018\/11\/Svensk-1024x520.png\" alt=\"\" width=\"604\" height=\"307\" srcset=\"https:\/\/nordicebv.info\/wp-content\/uploads\/2018\/11\/Svensk-1024x520.png 1024w, https:\/\/nordicebv.info\/wp-content\/uploads\/2018\/11\/Svensk-300x152.png 300w, https:\/\/nordicebv.info\/wp-content\/uploads\/2018\/11\/Svensk-768x390.png 768w, https:\/\/nordicebv.info\/wp-content\/uploads\/2018\/11\/Svensk-100x50.png 100w\" sizes=\"auto, (max-width: 604px) 100vw, 604px\" \/><\/a><\/p>\n<p>&nbsp;<\/p>\n<p>Med NTM f\u00e5r du unik information om djurens genetiska f\u00f6rm\u00e5ga f\u00f6r l\u00f6nsamhet \u2013 det vill s\u00e4ga b\u00e5de om de egenskaper som ger dig h\u00f6gre inkomster och l\u00e4gre produktionskostnader. Vi har bevisen att NTM fungerar i praktiken!<\/p>\n<p>Kor med h\u00f6gre NTM presterar b\u00e4ttre en kor med l\u00e4gre NTM. Det visas genom att dela in korna inom en bes\u00e4ttning i tv\u00e5 halvor baserat p\u00e5 deras NTM-v\u00e4rde vid f\u00f6dseln (h\u00f6g respektive l\u00e5g NTM grupp) och sen j\u00e4mf\u00f6ra deras produktionsresultat.<\/p>\n<p>N\u00e5gra exempel p\u00e5 f\u00f6rb\u00e4ttrad prestation hos kor i h\u00f6g NTM grupp:<\/p>\n<ul>\n<li><strong>H\u00f6gre mj\u00f6lkproduktion<\/strong> \u2013 omkring 15 och 25 kg mer fett + protein i f\u00f6rsta respektive andra laktation<\/li>\n<li><strong>Mer fruktsamma<\/strong> \u2013 cirka 2 dagar kortare intervall b\u00e5de fr\u00e5n f\u00f6dsel till f\u00f6rsta inseminering hos kvigor samt fr\u00e5n f\u00f6rsta till sista inseminering hos kor i f\u00f6rsta respektive andra laktation<\/li>\n<li><strong>Friskare <\/strong>\u2013 omkring 1-2 % -enheter f\u00e4rre kor med juverinflammation sett \u00f6ver de f\u00f6rsta laktationerna<\/li>\n<li><strong>H\u00f6gre livstidsproduktion &#8211;<\/strong> 200-300 kg mer fett + protein producerat under kornas livstid<\/li>\n<\/ul>\n<p>Resultaten visar att NTM fungerar i praktiken och ger nordiska mj\u00f6lkb\u00f6nder en \u00f6kad l\u00f6nsamhet per ko genom f\u00f6rb\u00e4ttrad produktion, fruktsamhet och h\u00e4lsa. F\u00f6ljaktligen ger NTM \u00e4ven en f\u00f6rb\u00e4ttrad livstidsproduktion per ko.<\/p>\n<p>L\u00e4s mer:<\/p>\n<p><a href=\"https:\/\/www.nordicebv.info\/wp-content\/uploads\/2018\/10\/Articel_HOL_NTM_PA_SWE.pdf\" target=\"_blank\" rel=\"noopener noreferrer\">H\u00f6gre NTM inneb\u00e4r h\u00f6gre livstidsproduktion hos <strong>Holsteinkor<\/strong><\/a><\/p>\n<p><a href=\"https:\/\/www.nordicebv.info\/wp-content\/uploads\/2018\/10\/Articel_RDC_NTM_PA_SWE.pdf\" target=\"_blank\" rel=\"noopener noreferrer\">H\u00f6gre NTM inneb\u00e4r h\u00f6gre livstidsproduktion hos <strong>RDC kor<\/strong><\/a><\/p>\n","protected":false},"excerpt":{"rendered":"<p>Dokumenterad effekt Den \u201cl\u00f6nsamma kon\u201d \u00e4r en ko med h\u00f6g produktion, bra fruktsamhet och h\u00e4lsa och som \u00e4r l\u00e4tt att hantera och mj\u00f6lka. Allts\u00e5, en ko som forts\u00e4tter att producera och skapa bra inkomst f\u00f6r mj\u00f6lkbonden \u00e5r efter \u00e5r utan att orsaka problem och on\u00f6diga utgifter. &nbsp; Med NTM f\u00e5r du unik information om djurens &#8230; <a title=\"Dokumenterad effekt\" class=\"read-more\" href=\"https:\/\/nordicebv.info\/sv\/dokumenterad-effekt\/\" aria-label=\"L\u00e4s mer om Dokumenterad effekt\">L\u00e4s mer<\/a><\/p>\n","protected":false},"author":6,"featured_media":0,"parent":0,"menu_order":0,"comment_status":"closed","ping_status":"closed","template":"","meta":{"_exactmetrics_skip_tracking":false,"_exactmetrics_sitenote_active":false,"_exactmetrics_sitenote_note":"","_exactmetrics_sitenote_category":0,"footnotes":""},"class_list":["post-8269","page","type-page","status-publish"],"aioseo_notices":[],"_links":{"self":[{"href":"https:\/\/nordicebv.info\/sv\/wp-json\/wp\/v2\/pages\/8269","targetHints":{"allow":["GET"]}}],"collection":[{"href":"https:\/\/nordicebv.info\/sv\/wp-json\/wp\/v2\/pages"}],"about":[{"href":"https:\/\/nordicebv.info\/sv\/wp-json\/wp\/v2\/types\/page"}],"author":[{"embeddable":true,"href":"https:\/\/nordicebv.info\/sv\/wp-json\/wp\/v2\/users\/6"}],"replies":[{"embeddable":true,"href":"https:\/\/nordicebv.info\/sv\/wp-json\/wp\/v2\/comments?post=8269"}],"version-history":[{"count":0,"href":"https:\/\/nordicebv.info\/sv\/wp-json\/wp\/v2\/pages\/8269\/revisions"}],"wp:attachment":[{"href":"https:\/\/nordicebv.info\/sv\/wp-json\/wp\/v2\/media?parent=8269"}],"curies":[{"name":"wp","href":"https:\/\/api.w.org\/{rel}","templated":true}]}}