{"id":8257,"date":"2018-10-30T14:59:49","date_gmt":"2018-10-30T12:59:49","guid":{"rendered":"https:\/\/www.nordicebv.info\/bakom-avelsvardena\/"},"modified":"2018-10-30T14:59:49","modified_gmt":"2018-10-30T12:59:49","slug":"bakom-avelsvardena","status":"publish","type":"page","link":"https:\/\/nordicebv.info\/sv\/bakom-avelsvardena\/","title":{"rendered":"Bakom avelsv\u00e4rdena"},"content":{"rendered":"<h3>Bakom avelsv\u00e4rdena<\/h3>\n<p><strong>Registreringar f\u00f6r nordiska mj\u00f6lkkor \u00e4r grunden f\u00f6r olika managementverktyg och r\u00e5dgivning f\u00f6r att uppn\u00e5 f\u00f6rb\u00e4ttrade bes\u00e4ttningsresultat. Samtidigt s\u00e5 utg\u00f6r de en unik bas f\u00f6r att ber\u00e4kna avelsv\u00e4rden s\u00e5 att r\u00e4tt avelsdjur kan selekteras f\u00f6r att skapa n\u00e4sta generation mj\u00f6lkkor. <\/strong><\/p>\n<p><a href=\"https:\/\/www.nordicebv.info\/wp-content\/uploads\/2018\/11\/Svensk3.png\"><img loading=\"lazy\" decoding=\"async\" class=\"size-large wp-image-8261 aligncenter\" src=\"https:\/\/www.nordicebv.info\/wp-content\/uploads\/2018\/11\/Svensk3-1024x652.png\" alt=\"\" width=\"604\" height=\"385\" srcset=\"https:\/\/nordicebv.info\/wp-content\/uploads\/2018\/11\/Svensk3-1024x652.png 1024w, https:\/\/nordicebv.info\/wp-content\/uploads\/2018\/11\/Svensk3-300x191.png 300w, https:\/\/nordicebv.info\/wp-content\/uploads\/2018\/11\/Svensk3-768x489.png 768w, https:\/\/nordicebv.info\/wp-content\/uploads\/2018\/11\/Svensk3.png 1984w\" sizes=\"auto, (max-width: 604px) 100vw, 604px\" \/><\/a><\/p>\n<p>Figur 1. Andelen bes\u00e4ttningar som registrerar olika egenskaper.<\/p>\n<p>&nbsp;<\/p>\n<p>En stor majoritet av de nordiska mj\u00f6lkb\u00f6nderna bidrar med registreringar f\u00f6r olika egenskaper till de nationella databaserna. \u00c4ven veterin\u00e4rer, semin\u00f6rer och kl\u00f6vverkare med flera bidrar med registreringar av h\u00e4ndelser av olika slag som intr\u00e4ffar under kornas livstid.<\/p>\n<p>Nordiska mj\u00f6lkb\u00f6nder g\u00f6r noggranna registreringar. Bakgrunden \u00e4r att registreringarna ligger till grund f\u00f6r att ber\u00e4kna viktiga nyckeltal som i sin tur anv\u00e4nds f\u00f6r att \u00f6vervaka och f\u00f6rb\u00e4ttra bes\u00e4ttningarna s\u00e5 att l\u00f6nsamheten kan optimeras. Genom olika managementprogram kan mj\u00f6lkb\u00f6nderna j\u00e4mf\u00f6ra sina egna resultat med andra g\u00e5rdars resultat.<\/p>\n<p>Trenden i de nordiska l\u00e4nderna g\u00e5r mot en \u00f6kad anv\u00e4ndning av elektronisk utrustning p\u00e5 g\u00e5rdarna som registrerar en m\u00e4ngd olika egenskaper s\u00e5som daglig mj\u00f6lkavkastning, halter och mj\u00f6lkfl\u00f6de, juverkoordinater, kornas aktivitet och foderintag. Utvecklingen p\u00e5 laboratorier g\u00e5r ocks\u00e5 fram\u00e5t och m\u00f6jligg\u00f6r registrering av nya egenskaper s\u00e5som fettsyresammans\u00e4ttning och ketonkroppar i mj\u00f6lken som kan st\u00e4rka avelsv\u00e4rderingen f\u00f6r ekonomiskt viktiga egenskaper. I framtiden v\u00e4ntas en \u00f6kning i m\u00e4ngden automatiskt registrerade data som m\u00e4ts mer noggrant och objektivt.<\/p>\n","protected":false},"excerpt":{"rendered":"<p>Bakom avelsv\u00e4rdena Registreringar f\u00f6r nordiska mj\u00f6lkkor \u00e4r grunden f\u00f6r olika managementverktyg och r\u00e5dgivning f\u00f6r att uppn\u00e5 f\u00f6rb\u00e4ttrade bes\u00e4ttningsresultat. Samtidigt s\u00e5 utg\u00f6r de en unik bas f\u00f6r att ber\u00e4kna avelsv\u00e4rden s\u00e5 att r\u00e4tt avelsdjur kan selekteras f\u00f6r att skapa n\u00e4sta generation mj\u00f6lkkor. Figur 1. Andelen bes\u00e4ttningar som registrerar olika egenskaper. &nbsp; En stor majoritet av de &#8230; <a title=\"Bakom avelsv\u00e4rdena\" class=\"read-more\" href=\"https:\/\/nordicebv.info\/sv\/bakom-avelsvardena\/\" aria-label=\"L\u00e4s mer om Bakom avelsv\u00e4rdena\">L\u00e4s mer<\/a><\/p>\n","protected":false},"author":6,"featured_media":0,"parent":0,"menu_order":0,"comment_status":"closed","ping_status":"closed","template":"","meta":{"_exactmetrics_skip_tracking":false,"_exactmetrics_sitenote_active":false,"_exactmetrics_sitenote_note":"","_exactmetrics_sitenote_category":0,"footnotes":""},"class_list":["post-8257","page","type-page","status-publish"],"aioseo_notices":[],"_links":{"self":[{"href":"https:\/\/nordicebv.info\/sv\/wp-json\/wp\/v2\/pages\/8257","targetHints":{"allow":["GET"]}}],"collection":[{"href":"https:\/\/nordicebv.info\/sv\/wp-json\/wp\/v2\/pages"}],"about":[{"href":"https:\/\/nordicebv.info\/sv\/wp-json\/wp\/v2\/types\/page"}],"author":[{"embeddable":true,"href":"https:\/\/nordicebv.info\/sv\/wp-json\/wp\/v2\/users\/6"}],"replies":[{"embeddable":true,"href":"https:\/\/nordicebv.info\/sv\/wp-json\/wp\/v2\/comments?post=8257"}],"version-history":[{"count":0,"href":"https:\/\/nordicebv.info\/sv\/wp-json\/wp\/v2\/pages\/8257\/revisions"}],"wp:attachment":[{"href":"https:\/\/nordicebv.info\/sv\/wp-json\/wp\/v2\/media?parent=8257"}],"curies":[{"name":"wp","href":"https:\/\/api.w.org\/{rel}","templated":true}]}}