{"id":8243,"date":"2018-10-30T14:58:30","date_gmt":"2018-10-30T12:58:30","guid":{"rendered":"https:\/\/www.nordicebv.info\/unika-nordiska-egenskaper\/"},"modified":"2018-10-30T14:58:30","modified_gmt":"2018-10-30T12:58:30","slug":"unika-nordiska-egenskaper","status":"publish","type":"page","link":"https:\/\/nordicebv.info\/sv\/unika-nordiska-egenskaper\/","title":{"rendered":"Unika nordiska egenskaper"},"content":{"rendered":"<h3>Unika nordiska egenskaper<\/h3>\n<p><strong>I de nordiska l\u00e4nderna registrerar vi flera egenskaper hos mj\u00f6lkkor som g\u00f6r hos v\u00e4rldsunika. Det g\u00e4ller framf\u00f6rallt egenskaper som beskriver h\u00e4lsa och funktion hos b\u00e5de kor och kalvar. Nordiska mj\u00f6lkb\u00f6nder har med framg\u00e5ng avlat f\u00f6r dessa funktionella egenskaper sedan 1980-talet.<\/strong><\/p>\n<p>Utmaningen med flertalet h\u00e4lsoegenskaper \u00e4r att de, f\u00f6r m\u00e5nga l\u00e4nder, \u00e4r sv\u00e5ra att registrera i stor skala. Dessutom registreras de inte lika objektivt som till exempelvis mj\u00f6lkavkastning. I de nordiska l\u00e4nderna har vi tillg\u00e5ng till registreringar fr\u00e5n veterin\u00e4rer som enligt lag ska rapportera in alla sjukdomsbehandlingar. Tack vare detta har vi tillf\u00f6rlitliga h\u00e4lsoregistreringar f\u00f6r omkring 90 % av v\u00e5ra mj\u00f6lkkor.<\/p>\n<p>Mycket arbete har genomf\u00f6rts f\u00f6r att standardisera inregistreringen och definitionen av h\u00e4lsoegenskaperna. Vad det g\u00e4ller veterin\u00e4rbehandlingar s\u00e5 anv\u00e4nds i avelv\u00e4rderingen endast data fr\u00e5n bes\u00e4ttningar d\u00e4r behandlingar rapporterats in med tillfredsst\u00e4llande kvalitet.<\/p>\n<p>Data fr\u00e5n kl\u00f6vverkare \u00e4r bland de nyaste informationsk\u00e4llorna inom avelsv\u00e4rdering f\u00f6r h\u00e4lsoegenskaper. De nordiska l\u00e4nderna har utvecklat och inf\u00f6rt ett effektivt digitalt inrapporteringssystem. Det har mottagits v\u00e4l bland b\u00e5de mj\u00f6lkb\u00f6nder och kl\u00f6vverkare vilket har medf\u00f6rt en h\u00f6g niv\u00e5 av registreringar. Registreringar av kl\u00f6vh\u00e4lsa p\u00e5 mer \u00e4n 190,000 kor inkommer \u00e5rligen. Detta inneb\u00e4r att, trots l\u00e5ga arvbarheter, s\u00e5 kan tillr\u00e4ckligt h\u00f6g s\u00e4kerhet p\u00e5 avelsv\u00e4rdena och avelsframsteg f\u00f6r kl\u00f6vh\u00e4lsa hos nordiska mj\u00f6lkkor uppn\u00e5s.<\/p>\n<p><a href=\"https:\/\/www.nordicebv.info\/wp-content\/uploads\/2018\/11\/Svensk2.png\"><img loading=\"lazy\" decoding=\"async\" class=\"size-large wp-image-8248 aligncenter\" src=\"https:\/\/www.nordicebv.info\/wp-content\/uploads\/2018\/11\/Svensk2-1024x768.png\" alt=\"\" width=\"604\" height=\"453\" srcset=\"https:\/\/nordicebv.info\/wp-content\/uploads\/2018\/11\/Svensk2-1024x768.png 1024w, https:\/\/nordicebv.info\/wp-content\/uploads\/2018\/11\/Svensk2-300x225.png 300w, https:\/\/nordicebv.info\/wp-content\/uploads\/2018\/11\/Svensk2-768x576.png 768w, https:\/\/nordicebv.info\/wp-content\/uploads\/2018\/11\/Svensk2-200x150.png 200w, https:\/\/nordicebv.info\/wp-content\/uploads\/2018\/11\/Svensk2.png 1890w\" sizes=\"auto, (max-width: 604px) 100vw, 604px\" \/><\/a><\/p>\n<p><strong>H\u00f6gre l\u00f6nsamhet fr\u00e5n friska kor \u2013 genom de unika nordiska h\u00e4lsoegenskaperna inkluderade i nordiska totalindexet, NTM.<\/strong><\/p>\n","protected":false},"excerpt":{"rendered":"<p>Unika nordiska egenskaper I de nordiska l\u00e4nderna registrerar vi flera egenskaper hos mj\u00f6lkkor som g\u00f6r hos v\u00e4rldsunika. Det g\u00e4ller framf\u00f6rallt egenskaper som beskriver h\u00e4lsa och funktion hos b\u00e5de kor och kalvar. Nordiska mj\u00f6lkb\u00f6nder har med framg\u00e5ng avlat f\u00f6r dessa funktionella egenskaper sedan 1980-talet. Utmaningen med flertalet h\u00e4lsoegenskaper \u00e4r att de, f\u00f6r m\u00e5nga l\u00e4nder, \u00e4r sv\u00e5ra &#8230; <a title=\"Unika nordiska egenskaper\" class=\"read-more\" href=\"https:\/\/nordicebv.info\/sv\/unika-nordiska-egenskaper\/\" aria-label=\"L\u00e4s mer om Unika nordiska egenskaper\">L\u00e4s mer<\/a><\/p>\n","protected":false},"author":6,"featured_media":0,"parent":0,"menu_order":0,"comment_status":"closed","ping_status":"closed","template":"","meta":{"_exactmetrics_skip_tracking":false,"_exactmetrics_sitenote_active":false,"_exactmetrics_sitenote_note":"","_exactmetrics_sitenote_category":0,"footnotes":""},"class_list":["post-8243","page","type-page","status-publish"],"aioseo_notices":[],"_links":{"self":[{"href":"https:\/\/nordicebv.info\/sv\/wp-json\/wp\/v2\/pages\/8243","targetHints":{"allow":["GET"]}}],"collection":[{"href":"https:\/\/nordicebv.info\/sv\/wp-json\/wp\/v2\/pages"}],"about":[{"href":"https:\/\/nordicebv.info\/sv\/wp-json\/wp\/v2\/types\/page"}],"author":[{"embeddable":true,"href":"https:\/\/nordicebv.info\/sv\/wp-json\/wp\/v2\/users\/6"}],"replies":[{"embeddable":true,"href":"https:\/\/nordicebv.info\/sv\/wp-json\/wp\/v2\/comments?post=8243"}],"version-history":[{"count":0,"href":"https:\/\/nordicebv.info\/sv\/wp-json\/wp\/v2\/pages\/8243\/revisions"}],"wp:attachment":[{"href":"https:\/\/nordicebv.info\/sv\/wp-json\/wp\/v2\/media?parent=8243"}],"curies":[{"name":"wp","href":"https:\/\/api.w.org\/{rel}","templated":true}]}}