{"id":8223,"date":"2018-10-30T14:57:24","date_gmt":"2018-10-30T12:57:24","guid":{"rendered":"https:\/\/www.nordicebv.info\/balanserat-avelsmal\/"},"modified":"2021-03-26T09:05:33","modified_gmt":"2021-03-26T07:05:33","slug":"balanserat-avelsmal","status":"publish","type":"page","link":"https:\/\/nordicebv.info\/sv\/balanserat-avelsmal\/","title":{"rendered":"Balanserat avelsm\u00e5l"},"content":{"rendered":"<h3>Balanserat avelsm\u00e5l<\/h3>\n<p><strong>Utvecklingen av det nordiska totalindexet (NTM) f\u00f6r mj\u00f6lkkor \u00e4r en historia om ett skifte mot ett mer helhetsomfattande och balanserat avelsm\u00e5l. NTM inneh\u00e5ller alla ekonomiskt viktiga egenskaper som det i dagsl\u00e4get g\u00e5r att avla f\u00f6r. Bland annat inkluderas m\u00e5nga funktionella egenskaper s\u00e5som juverh\u00e4lsa, fruktsamhet och \u00f6verlevnad. \u00c4ven om dessa egenskaper har ett ogynnsamt samband till avkastning, s\u00e5 \u00e4r det m\u00f6jligt att uppn\u00e5 kontinuerligt avelsframsteg f\u00f6r samtliga egenskaper som ing\u00e5r i avelsm\u00e5let. <\/strong><\/p>\n<p><a href=\"https:\/\/www.nordicebv.info\/wp-content\/uploads\/2021\/03\/balanced-breeding-goal_SWE_update-2021.png\"><img loading=\"lazy\" decoding=\"async\" class=\"size-full wp-image-12408 aligncenter\" src=\"https:\/\/www.nordicebv.info\/wp-content\/uploads\/2021\/03\/balanced-breeding-goal_SWE_update-2021.png\" alt=\"\" width=\"970\" height=\"585\" srcset=\"https:\/\/nordicebv.info\/wp-content\/uploads\/2021\/03\/balanced-breeding-goal_SWE_update-2021.png 970w, https:\/\/nordicebv.info\/wp-content\/uploads\/2021\/03\/balanced-breeding-goal_SWE_update-2021-300x181.png 300w, https:\/\/nordicebv.info\/wp-content\/uploads\/2021\/03\/balanced-breeding-goal_SWE_update-2021-768x463.png 768w\" sizes=\"auto, (max-width: 970px) 100vw, 970px\" \/><\/a><\/p>\n<p>&nbsp;<\/p>\n<p>Det gemensamma nordiska totalindexet, NTM, publicerades f\u00f6rsta g\u00e5ngen 2008 men innan dess anv\u00e4ndes liknande nationella index i Danmark, Finland och Sverige. Efter inf\u00f6randet har ytterligare egenskaper lagt till i NTM vilket har f\u00f6rb\u00e4ttrat det ekonomiska v\u00e4rdet per NTM-enhet.<\/p>\n<p>Den \u00f6kande betoningen p\u00e5 funktionella egenskaper i NTM g\u00e5r hand i hand med mj\u00f6lkb\u00f6ndernas preferenser. Inriktningen p\u00e5 avelsarbetet har g\u00e5tt mot att avla f\u00f6r en mer robust ko som bidrar till h\u00f6gre l\u00f6nsamhet, inte bara genom \u00f6kad mj\u00f6lkavkastning utan \u00e4ven genom minskade produktionskostnader.<\/p>\n<p>Syftet med NTM \u00e4r att kombinera ekonomiskt viktiga egenskaper p\u00e5 ett optimalt s\u00e4tt f\u00f6r b\u00e4sta l\u00f6nsamhet. Bakom viktfaktorerna f\u00f6r respektive egenskap i NTM finns ber\u00e4knade ekonomiska v\u00e4rden baserade p\u00e5 f\u00f6rv\u00e4ntade framtida priser och produktionsf\u00f6rh\u00e5llanden. Avelsm\u00e5let reflekterar d\u00e4rmed mj\u00f6lkb\u00f6ndernas \u00f6nskem\u00e5l och framtida behov.<\/p>\n<p>Ett v\u00e4l sammansatt avelsm\u00e5l samt effektiva, moderna metoder f\u00f6r avelv\u00e4rdering och avelsarbete m\u00f6jligg\u00f6r ett bra avelsframsteg f\u00f6r alla egenskaper i NTM. \u00a0Urval baserat p\u00e5 genomiska avelsv\u00e4rden har ytterligare f\u00f6rb\u00e4ttrat m\u00f6jligheten att avla f\u00f6r l\u00f6nsamma kor. Bland annat tack vare \u00f6kad s\u00e4kerhet p\u00e5 avelsv\u00e4rden, framf\u00f6r allt f\u00f6r funktionella egenskaper. Takten p\u00e5 avelsframsteget har ocks\u00e5 \u00f6kat.<\/p>\n<p>Mer om NTM:<\/p>\n<ul>\n<li><a href=\"https:\/\/dreambroker.com\/channel\/2lkeqznm\/iframe\/60tnwbwz\" target=\"_blank\" rel=\"noopener noreferrer\">Ditt NTM<\/a><\/li>\n<\/ul>\n","protected":false},"excerpt":{"rendered":"<p>Balanserat avelsm\u00e5l Utvecklingen av det nordiska totalindexet (NTM) f\u00f6r mj\u00f6lkkor \u00e4r en historia om ett skifte mot ett mer helhetsomfattande och balanserat avelsm\u00e5l. NTM inneh\u00e5ller alla ekonomiskt viktiga egenskaper som det i dagsl\u00e4get g\u00e5r att avla f\u00f6r. Bland annat inkluderas m\u00e5nga funktionella egenskaper s\u00e5som juverh\u00e4lsa, fruktsamhet och \u00f6verlevnad. \u00c4ven om dessa egenskaper har ett ogynnsamt &#8230; <a title=\"Balanserat avelsm\u00e5l\" class=\"read-more\" href=\"https:\/\/nordicebv.info\/sv\/balanserat-avelsmal\/\" aria-label=\"L\u00e4s mer om Balanserat avelsm\u00e5l\">L\u00e4s mer<\/a><\/p>\n","protected":false},"author":6,"featured_media":0,"parent":0,"menu_order":0,"comment_status":"closed","ping_status":"closed","template":"","meta":{"_exactmetrics_skip_tracking":false,"_exactmetrics_sitenote_active":false,"_exactmetrics_sitenote_note":"","_exactmetrics_sitenote_category":0,"footnotes":""},"class_list":["post-8223","page","type-page","status-publish"],"aioseo_notices":[],"_links":{"self":[{"href":"https:\/\/nordicebv.info\/sv\/wp-json\/wp\/v2\/pages\/8223","targetHints":{"allow":["GET"]}}],"collection":[{"href":"https:\/\/nordicebv.info\/sv\/wp-json\/wp\/v2\/pages"}],"about":[{"href":"https:\/\/nordicebv.info\/sv\/wp-json\/wp\/v2\/types\/page"}],"author":[{"embeddable":true,"href":"https:\/\/nordicebv.info\/sv\/wp-json\/wp\/v2\/users\/6"}],"replies":[{"embeddable":true,"href":"https:\/\/nordicebv.info\/sv\/wp-json\/wp\/v2\/comments?post=8223"}],"version-history":[{"count":1,"href":"https:\/\/nordicebv.info\/sv\/wp-json\/wp\/v2\/pages\/8223\/revisions"}],"predecessor-version":[{"id":12422,"href":"https:\/\/nordicebv.info\/sv\/wp-json\/wp\/v2\/pages\/8223\/revisions\/12422"}],"wp:attachment":[{"href":"https:\/\/nordicebv.info\/sv\/wp-json\/wp\/v2\/media?parent=8223"}],"curies":[{"name":"wp","href":"https:\/\/api.w.org\/{rel}","templated":true}]}}