{"id":8177,"date":"2015-11-04T10:59:10","date_gmt":"2015-11-04T08:59:10","guid":{"rendered":"https:\/\/www.nordicebv.info\/interbeef-publicering\/"},"modified":"2023-05-16T13:03:34","modified_gmt":"2023-05-16T10:03:34","slug":"interbeef-publicering","status":"publish","type":"page","link":"https:\/\/nordicebv.info\/sv\/kottdjur\/interbeef-publicering\/","title":{"rendered":"INTERBEEF PUBLICERING"},"content":{"rendered":"<div class=\"grid-66 tablet-grid-66 mobile-grid-100 first-column\">\n<h2>Interbeef publicering<\/h2>\n<p><strong>Interbeef avelsv\u00e4rden <\/strong><\/p>\n<p>Fast\u00e4n NAVs medlemsl\u00e4nder \u00e4n s\u00e5 l\u00e4nge har nationella officiella avelsv\u00e4rderingar f\u00f6r k\u00f6ttraser s\u00e5 deltar de gemensamt i Interbeef. F\u00f6r Interbeef skickar varje deltagande medlem in r\u00e5data av djurens prestationer och h\u00e4rstamning. Egenskapsregistreringar fr\u00e5n varje medlem hanteras sen som separata egenskaper i en internationell avelsv\u00e4rdering och de resulterande avelsv\u00e4rdena publiceras p\u00e5 varje medlemslands egen skala. Rangeringen av djur p\u00e5 olika l\u00e4nders skalor kan skilja sig \u00e5t s\u00e5 att en tjur som \u00e4r genetiskt b\u00e4st i land A kanske inte \u00e4r den b\u00e4sta i land B.<\/p>\n<p>F\u00f6r n\u00e4rvarande deltar f\u00f6ljande l\u00e4nder i Interbeef: Australien, Tjeckien, DFS (Danmark, Finland och Sverige), Estland, Frankrike, Tyskland, Irland, Italien, Lettland, Slovenien, Sydafrika, Schweiz och Storbritannien men alla l\u00e4nder deltar inte f\u00f6r alla raser och egenskaper. Hittills finns officiella Interbeef avelsv\u00e4rden endast f\u00f6r korrigerad avv\u00e4njningsvikt (AWW), f\u00f6delsevikt (BWT) och kalvningsf\u00f6rm\u00e5ga (CAE), direkta och maternella effekter. Alla egenskaper publiceras  f\u00f6r raserna Aberdeen Angus, Charolais, Hereford, Limousin och Simmental. Interbeef avelsv\u00e4rdering kommer att ut\u00f6kas i framtiden s\u00e5 att den inkluderar fler egenskaper och raser.<\/p>\n<p><a href=\"https:\/\/www.icar.org\/index.php\/technical-bodies\/working-groups\/interbeef-working-group\/\">Interbeef \u00e4r en arbetsgrupp inom ICAR  <\/a>(International Committee for Animal Recording).<\/p>\n<p><strong>INTERBEEF AVELSV\u00c4RDEN P\u00c5 DFS SKALA<\/strong><\/p>\n<p><span lang=\"SV\" style=\"font-family: 'Ubuntu',serif; color: #383838;\">Officiella Interbeef avelsv\u00e4rden f\u00f6r tillg\u00e4ngliga egenskaper och raser publiceras tv\u00e5 g\u00e5nger \u00e5rligen (mars och november) och de senaste resultaten kan ses p\u00e5 <\/span><a href=\"https:\/\/nordic.mloy.fi\/NAVBeef\/\">NAVET avelsv\u00e4rden k\u00f6ttras<\/a>. S\u00f6ksidan inneh\u00e5ller alla publicerbara avelsv\u00e4rden och annan relevant information om tjurar och kor som ing\u00e5r i avelsv\u00e4rderingen. Ras m\u00e5ste v\u00e4ljas men alla andra s\u00f6kparametrar \u00e4r frivilliga. Det g\u00e5r att st\u00e4lla in s\u00f6kkriterier f\u00f6r att skapa topplistor enligt dina preferenser och att s\u00f6ka efter enskilda djur eller deras avkommor.<\/p>\n<p><span lang=\"SV\">Interbeef avelsv\u00e4rden p\u00e5 DFS skala \u00e4r standardiserade s\u00e5 att djur med registrerad avv\u00e4njningsvikt som \u00e4r f\u00f6dda 3-8 \u00e5r f\u00f6re datumet f\u00f6r avelsv\u00e4rderingen i medeltal har ett avelsv\u00e4rde av 100 och en spridning av 10. <\/span><\/p>\n<p>Det \u00e4r viktigt att t\u00e4nka p\u00e5 att Interbeef avelsv\u00e4rdering endast \u00e4r tillg\u00e4ngligt f\u00f6r ett antal ekonomiskt viktiga egenskaper varav vissa analyseras med singelmodell medan de nationella avelsv\u00e4rderingarna i Danmark, Finland respektive Sverige \u00e4r fleregenskapsmodeller som inkluderar flera andra egenskaper. Vidare s\u00e5 nyttjar Interbeef avelsv\u00e4rderingen information fr\u00e5n sl\u00e4ktingar \u00e4ven fr\u00e5n andra l\u00e4nder. Med anledning av detta s\u00e5 kan rangeringen baserat p\u00e5 Interbeef avelsv\u00e4rden skilja sig m\u00e4rkbart fr\u00e5n rangeringen p\u00e5 nationella topplistor.<\/p>\n<p>&nbsp;<\/p>\n<\/div>\n<div class=\"grid-33 tablet-grid-33 mobile-grid-100 first-column\">\n<p><strong><a href=\"https:\/\/nordic.mloy.fi\/NAVBeef\/\" target=\"_blank\" rel=\"noopener\">NAVET avelsv\u00e4rden k\u00f6ttras<\/a><\/strong><\/p>\n<\/div>\n","protected":false},"excerpt":{"rendered":"<p>Interbeef publicering Interbeef avelsv\u00e4rden Fast\u00e4n NAVs medlemsl\u00e4nder \u00e4n s\u00e5 l\u00e4nge har nationella officiella avelsv\u00e4rderingar f\u00f6r k\u00f6ttraser s\u00e5 deltar de gemensamt i Interbeef. F\u00f6r Interbeef skickar varje deltagande medlem in r\u00e5data av djurens prestationer och h\u00e4rstamning. Egenskapsregistreringar fr\u00e5n varje medlem hanteras sen som separata egenskaper i en internationell avelsv\u00e4rdering och de resulterande avelsv\u00e4rdena publiceras p\u00e5 varje &#8230; <a title=\"INTERBEEF PUBLICERING\" class=\"read-more\" href=\"https:\/\/nordicebv.info\/sv\/kottdjur\/interbeef-publicering\/\" aria-label=\"L\u00e4s mer om INTERBEEF PUBLICERING\">L\u00e4s mer<\/a><\/p>\n","protected":false},"author":6,"featured_media":0,"parent":8169,"menu_order":0,"comment_status":"closed","ping_status":"closed","template":"","meta":{"_exactmetrics_skip_tracking":false,"_exactmetrics_sitenote_active":false,"_exactmetrics_sitenote_note":"","_exactmetrics_sitenote_category":0,"footnotes":""},"class_list":["post-8177","page","type-page","status-publish"],"aioseo_notices":[],"_links":{"self":[{"href":"https:\/\/nordicebv.info\/sv\/wp-json\/wp\/v2\/pages\/8177","targetHints":{"allow":["GET"]}}],"collection":[{"href":"https:\/\/nordicebv.info\/sv\/wp-json\/wp\/v2\/pages"}],"about":[{"href":"https:\/\/nordicebv.info\/sv\/wp-json\/wp\/v2\/types\/page"}],"author":[{"embeddable":true,"href":"https:\/\/nordicebv.info\/sv\/wp-json\/wp\/v2\/users\/6"}],"replies":[{"embeddable":true,"href":"https:\/\/nordicebv.info\/sv\/wp-json\/wp\/v2\/comments?post=8177"}],"version-history":[{"count":8,"href":"https:\/\/nordicebv.info\/sv\/wp-json\/wp\/v2\/pages\/8177\/revisions"}],"predecessor-version":[{"id":15486,"href":"https:\/\/nordicebv.info\/sv\/wp-json\/wp\/v2\/pages\/8177\/revisions\/15486"}],"up":[{"embeddable":true,"href":"https:\/\/nordicebv.info\/sv\/wp-json\/wp\/v2\/pages\/8169"}],"wp:attachment":[{"href":"https:\/\/nordicebv.info\/sv\/wp-json\/wp\/v2\/media?parent=8177"}],"curies":[{"name":"wp","href":"https:\/\/api.w.org\/{rel}","templated":true}]}}