{"id":8161,"date":"2015-05-20T09:53:29","date_gmt":"2015-05-20T06:53:29","guid":{"rendered":"https:\/\/www.nordicebv.info\/fenotypvarden\/"},"modified":"2022-03-25T10:18:27","modified_gmt":"2022-03-25T08:18:27","slug":"fenotypvarden","status":"publish","type":"page","link":"https:\/\/nordicebv.info\/sv\/fenotypvarden\/","title":{"rendered":"Fenotypv\u00e4rden"},"content":{"rendered":"<p>P\u00e5 <strong><a href=\"https:\/\/nordic.mloy.fi\/navbull#\" target=\"_blank\" rel=\"noopener noreferrer\">NAVET avelsv\u00e4rden mj\u00f6lkrastjurar<\/a><\/strong>\u00a0kan du se vad avelsv\u00e4rdena betyder i praktiken. Klicka p\u00e5 knappen \u201cVisa fenotypv\u00e4rden\u201d under h\u00e4rstamningen p\u00e5 tjurens egen sida med avelsv\u00e4rden f\u00f6r att se den valda tjurens f\u00f6rv\u00e4ntade effekt p\u00e5 d\u00f6ttrar uttryckt p\u00e5 den skala som egenskapen m\u00e4ts.<\/p>\n<p>En \u00f6versikt av fenotypv\u00e4rden (medelv\u00e4rden och v\u00e4rden per relativtalsenhet) f\u00f6r respektive ras n\u00e5s fr\u00e5n bruksanvisningen f\u00f6r NAVET (klicka p\u00e5 fr\u00e5getecknet i \u00f6vre h\u00f6gra h\u00f6rnet). H\u00e4r finns genv\u00e4gen till \u00f6versikten av fenotypv\u00e4rden: <a href=\"https:\/\/nordic.mloy.fi\/NAVBull\/Phenotypes\/SWE\/HOL\" target=\"_blank\" rel=\"noopener\">HOL<\/a>, <a href=\"https:\/\/nordic.mloy.fi\/NAVBull\/Phenotypes\/SWE\/RDC\" target=\"_blank\" rel=\"noopener\">RDC<\/a>, <a href=\"https:\/\/nordic.mloy.fi\/NAVBull\/Phenotypes\/SWE\/JER\" target=\"_blank\" rel=\"noopener\">JER<\/a>.<\/p>\n","protected":false},"excerpt":{"rendered":"<p>P\u00e5 NAVET avelsv\u00e4rden mj\u00f6lkrastjurar\u00a0kan du se vad avelsv\u00e4rdena betyder i praktiken. Klicka p\u00e5 knappen \u201cVisa fenotypv\u00e4rden\u201d under h\u00e4rstamningen p\u00e5 tjurens egen sida med avelsv\u00e4rden f\u00f6r att se den valda tjurens f\u00f6rv\u00e4ntade effekt p\u00e5 d\u00f6ttrar uttryckt p\u00e5 den skala som egenskapen m\u00e4ts. En \u00f6versikt av fenotypv\u00e4rden (medelv\u00e4rden och v\u00e4rden per relativtalsenhet) f\u00f6r respektive ras n\u00e5s fr\u00e5n &#8230; <a title=\"Fenotypv\u00e4rden\" class=\"read-more\" href=\"https:\/\/nordicebv.info\/sv\/fenotypvarden\/\" aria-label=\"L\u00e4s mer om Fenotypv\u00e4rden\">L\u00e4s mer<\/a><\/p>\n","protected":false},"author":2,"featured_media":0,"parent":0,"menu_order":0,"comment_status":"closed","ping_status":"closed","template":"","meta":{"_exactmetrics_skip_tracking":false,"_exactmetrics_sitenote_active":false,"_exactmetrics_sitenote_note":"","_exactmetrics_sitenote_category":0,"footnotes":""},"class_list":["post-8161","page","type-page","status-publish"],"aioseo_notices":[],"_links":{"self":[{"href":"https:\/\/nordicebv.info\/sv\/wp-json\/wp\/v2\/pages\/8161","targetHints":{"allow":["GET"]}}],"collection":[{"href":"https:\/\/nordicebv.info\/sv\/wp-json\/wp\/v2\/pages"}],"about":[{"href":"https:\/\/nordicebv.info\/sv\/wp-json\/wp\/v2\/types\/page"}],"author":[{"embeddable":true,"href":"https:\/\/nordicebv.info\/sv\/wp-json\/wp\/v2\/users\/2"}],"replies":[{"embeddable":true,"href":"https:\/\/nordicebv.info\/sv\/wp-json\/wp\/v2\/comments?post=8161"}],"version-history":[{"count":3,"href":"https:\/\/nordicebv.info\/sv\/wp-json\/wp\/v2\/pages\/8161\/revisions"}],"predecessor-version":[{"id":13701,"href":"https:\/\/nordicebv.info\/sv\/wp-json\/wp\/v2\/pages\/8161\/revisions\/13701"}],"wp:attachment":[{"href":"https:\/\/nordicebv.info\/sv\/wp-json\/wp\/v2\/media?parent=8161"}],"curies":[{"name":"wp","href":"https:\/\/api.w.org\/{rel}","templated":true}]}}