{"id":8125,"date":"2015-05-20T09:52:48","date_gmt":"2015-05-20T06:52:48","guid":{"rendered":"https:\/\/www.nordicebv.info\/exterior\/"},"modified":"2025-11-06T13:40:31","modified_gmt":"2025-11-06T11:40:31","slug":"exterior","status":"publish","type":"page","link":"https:\/\/nordicebv.info\/sv\/exterior\/","title":{"rendered":"Exteri\u00f6r"},"content":{"rendered":"<div class=\"grid-66 tablet-grid-66 mobile-grid-100 first-column\">\n<p>F\u00f6r exteri\u00f6r s\u00e5 v\u00e4gs de linj\u00e4ra delegenskaperna samman till delindex f\u00f6r Kroppsstorlek, Ben och Juver. Avelsv\u00e4rden publiceras f\u00f6r b\u00e5de delindexen och de ing\u00e5ende egenskaperna. Data kommer fr\u00e5n exteri\u00f6rbed\u00f6mningar fr\u00e5n officiella exteri\u00f6rbed\u00f6mare.<\/p>\n<h2>Kroppsstorlek<\/h2>\n<p>Delindexet <strong>Kroppsstorlek<\/strong> beskriver genetisk potential f\u00f6r kroppsexteri\u00f6r. H\u00f6gre avelsv\u00e4rde indikerar f\u00f6r alla raser st\u00f6rre kor.<\/p>\n<h2>Ben<\/h2>\n<p>Delindexet <strong>Ben<\/strong> beskriver genetisk potential f\u00f6r benexteri\u00f6r. H\u00f6gre avelsv\u00e4rde indikerar b\u00e4ttre benexteri\u00f6r.<\/p>\n<h2>Juver<\/h2>\n<p>Delindexet <strong>Juver<\/strong> beskriver genetisk potential f\u00f6r juverexteri\u00f6r. H\u00f6gre avelsv\u00e4rde indikerar b\u00e4ttre juverexteri\u00f6r.<\/p>\n<p>Ben och Juver ing\u00e5r i NTM.<\/p>\n<p><strong>L\u00e4s mer:<\/strong><\/p>\n<p><strong>Exteri\u00f6roptimum och vikter <\/strong>liksom <strong>Beskrivning av exteri\u00f6rbed\u00f6mning<\/strong> \u00e5terfinns som l\u00e4nkar till h\u00f6ger.<\/p>\n<p><a href=\"https:\/\/nordicebv.info\/wp-content\/uploads\/2015\/04\/Improved-NAV-breeding-values-for-conformation_SWE_final.pdf\" target=\"_blank\" rel=\"noopener noreferrer\">F\u00f6rb\u00e4ttrade NAV-avelsv\u00e4rden f\u00f6r exteri\u00f6r<\/a><\/p>\n<p>L\u00e4s mer om avelsv\u00e4rderingen i dokumentet NAVs avelsv\u00e4rdering mj\u00f6lkkor &#8211; data och modeller (p\u00e5 engelska).<\/p>\n<\/div>\n<div class=\"grid-33 tablet-grid-33 mobile-grid-100 first-column\">\n<p><strong><a href=\"https:\/\/nordic.mloy.fi\/NAVBull\/\" target=\"_blank\" rel=\"noopener\">NAVET avelsv\u00e4rden mj\u00f6lkrastjurar<\/a><\/strong><\/p>\n<p><strong><a href=\"https:\/\/nordicebv.info\/wp-content\/uploads\/2023\/09\/Conformation-manual-with-pictures-31082023.pdf\">Beskrivning av exteri\u00f6rbed\u00f6mning (ENG)<\/a><\/strong><\/p>\n<p><strong><a href=\"https:\/\/nordicebv.info\/wp-content\/uploads\/2025\/08\/Conformation_optimums_weights_SWE-2025-RDC-udder.pdf\">Exteri\u00f6roptimum och vikter<\/a><\/strong><\/p>\n<p><strong><a href=\"https:\/\/nordicebv.info\/wp-content\/uploads\/2025\/11\/NAV-routine-genetic-evaluation-November-2025.pdf\">NAVs avelsv\u00e4rdering mj\u00f6lkkor \u2013 data och modeller\u00a0<\/a> <\/strong>(p\u00e5 engelska)<\/p>\n<\/div>\n","protected":false},"excerpt":{"rendered":"<p>F\u00f6r exteri\u00f6r s\u00e5 v\u00e4gs de linj\u00e4ra delegenskaperna samman till delindex f\u00f6r Kroppsstorlek, Ben och Juver. Avelsv\u00e4rden publiceras f\u00f6r b\u00e5de delindexen och de ing\u00e5ende egenskaperna. Data kommer fr\u00e5n exteri\u00f6rbed\u00f6mningar fr\u00e5n officiella exteri\u00f6rbed\u00f6mare. Kroppsstorlek Delindexet Kroppsstorlek beskriver genetisk potential f\u00f6r kroppsexteri\u00f6r. H\u00f6gre avelsv\u00e4rde indikerar f\u00f6r alla raser st\u00f6rre kor. Ben Delindexet Ben beskriver genetisk potential f\u00f6r benexteri\u00f6r. &#8230; <a title=\"Exteri\u00f6r\" class=\"read-more\" href=\"https:\/\/nordicebv.info\/sv\/exterior\/\" aria-label=\"L\u00e4s mer om Exteri\u00f6r\">L\u00e4s mer<\/a><\/p>\n","protected":false},"author":2,"featured_media":0,"parent":0,"menu_order":0,"comment_status":"closed","ping_status":"closed","template":"","meta":{"_exactmetrics_skip_tracking":false,"_exactmetrics_sitenote_active":false,"_exactmetrics_sitenote_note":"","_exactmetrics_sitenote_category":0,"footnotes":""},"class_list":["post-8125","page","type-page","status-publish"],"aioseo_notices":[],"_links":{"self":[{"href":"https:\/\/nordicebv.info\/sv\/wp-json\/wp\/v2\/pages\/8125","targetHints":{"allow":["GET"]}}],"collection":[{"href":"https:\/\/nordicebv.info\/sv\/wp-json\/wp\/v2\/pages"}],"about":[{"href":"https:\/\/nordicebv.info\/sv\/wp-json\/wp\/v2\/types\/page"}],"author":[{"embeddable":true,"href":"https:\/\/nordicebv.info\/sv\/wp-json\/wp\/v2\/users\/2"}],"replies":[{"embeddable":true,"href":"https:\/\/nordicebv.info\/sv\/wp-json\/wp\/v2\/comments?post=8125"}],"version-history":[{"count":18,"href":"https:\/\/nordicebv.info\/sv\/wp-json\/wp\/v2\/pages\/8125\/revisions"}],"predecessor-version":[{"id":23492,"href":"https:\/\/nordicebv.info\/sv\/wp-json\/wp\/v2\/pages\/8125\/revisions\/23492"}],"wp:attachment":[{"href":"https:\/\/nordicebv.info\/sv\/wp-json\/wp\/v2\/media?parent=8125"}],"curies":[{"name":"wp","href":"https:\/\/api.w.org\/{rel}","templated":true}]}}