{"id":8109,"date":"2015-05-20T09:51:59","date_gmt":"2015-05-20T06:51:59","guid":{"rendered":"https:\/\/www.nordicebv.info\/funktionella-egenskaper\/"},"modified":"2025-11-06T13:45:04","modified_gmt":"2025-11-06T11:45:04","slug":"funktionella-egenskaper","status":"publish","type":"page","link":"https:\/\/nordicebv.info\/sv\/funktionella-egenskaper\/","title":{"rendered":"Funktionella egenskaper"},"content":{"rendered":"<div class=\"grid-66 tablet-grid-66 mobile-grid-100 first-column\">\n<h2>H\u00e4lsoegenskaper<\/h2>\n<p>Delindexet <strong>Juverh\u00e4lsa<\/strong> beskriver genetisk potential f\u00f6r juverh\u00e4lsa (mastitresistens). Informationen baseras p\u00e5 veterin\u00e4rregistreringar av klinisk mastit i de f\u00f6rsta tre laktationerna. Celltal (i de f\u00f6rsta tre laktationerna) och juverexteri\u00f6r (fr\u00e4mre juveranf\u00e4stning och juverdjup i laktation 1) anv\u00e4nds som indikatoregenskaper i NAV-modellen f\u00f6r Juverh\u00e4lsa. Avelsv\u00e4rden f\u00f6r dessa indikatoregenskaper publiceras ocks\u00e5.<\/p>\n<p>Delindexet <strong>\u00d6vrig h\u00e4lsa<\/strong> beskriver genetisk potential f\u00f6r resistens mot fruktsamhetsst\u00f6rningar, metaboliska- samt ben och kl\u00f6vsjukdomar. Informationen baseras p\u00e5 veterin\u00e4rregistreringar i de f\u00f6rsta tre laktationerna.<\/p>\n<p>Delindexet<strong> Kl\u00f6vh\u00e4lsa <\/strong>genetisk potential f\u00f6r resistens mot kl\u00f6vsjukdomar. Informationen baseras p\u00e5 kl\u00f6vh\u00e4lsoregistreringar av kl\u00f6vverkare i de f\u00f6rsta tre laktationerna. Uppgifter om sju olika kl\u00f6vsjukdomar inkluderas.<\/p>\n<p>Juverh\u00e4lsa, \u00d6vriga sjukdomar och Kl\u00f6vh\u00e4lsa ing\u00e5r alla i NTM.<\/p>\n<p><strong>L\u00e4s mer:<\/strong><\/p>\n<ul>\n<li><a href=\"https:\/\/nordicebv.info\/wp-content\/uploads\/2015\/05\/Genetic-Evaluation-of-Other-Diseases.pdf\" rel=\"noopener\">Genetic evaluation of general health<\/a><\/li>\n<li><a href=\"https:\/\/nordicebv.info\/wp-content\/uploads\/2015\/05\/Registrations-from-hoof-health_Swe_final.pdf\" rel=\"noopener\">Elektronisk kl\u00f6vh\u00e4lsoregistrering \u2013 nu \u00e4ven i Sverige och Finland<\/a><\/li>\n<li><a href=\"https:\/\/nordicebv.info\/wp-content\/uploads\/2015\/04\/Economic-value-of-claw-health.pdf\" rel=\"noopener\">Economic value of claw health<\/a><\/li>\n<li><a href=\"https:\/\/nordicebv.info\/wp-content\/uploads\/2020\/09\/NordicClawAtlas_Updated-June2020.pdf\">Nordic Claw Atlas 2020<\/a><\/li>\n<\/ul>\n<p>L\u00e4s mer om avelsv\u00e4rderingen i dokumentet NAVs avelsv\u00e4rdering mj\u00f6lkkor\u2013 data och modeller (p\u00e5 engelska).<\/p>\n<h2>Honlig fruktsamhet<\/h2>\n<p>Delindexet<strong> Honlig fruktsamhet <\/strong>genetisk potential f\u00f6r att starta eller \u00e5teruppta brunstcykling efter kalvning, att visa brunst och att bli dr\u00e4ktig vid insemination. Ett h\u00f6gre avelsv\u00e4rde indikerar b\u00e4ttre fruktsamhet. Delindexet inkluderar avelsv\u00e4rden f\u00f6r intervall fr\u00e5n f\u00f6rsta till sista inseminering (kvigor och kor), intervall fr\u00e5n kalvning till f\u00f6rsta inseminering (kor) och antal insemineringar (kvigor och kor). Oml\u00f6pningsprocent och brunststyrka anv\u00e4nds som indikatoregenskaper i NAV-modellen f\u00f6r Fruktsamhet och \u00e4ven dessa avelsv\u00e4rden publiceras. Informationen kommer fr\u00e5n seminuppgifter p\u00e5 kvigor och kor fr\u00e5n de f\u00f6rsta tre laktationerna.<\/p>\n<p>Honlig fruktsamhet ing\u00e5r i NTM.<\/p>\n<p><strong>L\u00e4s mer:<\/strong><\/p>\n<ul>\n<li><a href=\"https:\/\/nordicebv.info\/wp-content\/uploads\/2015\/04\/New-fertility-evaluation_SWE.pdf\" rel=\"noopener\">F\u00f6rb\u00e4ttrade avelsv\u00e4rden f\u00f6r fruktsamhet<\/a><\/li>\n<\/ul>\n<p>L\u00e4s mer om avelsv\u00e4rderingen i dokumentet NAVs avelsv\u00e4rdering mj\u00f6lkkor\u2013 data och modeller (p\u00e5 engelska).<\/p>\n<h2>Kalvningsegenskaper<\/h2>\n<p>Indexet <strong>Kalvningar (far) <\/strong>beskriver en kalvs genetiska potential f\u00f6r att f\u00f6das och \u00f6verleva f\u00f6rsta dygnet (direkt effekt). Inkluderar avelsv\u00e4rden f\u00f6r levandef\u00f6dda (far) och kalvningsf\u00f6rm\u00e5ga (far) baserat p\u00e5 kalvningar fr\u00e5n de f\u00f6rsta fem laktationerna.<\/p>\n<p>Indexet <strong>Kalvningar (maternell) <\/strong>beskriver genetisk potential f\u00f6r att kalva och f\u00e5 kalvar som \u00f6verlever f\u00f6rsta dygnet (maternell effekt). Inkluderar avelsv\u00e4rden f\u00f6r levandef\u00f6dda (maternell) och kalvningsf\u00f6rm\u00e5ga (maternell) baserat p\u00e5 kalvningar fr\u00e5n de f\u00f6rsta fem laktationerna.<\/p>\n<p>B\u00e5de Kalvningar (far) och Kalvningar (maternell) ing\u00e5r i NTM.<\/p>\n<p>L\u00e4s mer om avelsv\u00e4rderingen i dokumentet NAVs avelsv\u00e4rdering mj\u00f6lkkor\u2013 data och modeller (p\u00e5 engelska).<\/p>\n<h2>\u00d6verlevnad<\/h2>\n<p>Delindexet <strong>\u00d6verlevnad<\/strong> beskriver kornas genetiska potential f\u00f6r produktiv livsl\u00e4ngd. Indexet baseras p\u00e5 avelsv\u00e4rdet f\u00f6r tiden fr\u00e5n f\u00f6rsta kalvning till slutet av tredje laktation. Avelsv\u00e4rden f\u00f6r andra tidsperioder inkluderas som indikatoregenskaper i NAV-modellen f\u00f6r \u00f6verlevnad. Uppgifter kommer fr\u00e5n kodatabasen.<\/p>\n<p>\u00d6verlevnad ing\u00e5r i NTM.<\/p>\n<p>Delindexet <strong>Ungdjurs\u00f6verlevnad <\/strong>beskriver genetisk potential f\u00f6r ungdjurs\u00f6verlevnad upp till 15 m\u00e5naders \u00e5lder f\u00f6r kvigkalvar och upp till 6 m\u00e5naders \u00e5lder f\u00f6r tjurkalvar.<\/p>\n<p><strong>L\u00e4s mer:<\/strong><\/p>\n<ul>\n<li><a href=\"https:\/\/nordicebv.info\/wp-content\/uploads\/2015\/05\/Longevity-trend_EC_final_swedish.pdf\" rel=\"noopener\">Livsl\u00e4ngden hos nordiska mj\u00f6lkkor kan f\u00f6rb\u00e4ttras<\/a><\/li>\n<li><a href=\"https:\/\/nordicebv.info\/wp-content\/uploads\/2015\/04\/Breeding-for-stronger-youngstock_SWE_homepage.pdf\" rel=\"noopener\">M\u00f6jligt att avla f\u00f6r mer livskraftiga ungdjur<\/a><\/li>\n<li><a href=\"https:\/\/nordicebv.info\/wp-content\/uploads\/2015\/04\/CalfSurvivalFinalReport.pdf\" rel=\"noopener\">NAV evaluation for calf survival &#8211; Final report<\/a><\/li>\n<\/ul>\n<p>L\u00e4s mer om avelsv\u00e4rderingen i dokumentet NAVs avelsv\u00e4rdering mj\u00f6lkkor\u2013 data och modeller (p\u00e5 engelska).<\/p>\n<h2>Mj\u00f6lkbarhet<\/h2>\n<p>Delindexet <strong>Mj\u00f6lkbarhet<\/strong> beskriver genetisk potential f\u00f6r mj\u00f6lkbarhet (mj\u00f6lkfl\u00f6de). Ett h\u00f6gre avelsv\u00e4rde indikerar snabbare mj\u00f6lkfl\u00f6de. Indexet baseras p\u00e5 lantbrukarens bed\u00f6mning av kornas mj\u00f6lkbarhet j\u00e4mf\u00f6rt med andra kor i samma bes\u00e4ttning. \u00c4ven information fr\u00e5n elektronisk mj\u00f6lkregistrering fr\u00e5n AMS och andra mj\u00f6lkningssystem inkluderas. Om detta \u00e4r tillg\u00e4ngligt, s\u00e5 ers\u00e4tter det lantbrukarbed\u00f6mningen.<\/p>\n<p>Mj\u00f6lkbarhet ing\u00e5r i NTM.<\/p>\n<p><strong>L\u00e4s mer:<\/strong><\/p>\n<ul>\n<li><a href=\"https:\/\/nordicebv.info\/wp-content\/uploads\/2015\/05\/More-data-in-breeding-value-for-milking-speed_SWE.pdf\" rel=\"noopener\">F\u00f6rb\u00e4ttrat avelsv\u00e4rde f\u00f6r mj\u00f6lkbarhet<\/a><\/li>\n<\/ul>\n<p>L\u00e4s mer om avelsv\u00e4rderingen i dokumentet NAVs avelsv\u00e4rdering mj\u00f6lkkor\u2013 data och modeller (p\u00e5 engelska).<\/p>\n<h2>Lynne<\/h2>\n<p>Delindexet<strong> Lynne<\/strong> beskriver genetisk potential f\u00f6r lynne. Det baseras p\u00e5 lantbrukarens bed\u00f6mning av kornas lynne j\u00e4mf\u00f6rt med andra kor i samma bes\u00e4ttning.<\/p>\n<p>Lynne ing\u00e5r i NTM.<\/p>\n<p>L\u00e4s mer om avelsv\u00e4rderingen i dokumentet NAVs avelsv\u00e4rdering mj\u00f6lkkor\u2013 data och modeller (p\u00e5 engelska).<\/p>\n<\/div>\n<div class=\"grid-33 tablet-grid-33 mobile-grid-100 first-column\">\n<p><strong><a href=\"https:\/\/nordic.mloy.fi\/NAVBull\/\" target=\"_blank\" rel=\"noopener\">NAVET avelsv\u00e4rden mj\u00f6lkrastjurar<\/a><\/strong><\/p>\n<p><strong><a href=\"https:\/\/nordicebv.info\/wp-content\/uploads\/2025\/11\/NAV-routine-genetic-evaluation-November-2025.pdf\">NAVs avelsv\u00e4rdering mj\u00f6lkkor \u2013 data och modeller<\/a>\u00a0<\/strong>(p\u00e5 engelska)<\/p>\n<\/div>\n","protected":false},"excerpt":{"rendered":"<p>H\u00e4lsoegenskaper Delindexet Juverh\u00e4lsa beskriver genetisk potential f\u00f6r juverh\u00e4lsa (mastitresistens). Informationen baseras p\u00e5 veterin\u00e4rregistreringar av klinisk mastit i de f\u00f6rsta tre laktationerna. Celltal (i de f\u00f6rsta tre laktationerna) och juverexteri\u00f6r (fr\u00e4mre juveranf\u00e4stning och juverdjup i laktation 1) anv\u00e4nds som indikatoregenskaper i NAV-modellen f\u00f6r Juverh\u00e4lsa. Avelsv\u00e4rden f\u00f6r dessa indikatoregenskaper publiceras ocks\u00e5. Delindexet \u00d6vrig h\u00e4lsa beskriver genetisk potential &#8230; <a title=\"Funktionella egenskaper\" class=\"read-more\" href=\"https:\/\/nordicebv.info\/sv\/funktionella-egenskaper\/\" aria-label=\"L\u00e4s mer om Funktionella egenskaper\">L\u00e4s mer<\/a><\/p>\n","protected":false},"author":2,"featured_media":0,"parent":0,"menu_order":0,"comment_status":"closed","ping_status":"closed","template":"","meta":{"_exactmetrics_skip_tracking":false,"_exactmetrics_sitenote_active":false,"_exactmetrics_sitenote_note":"","_exactmetrics_sitenote_category":0,"footnotes":""},"class_list":["post-8109","page","type-page","status-publish"],"aioseo_notices":[],"_links":{"self":[{"href":"https:\/\/nordicebv.info\/sv\/wp-json\/wp\/v2\/pages\/8109","targetHints":{"allow":["GET"]}}],"collection":[{"href":"https:\/\/nordicebv.info\/sv\/wp-json\/wp\/v2\/pages"}],"about":[{"href":"https:\/\/nordicebv.info\/sv\/wp-json\/wp\/v2\/types\/page"}],"author":[{"embeddable":true,"href":"https:\/\/nordicebv.info\/sv\/wp-json\/wp\/v2\/users\/2"}],"replies":[{"embeddable":true,"href":"https:\/\/nordicebv.info\/sv\/wp-json\/wp\/v2\/comments?post=8109"}],"version-history":[{"count":15,"href":"https:\/\/nordicebv.info\/sv\/wp-json\/wp\/v2\/pages\/8109\/revisions"}],"predecessor-version":[{"id":23522,"href":"https:\/\/nordicebv.info\/sv\/wp-json\/wp\/v2\/pages\/8109\/revisions\/23522"}],"wp:attachment":[{"href":"https:\/\/nordicebv.info\/sv\/wp-json\/wp\/v2\/media?parent=8109"}],"curies":[{"name":"wp","href":"https:\/\/api.w.org\/{rel}","templated":true}]}}