{"id":8095,"date":"2015-05-20T09:51:14","date_gmt":"2015-05-20T06:51:14","guid":{"rendered":"https:\/\/www.nordicebv.info\/produktion\/"},"modified":"2025-11-06T13:51:38","modified_gmt":"2025-11-06T11:51:38","slug":"produktion","status":"publish","type":"page","link":"https:\/\/nordicebv.info\/sv\/produktion\/","title":{"rendered":"Produktion"},"content":{"rendered":"<div class=\"grid-66 tablet-grid-66 mobile-grid-100 first-column\">\n<h2>Avkastningsindex<\/h2>\n<p>Delindexet <strong>Avkastningsindex<\/strong> beskriver genetisk potential f\u00f6r att producera mj\u00f6lk, fett och protein. Det inkluderar avelsv\u00e4rden f\u00f6r mj\u00f6lk, fett och protein baserat p\u00e5 kilogram mj\u00f6lk samt fett och protein (fr\u00e5n kg mj\u00f6lk och procent fett och protein) i de f\u00f6rsta tre laktationerna i kokontrollen.<\/p>\n<p>M\u00e5let \u00e4r att producera en mj\u00f6lkr\u00e5vara som motsvarar mejeriernas betalningssystem. Till f\u00f6ljd av detta \u00e4r det en positiv vikt p\u00e5 kilogram protein och fett och en negativ vikt p\u00e5 kilogram mj\u00f6lk f\u00f6r alla raser. Den exakta vikningen varierar dock n\u00e5got mellan raserna.<\/p>\n<p>Avkastningsindexet ing\u00e5r i NTM. Ut\u00f6ver dessa avelsv\u00e4rden s\u00e5 ber\u00e4knas och publiceras avelsv\u00e4rden f\u00f6r proteinhalt och fetthalt samt laktationskurvans form.<\/p>\n<p><strong>L\u00e4s mer<\/strong> om avelsv\u00e4rderingen i dokumentet NAVs avelsv\u00e4rdering mj\u00f6lkkor\u2013 data och modeller (p\u00e5 engelska).<\/p>\n<h2>Tillv\u00e4xt<\/h2>\n<p>Delindexet <strong>Tillv\u00e4xt <\/strong>beskriver genetisk potential f\u00f6r slaktkroppstillv\u00e4xt och formklass. Avelsv\u00e4rdena baseras p\u00e5 slaktkroppsvikt och formklass (EUROP-skalan) vid slakt fr\u00e5n tjurkalvar uppf\u00f6dda med kort och intensiv eller l\u00e4ngre och extensivare uppf\u00f6dningsperiod.<\/p>\n<p>Tillv\u00e4xt ing\u00e5r i NTM.<\/p>\n<p><strong>L\u00e4s mer<\/strong> om avelsv\u00e4rderingen i dokumentet NAVs avelsv\u00e4rdering mj\u00f6lkkor\u2013 data och modeller (p\u00e5 engelska).<\/p>\n<\/div>\n<div class=\"grid-33 tablet-grid-33 mobile-grid-100 first-column\">\n<p><strong><a href=\"https:\/\/nordic.mloy.fi\/navbull\" target=\"_blank\" rel=\"noopener noreferrer\">NAVET avelsv\u00e4rden mj\u00f6lkrastjurar<\/a><\/strong><\/p>\n<p><strong><a href=\"https:\/\/nordicebv.info\/wp-content\/uploads\/2025\/11\/NAV-routine-genetic-evaluation-November-2025.pdf\">NAVs avelsv\u00e4rdering mj\u00f6lkkor \u2013 data och modeller<\/a>\u00a0<\/strong>(p\u00e5 engelska)<\/p>\n<p><strong><a href=\"https:\/\/nordicebv.info\/wp-content\/uploads\/2018\/12\/Weight-in-yield-index-SWE.pdf\">Viktning i avkastningsindex<\/a><\/strong><\/p>\n<\/div>\n","protected":false},"excerpt":{"rendered":"<p>Avkastningsindex Delindexet Avkastningsindex beskriver genetisk potential f\u00f6r att producera mj\u00f6lk, fett och protein. Det inkluderar avelsv\u00e4rden f\u00f6r mj\u00f6lk, fett och protein baserat p\u00e5 kilogram mj\u00f6lk samt fett och protein (fr\u00e5n kg mj\u00f6lk och procent fett och protein) i de f\u00f6rsta tre laktationerna i kokontrollen. M\u00e5let \u00e4r att producera en mj\u00f6lkr\u00e5vara som motsvarar mejeriernas betalningssystem. Till &#8230; <a title=\"Produktion\" class=\"read-more\" href=\"https:\/\/nordicebv.info\/sv\/produktion\/\" aria-label=\"L\u00e4s mer om Produktion\">L\u00e4s mer<\/a><\/p>\n","protected":false},"author":2,"featured_media":0,"parent":0,"menu_order":0,"comment_status":"closed","ping_status":"closed","template":"","meta":{"_exactmetrics_skip_tracking":false,"_exactmetrics_sitenote_active":false,"_exactmetrics_sitenote_note":"","_exactmetrics_sitenote_category":0,"footnotes":""},"class_list":["post-8095","page","type-page","status-publish"],"aioseo_notices":[],"_links":{"self":[{"href":"https:\/\/nordicebv.info\/sv\/wp-json\/wp\/v2\/pages\/8095","targetHints":{"allow":["GET"]}}],"collection":[{"href":"https:\/\/nordicebv.info\/sv\/wp-json\/wp\/v2\/pages"}],"about":[{"href":"https:\/\/nordicebv.info\/sv\/wp-json\/wp\/v2\/types\/page"}],"author":[{"embeddable":true,"href":"https:\/\/nordicebv.info\/sv\/wp-json\/wp\/v2\/users\/2"}],"replies":[{"embeddable":true,"href":"https:\/\/nordicebv.info\/sv\/wp-json\/wp\/v2\/comments?post=8095"}],"version-history":[{"count":14,"href":"https:\/\/nordicebv.info\/sv\/wp-json\/wp\/v2\/pages\/8095\/revisions"}],"predecessor-version":[{"id":23544,"href":"https:\/\/nordicebv.info\/sv\/wp-json\/wp\/v2\/pages\/8095\/revisions\/23544"}],"wp:attachment":[{"href":"https:\/\/nordicebv.info\/sv\/wp-json\/wp\/v2\/media?parent=8095"}],"curies":[{"name":"wp","href":"https:\/\/api.w.org\/{rel}","templated":true}]}}