{"id":8077,"date":"2015-05-19T08:58:38","date_gmt":"2015-05-19T05:58:38","guid":{"rendered":"https:\/\/www.nordicebv.info\/rapporter\/"},"modified":"2023-10-05T15:00:05","modified_gmt":"2023-10-05T12:00:05","slug":"rapporter","status":"publish","type":"page","link":"https:\/\/nordicebv.info\/sv\/rapporter\/","title":{"rendered":"Rapporter"},"content":{"rendered":"<p>Rapporter finns p\u00e5 den engelska sidan. N\u00e5s genom att v\u00e4lja spr\u00e5k l\u00e4ngst upp till h\u00f6ger p\u00e5 sidan.<\/p>\n","protected":false},"excerpt":{"rendered":"<p>Rapporter finns p\u00e5 den engelska sidan. N\u00e5s genom att v\u00e4lja spr\u00e5k l\u00e4ngst upp till h\u00f6ger p\u00e5 sidan.<\/p>\n","protected":false},"author":2,"featured_media":0,"parent":0,"menu_order":0,"comment_status":"closed","ping_status":"closed","template":"","meta":{"_exactmetrics_skip_tracking":false,"_exactmetrics_sitenote_active":false,"_exactmetrics_sitenote_note":"","_exactmetrics_sitenote_category":0,"footnotes":""},"class_list":["post-8077","page","type-page","status-publish"],"aioseo_notices":[],"_links":{"self":[{"href":"https:\/\/nordicebv.info\/sv\/wp-json\/wp\/v2\/pages\/8077","targetHints":{"allow":["GET"]}}],"collection":[{"href":"https:\/\/nordicebv.info\/sv\/wp-json\/wp\/v2\/pages"}],"about":[{"href":"https:\/\/nordicebv.info\/sv\/wp-json\/wp\/v2\/types\/page"}],"author":[{"embeddable":true,"href":"https:\/\/nordicebv.info\/sv\/wp-json\/wp\/v2\/users\/2"}],"replies":[{"embeddable":true,"href":"https:\/\/nordicebv.info\/sv\/wp-json\/wp\/v2\/comments?post=8077"}],"version-history":[{"count":1,"href":"https:\/\/nordicebv.info\/sv\/wp-json\/wp\/v2\/pages\/8077\/revisions"}],"predecessor-version":[{"id":15945,"href":"https:\/\/nordicebv.info\/sv\/wp-json\/wp\/v2\/pages\/8077\/revisions\/15945"}],"wp:attachment":[{"href":"https:\/\/nordicebv.info\/sv\/wp-json\/wp\/v2\/media?parent=8077"}],"curies":[{"name":"wp","href":"https:\/\/api.w.org\/{rel}","templated":true}]}}