{"id":7435,"date":"2015-04-28T12:37:35","date_gmt":"2015-04-28T09:37:35","guid":{"rendered":"https:\/\/www.nordicebv.info\/presentationer\/"},"modified":"2023-10-05T14:55:16","modified_gmt":"2023-10-05T11:55:16","slug":"presentationer","status":"publish","type":"page","link":"https:\/\/nordicebv.info\/sv\/mer-info\/presentationer\/","title":{"rendered":"Presentationer"},"content":{"rendered":"<p>Presentationer finns p\u00e5 den engelska sidan. N\u00e5s genom att v\u00e4lja spr\u00e5k l\u00e4ngst upp till h\u00f6ger p\u00e5 sidan.<\/p>\n","protected":false},"excerpt":{"rendered":"<p>Presentationer finns p\u00e5 den engelska sidan. N\u00e5s genom att v\u00e4lja spr\u00e5k l\u00e4ngst upp till h\u00f6ger p\u00e5 sidan.<\/p>\n","protected":false},"author":2,"featured_media":0,"parent":7239,"menu_order":0,"comment_status":"closed","ping_status":"closed","template":"","meta":{"_exactmetrics_skip_tracking":false,"_exactmetrics_sitenote_active":false,"_exactmetrics_sitenote_note":"","_exactmetrics_sitenote_category":0,"footnotes":""},"class_list":["post-7435","page","type-page","status-publish"],"aioseo_notices":[],"_links":{"self":[{"href":"https:\/\/nordicebv.info\/sv\/wp-json\/wp\/v2\/pages\/7435","targetHints":{"allow":["GET"]}}],"collection":[{"href":"https:\/\/nordicebv.info\/sv\/wp-json\/wp\/v2\/pages"}],"about":[{"href":"https:\/\/nordicebv.info\/sv\/wp-json\/wp\/v2\/types\/page"}],"author":[{"embeddable":true,"href":"https:\/\/nordicebv.info\/sv\/wp-json\/wp\/v2\/users\/2"}],"replies":[{"embeddable":true,"href":"https:\/\/nordicebv.info\/sv\/wp-json\/wp\/v2\/comments?post=7435"}],"version-history":[{"count":1,"href":"https:\/\/nordicebv.info\/sv\/wp-json\/wp\/v2\/pages\/7435\/revisions"}],"predecessor-version":[{"id":15939,"href":"https:\/\/nordicebv.info\/sv\/wp-json\/wp\/v2\/pages\/7435\/revisions\/15939"}],"up":[{"embeddable":true,"href":"https:\/\/nordicebv.info\/sv\/wp-json\/wp\/v2\/pages\/7239"}],"wp:attachment":[{"href":"https:\/\/nordicebv.info\/sv\/wp-json\/wp\/v2\/media?parent=7435"}],"curies":[{"name":"wp","href":"https:\/\/api.w.org\/{rel}","templated":true}]}}