{"id":7427,"date":"2015-04-23T10:43:33","date_gmt":"2015-04-23T07:43:33","guid":{"rendered":"https:\/\/www.nordicebv.info\/teknisk-grupp\/"},"modified":"2026-03-06T11:25:26","modified_gmt":"2026-03-06T09:25:26","slug":"teknisk-grupp","status":"publish","type":"page","link":"https:\/\/nordicebv.info\/sv\/om-nav\/teknisk-grupp\/","title":{"rendered":"Teknisk grupp"},"content":{"rendered":"<p>NAVs tekniska grupp planerar, koordinerar och utvecklar avelsv\u00e4rderingen.<\/p>\n<p><strong>Medlemmar:<\/strong><\/p>\n<p>Kevin Byskov<br \/>\nSeges Innovation, Agro Food Park 15, Skejby, DK-8200 \u00c5rhus N<br \/>\nTlf.: +45 2662 1307<br \/>\ne-mail: kvb@seges.dk<\/p>\n<p>Elisenda Rius-Vilarrasa<br \/>\nV\u00e4xa Sverige, Box 288, S-75105 Uppsala<br \/>\ne-mail: elisenda.rius-vilarrasa@vxa.se<\/p>\n<p>Jukka P\u00f6s\u00f6<br \/>\nFaba co-op P.O. Box 40, FIN-01301 Vantaa<br \/>\nTlf: +358 400 614035<br \/>\ne-mail: jukka.poso@faba.fi<\/p>\n","protected":false},"excerpt":{"rendered":"<p>NAVs tekniska grupp planerar, koordinerar och utvecklar avelsv\u00e4rderingen. Medlemmar: Kevin Byskov Seges Innovation, Agro Food Park 15, Skejby, DK-8200 \u00c5rhus N Tlf.: +45 2662 1307 e-mail: kvb@seges.dk Elisenda Rius-Vilarrasa V\u00e4xa Sverige, Box 288, S-75105 Uppsala e-mail: elisenda.rius-vilarrasa@vxa.se Jukka P\u00f6s\u00f6 Faba co-op P.O. Box 40, FIN-01301 Vantaa Tlf: +358 400 614035 e-mail: jukka.poso@faba.fi<\/p>\n","protected":false},"author":6,"featured_media":0,"parent":7207,"menu_order":0,"comment_status":"closed","ping_status":"closed","template":"","meta":{"_exactmetrics_skip_tracking":false,"_exactmetrics_sitenote_active":false,"_exactmetrics_sitenote_note":"","_exactmetrics_sitenote_category":0,"footnotes":""},"class_list":["post-7427","page","type-page","status-publish"],"aioseo_notices":[],"_links":{"self":[{"href":"https:\/\/nordicebv.info\/sv\/wp-json\/wp\/v2\/pages\/7427","targetHints":{"allow":["GET"]}}],"collection":[{"href":"https:\/\/nordicebv.info\/sv\/wp-json\/wp\/v2\/pages"}],"about":[{"href":"https:\/\/nordicebv.info\/sv\/wp-json\/wp\/v2\/types\/page"}],"author":[{"embeddable":true,"href":"https:\/\/nordicebv.info\/sv\/wp-json\/wp\/v2\/users\/6"}],"replies":[{"embeddable":true,"href":"https:\/\/nordicebv.info\/sv\/wp-json\/wp\/v2\/comments?post=7427"}],"version-history":[{"count":6,"href":"https:\/\/nordicebv.info\/sv\/wp-json\/wp\/v2\/pages\/7427\/revisions"}],"predecessor-version":[{"id":24513,"href":"https:\/\/nordicebv.info\/sv\/wp-json\/wp\/v2\/pages\/7427\/revisions\/24513"}],"up":[{"embeddable":true,"href":"https:\/\/nordicebv.info\/sv\/wp-json\/wp\/v2\/pages\/7207"}],"wp:attachment":[{"href":"https:\/\/nordicebv.info\/sv\/wp-json\/wp\/v2\/media?parent=7427"}],"curies":[{"name":"wp","href":"https:\/\/api.w.org\/{rel}","templated":true}]}}