{"id":7423,"date":"2015-04-23T10:42:56","date_gmt":"2015-04-23T07:42:56","guid":{"rendered":"https:\/\/www.nordicebv.info\/styrelse\/"},"modified":"2025-09-10T13:31:20","modified_gmt":"2025-09-10T10:31:20","slug":"styrelse","status":"publish","type":"page","link":"https:\/\/nordicebv.info\/sv\/om-nav\/styrelse\/","title":{"rendered":"Styrelse"},"content":{"rendered":"<p>NAV styrelse har 6 medlemmar. De representerar b\u00f6nder och \u00e4garf\u00f6reningar fr\u00e5n Danmark, Finland och Sverige.<\/p>\n<p><strong>Ordf\u00f6rande:<\/strong><\/p>\n<p>Anders Levring<br \/>\n\u00c5sbjergvej 17, DK \u2013 8585 Glesborg<br \/>\nTlf.: +45 86 31 78 14<br \/>\nMobil: +45 40 71 78 14<br \/>\ne-post: <a href=\"mailto:hagenbjerg@gmail.com\">hagenbjerg@gmail.com<\/a><\/p>\n<p><strong>Vice-ordf\u00f6rande:<\/strong><\/p>\n<p>Anna Samuelsson<br \/>\n\u00d6 Kalset V\u00e4sterg\u00e5rd 1, 333 93 Skeppshult<br \/>\nMobil: +46 707 45 09 47<br \/>\ne-post: <a href=\"mailto:anna.samuelsson@vxa.se\">anna.samuelsson@vxa.se<\/a><\/p>\n<p><strong>\u00d6vriga styrelsemedlemmar:<\/strong><\/p>\n<p>Anna Lappalainen<br \/>\nToivalantie 44 SF-70900 Toivala, Finland<br \/>\nTlf.: +358 17 465 1027<br \/>\nMobil: +358 40 522 3140<br \/>\ne-post: anna.lappalainen@dnainternet.net<\/p>\n<p>Fredrik von Unge<br \/>\nV\u00e4xa Sverige, Box 30204 , 104 25 Stockholm<br \/>\nTlf.: +46 (0)104 71 06 65<br \/>\nMobil: +46 (0)702 98 11 95<br \/>\ne-post: <a href=\"mailto:Fredrik.VonUnge@vxa.se\">fredrik.vonunge@vxa.se<\/a><\/p>\n<p>Ilkka Pohjamo<br \/>\nFaba co-op<br \/>\nP.O.Box 40, FIN-01301 Vantaa, Finland<br \/>\nMobil: +358 50 398 4326<br \/>\ne-post: ilkka.pohjamo@faba.fi<\/p>\n<p>Ida M.L.D. Storm<br \/>\nLandbrug &amp; F\u00f8devarer F.m.b.A. Agro Food Park 15, DK 8200 Aarhus N<br \/>\nMobil: +45 5167 1558<br \/>\ne-post: ims@ls.dk<\/p>\n<p>&nbsp;<\/p>\n","protected":false},"excerpt":{"rendered":"<p>NAV styrelse har 6 medlemmar. De representerar b\u00f6nder och \u00e4garf\u00f6reningar fr\u00e5n Danmark, Finland och Sverige. Ordf\u00f6rande: Anders Levring \u00c5sbjergvej 17, DK \u2013 8585 Glesborg Tlf.: +45 86 31 78 14 Mobil: +45 40 71 78 14 e-post: hagenbjerg@gmail.com Vice-ordf\u00f6rande: Anna Samuelsson \u00d6 Kalset V\u00e4sterg\u00e5rd 1, 333 93 Skeppshult Mobil: +46 707 45 09 47 e-post: &#8230; <a title=\"Styrelse\" class=\"read-more\" href=\"https:\/\/nordicebv.info\/sv\/om-nav\/styrelse\/\" aria-label=\"L\u00e4s mer om Styrelse\">L\u00e4s mer<\/a><\/p>\n","protected":false},"author":6,"featured_media":0,"parent":7207,"menu_order":0,"comment_status":"closed","ping_status":"closed","template":"","meta":{"_exactmetrics_skip_tracking":false,"_exactmetrics_sitenote_active":false,"_exactmetrics_sitenote_note":"","_exactmetrics_sitenote_category":0,"footnotes":""},"class_list":["post-7423","page","type-page","status-publish"],"aioseo_notices":[],"_links":{"self":[{"href":"https:\/\/nordicebv.info\/sv\/wp-json\/wp\/v2\/pages\/7423","targetHints":{"allow":["GET"]}}],"collection":[{"href":"https:\/\/nordicebv.info\/sv\/wp-json\/wp\/v2\/pages"}],"about":[{"href":"https:\/\/nordicebv.info\/sv\/wp-json\/wp\/v2\/types\/page"}],"author":[{"embeddable":true,"href":"https:\/\/nordicebv.info\/sv\/wp-json\/wp\/v2\/users\/6"}],"replies":[{"embeddable":true,"href":"https:\/\/nordicebv.info\/sv\/wp-json\/wp\/v2\/comments?post=7423"}],"version-history":[{"count":12,"href":"https:\/\/nordicebv.info\/sv\/wp-json\/wp\/v2\/pages\/7423\/revisions"}],"predecessor-version":[{"id":22254,"href":"https:\/\/nordicebv.info\/sv\/wp-json\/wp\/v2\/pages\/7423\/revisions\/22254"}],"up":[{"embeddable":true,"href":"https:\/\/nordicebv.info\/sv\/wp-json\/wp\/v2\/pages\/7207"}],"wp:attachment":[{"href":"https:\/\/nordicebv.info\/sv\/wp-json\/wp\/v2\/media?parent=7423"}],"curies":[{"name":"wp","href":"https:\/\/api.w.org\/{rel}","templated":true}]}}