{"id":7419,"date":"2015-04-15T11:05:47","date_gmt":"2015-04-15T08:05:47","guid":{"rendered":"https:\/\/www.nordicebv.info\/nordiska-mjolkkor\/"},"modified":"2024-04-23T14:58:25","modified_gmt":"2024-04-23T11:58:25","slug":"nordiska-mjolkkor","status":"publish","type":"page","link":"https:\/\/nordicebv.info\/sv\/nordiska-mjolkkor\/","title":{"rendered":"Nordiska mj\u00f6lkkor"},"content":{"rendered":"<p>NAV ber\u00e4knar gemensamma avelsv\u00e4rden f\u00f6r mj\u00f6lkkor av de st\u00f6rsta raserna i kokontroll i Danmark, Finland och Sverige.<\/p>\n<p><strong>Nordiska r\u00f6da raser<\/strong><br \/>\nV\u00e5ra tre nordiska l\u00e4nder har den st\u00f6rsta populationen av r\u00f6da kor i v\u00e4rlden, omkring 125 000 kor i kokontroll best\u00e5ende av Finsk Ayrshire (57 000), SRB (55 000) och RDM (23 000).<\/p>\n<p><strong>Holstein<\/strong><br \/>\nHolstein \u00e4r den till antalet st\u00f6rsta mj\u00f6lkkorasen i v\u00e4rlden och \u00e4ven i de nordiska l\u00e4nderna. Danmark har 340 000, Sverige 104 000 och Finland 94 000 Holsteinkor i kokontroll vilket summerar till omkring 538 000 kor.<\/p>\n<p><strong>Jersey<\/strong><br \/>\nDet finns omkring 2 000 Jerseykor i kokontroll i Sverige och 1 000 i Finland, medan den klart st\u00f6rsta populationen i Norden finns I Danmark med cirka 72 000 kor i kokontroll.<\/p>\n<p>Ut\u00f6ver de vanligaste raserna som inkluderas i NAV avelsv\u00e4rdering s\u00e5 finns det ett antal \u00f6vriga mj\u00f6lkkorraser i de olika l\u00e4nderna.<\/p>\n","protected":false},"excerpt":{"rendered":"<p>NAV ber\u00e4knar gemensamma avelsv\u00e4rden f\u00f6r mj\u00f6lkkor av de st\u00f6rsta raserna i kokontroll i Danmark, Finland och Sverige. Nordiska r\u00f6da raser V\u00e5ra tre nordiska l\u00e4nder har den st\u00f6rsta populationen av r\u00f6da kor i v\u00e4rlden, omkring 125 000 kor i kokontroll best\u00e5ende av Finsk Ayrshire (57 000), SRB (55 000) och RDM (23 000). Holstein Holstein \u00e4r &#8230; <a title=\"Nordiska mj\u00f6lkkor\" class=\"read-more\" href=\"https:\/\/nordicebv.info\/sv\/nordiska-mjolkkor\/\" aria-label=\"L\u00e4s mer om Nordiska mj\u00f6lkkor\">L\u00e4s mer<\/a><\/p>\n","protected":false},"author":6,"featured_media":0,"parent":0,"menu_order":0,"comment_status":"closed","ping_status":"closed","template":"","meta":{"_exactmetrics_skip_tracking":false,"_exactmetrics_sitenote_active":false,"_exactmetrics_sitenote_note":"","_exactmetrics_sitenote_category":0,"footnotes":""},"class_list":["post-7419","page","type-page","status-publish"],"aioseo_notices":[],"_links":{"self":[{"href":"https:\/\/nordicebv.info\/sv\/wp-json\/wp\/v2\/pages\/7419","targetHints":{"allow":["GET"]}}],"collection":[{"href":"https:\/\/nordicebv.info\/sv\/wp-json\/wp\/v2\/pages"}],"about":[{"href":"https:\/\/nordicebv.info\/sv\/wp-json\/wp\/v2\/types\/page"}],"author":[{"embeddable":true,"href":"https:\/\/nordicebv.info\/sv\/wp-json\/wp\/v2\/users\/6"}],"replies":[{"embeddable":true,"href":"https:\/\/nordicebv.info\/sv\/wp-json\/wp\/v2\/comments?post=7419"}],"version-history":[{"count":4,"href":"https:\/\/nordicebv.info\/sv\/wp-json\/wp\/v2\/pages\/7419\/revisions"}],"predecessor-version":[{"id":16869,"href":"https:\/\/nordicebv.info\/sv\/wp-json\/wp\/v2\/pages\/7419\/revisions\/16869"}],"wp:attachment":[{"href":"https:\/\/nordicebv.info\/sv\/wp-json\/wp\/v2\/media?parent=7419"}],"curies":[{"name":"wp","href":"https:\/\/api.w.org\/{rel}","templated":true}]}}