{"id":7243,"date":"2015-04-15T11:05:09","date_gmt":"2015-04-15T08:05:09","guid":{"rendered":"https:\/\/www.nordicebv.info\/vetenskapliga-artiklar\/"},"modified":"2023-10-05T14:58:04","modified_gmt":"2023-10-05T11:58:04","slug":"vetenskapliga-artiklar","status":"publish","type":"page","link":"https:\/\/nordicebv.info\/sv\/mer-info\/vetenskapliga-artiklar\/","title":{"rendered":"Vetenskapliga artiklar"},"content":{"rendered":"<p>Vetenskapliga artiklar finns p\u00e5 den engelska sidan. N\u00e5s genom att v\u00e4lja spr\u00e5k l\u00e4ngst upp till h\u00f6ger p\u00e5 sidan.<\/p>\n","protected":false},"excerpt":{"rendered":"<p>Vetenskapliga artiklar finns p\u00e5 den engelska sidan. N\u00e5s genom att v\u00e4lja spr\u00e5k l\u00e4ngst upp till h\u00f6ger p\u00e5 sidan.<\/p>\n","protected":false},"author":6,"featured_media":0,"parent":7239,"menu_order":0,"comment_status":"closed","ping_status":"closed","template":"","meta":{"_exactmetrics_skip_tracking":false,"_exactmetrics_sitenote_active":false,"_exactmetrics_sitenote_note":"","_exactmetrics_sitenote_category":0,"footnotes":""},"class_list":["post-7243","page","type-page","status-publish"],"aioseo_notices":[],"_links":{"self":[{"href":"https:\/\/nordicebv.info\/sv\/wp-json\/wp\/v2\/pages\/7243","targetHints":{"allow":["GET"]}}],"collection":[{"href":"https:\/\/nordicebv.info\/sv\/wp-json\/wp\/v2\/pages"}],"about":[{"href":"https:\/\/nordicebv.info\/sv\/wp-json\/wp\/v2\/types\/page"}],"author":[{"embeddable":true,"href":"https:\/\/nordicebv.info\/sv\/wp-json\/wp\/v2\/users\/6"}],"replies":[{"embeddable":true,"href":"https:\/\/nordicebv.info\/sv\/wp-json\/wp\/v2\/comments?post=7243"}],"version-history":[{"count":1,"href":"https:\/\/nordicebv.info\/sv\/wp-json\/wp\/v2\/pages\/7243\/revisions"}],"predecessor-version":[{"id":15943,"href":"https:\/\/nordicebv.info\/sv\/wp-json\/wp\/v2\/pages\/7243\/revisions\/15943"}],"up":[{"embeddable":true,"href":"https:\/\/nordicebv.info\/sv\/wp-json\/wp\/v2\/pages\/7239"}],"wp:attachment":[{"href":"https:\/\/nordicebv.info\/sv\/wp-json\/wp\/v2\/media?parent=7243"}],"curies":[{"name":"wp","href":"https:\/\/api.w.org\/{rel}","templated":true}]}}