{"id":7233,"date":"2015-04-15T11:04:14","date_gmt":"2015-04-15T08:04:14","guid":{"rendered":"https:\/\/www.nordicebv.info\/genetiska-trender\/"},"modified":"2020-09-30T08:27:49","modified_gmt":"2020-09-30T05:27:49","slug":"genetiska-trender","status":"publish","type":"page","link":"https:\/\/nordicebv.info\/sv\/ntm-och-avelsvarden\/genetiska-trender\/","title":{"rendered":"Genetiska trender"},"content":{"rendered":"<p>P\u00e5 <strong><a href=\"https:\/\/nordic.mloy.fi\/NAVTrends\" target=\"_blank\" rel=\"noopener noreferrer\">NAV trender &#8211; mj\u00f6lkras<\/a><\/strong> s\u00e5 visas genetiska trender (medelavelv\u00e4rden per f\u00f6delse\u00e5r) f\u00f6r de nordiska mj\u00f6lkkoraserna som avelv\u00e4rderas i NAV. \u00a0H\u00e4r illustrerar olika grafer genetiska trender f\u00f6r NTM och delindexen. Man kan v\u00e4lja att kolla p\u00e5 trenden f\u00f6r olika populationer\/raser, k\u00f6n och uppdelat per land eller totalt f\u00f6r de tre nordiska l\u00e4nderna (DFS \u2013 Danmark, Finland och Sverige).<\/p>\n","protected":false},"excerpt":{"rendered":"<p>P\u00e5 NAV trender &#8211; mj\u00f6lkras s\u00e5 visas genetiska trender (medelavelv\u00e4rden per f\u00f6delse\u00e5r) f\u00f6r de nordiska mj\u00f6lkkoraserna som avelv\u00e4rderas i NAV. \u00a0H\u00e4r illustrerar olika grafer genetiska trender f\u00f6r NTM och delindexen. Man kan v\u00e4lja att kolla p\u00e5 trenden f\u00f6r olika populationer\/raser, k\u00f6n och uppdelat per land eller totalt f\u00f6r de tre nordiska l\u00e4nderna (DFS \u2013 Danmark, &#8230; <a title=\"Genetiska trender\" class=\"read-more\" href=\"https:\/\/nordicebv.info\/sv\/ntm-och-avelsvarden\/genetiska-trender\/\" aria-label=\"L\u00e4s mer om Genetiska trender\">L\u00e4s mer<\/a><\/p>\n","protected":false},"author":6,"featured_media":0,"parent":7219,"menu_order":0,"comment_status":"closed","ping_status":"closed","template":"","meta":{"_exactmetrics_skip_tracking":false,"_exactmetrics_sitenote_active":false,"_exactmetrics_sitenote_note":"","_exactmetrics_sitenote_category":0,"footnotes":""},"class_list":["post-7233","page","type-page","status-publish"],"aioseo_notices":[],"_links":{"self":[{"href":"https:\/\/nordicebv.info\/sv\/wp-json\/wp\/v2\/pages\/7233","targetHints":{"allow":["GET"]}}],"collection":[{"href":"https:\/\/nordicebv.info\/sv\/wp-json\/wp\/v2\/pages"}],"about":[{"href":"https:\/\/nordicebv.info\/sv\/wp-json\/wp\/v2\/types\/page"}],"author":[{"embeddable":true,"href":"https:\/\/nordicebv.info\/sv\/wp-json\/wp\/v2\/users\/6"}],"replies":[{"embeddable":true,"href":"https:\/\/nordicebv.info\/sv\/wp-json\/wp\/v2\/comments?post=7233"}],"version-history":[{"count":1,"href":"https:\/\/nordicebv.info\/sv\/wp-json\/wp\/v2\/pages\/7233\/revisions"}],"predecessor-version":[{"id":11639,"href":"https:\/\/nordicebv.info\/sv\/wp-json\/wp\/v2\/pages\/7233\/revisions\/11639"}],"up":[{"embeddable":true,"href":"https:\/\/nordicebv.info\/sv\/wp-json\/wp\/v2\/pages\/7219"}],"wp:attachment":[{"href":"https:\/\/nordicebv.info\/sv\/wp-json\/wp\/v2\/media?parent=7233"}],"curies":[{"name":"wp","href":"https:\/\/api.w.org\/{rel}","templated":true}]}}