{"id":7207,"date":"2015-04-14T11:45:29","date_gmt":"2015-04-14T08:45:29","guid":{"rendered":"https:\/\/www.nordicebv.info\/om-nav\/"},"modified":"2024-08-05T09:42:34","modified_gmt":"2024-08-05T06:42:34","slug":"om-nav","status":"publish","type":"page","link":"https:\/\/nordicebv.info\/sv\/om-nav\/","title":{"rendered":"Om NAV"},"content":{"rendered":"<p>Uppdraget f\u00f6r Nordisk Avelsv\u00e4rdering (NAV) \u00e4r att utf\u00f6ra gemensam avelsv\u00e4rdering av mj\u00f6lkkor och k\u00f6ttdjur i Danmark, Finland och Sverige till f\u00f6rdel f\u00f6r b\u00f6nder i dessa l\u00e4nder.<\/p>\n<p>Organisation:<\/p>\n<p><a href=\"https:\/\/nordicebv.info\/wp-content\/uploads\/2015\/04\/NAV-organization-chart-2_SWE.jpg\"><img loading=\"lazy\" decoding=\"async\" class=\"aligncenter wp-image-7210 size-full\" src=\"https:\/\/nordicebv.info\/wp-content\/uploads\/2015\/04\/NAV-organization-chart-2_SWE.jpg\" alt=\"NAV organization chart 2_SWE\" width=\"576\" height=\"337\" srcset=\"https:\/\/nordicebv.info\/wp-content\/uploads\/2015\/04\/NAV-organization-chart-2_SWE.jpg 576w, https:\/\/nordicebv.info\/wp-content\/uploads\/2015\/04\/NAV-organization-chart-2_SWE-300x176.jpg 300w\" sizes=\"auto, (max-width: 576px) 100vw, 576px\" \/><\/a><\/p>\n<p>NAV etablerades 2002 och allt sedan dess har rutinavelsv\u00e4rdering f\u00f6r olika egenskaper tillkommit. Det gemensamma totalindexet\u00a0<a href=\"https:\/\/www.nordicebv.info\/sv\/ntm\/\">Nordic Total Merit (NTM)<\/a>\u00a0introducerades 2008.<\/p>\n<p>NAV \u00e4gs av <a href=\"https:\/\/lf.dk\/\" target=\"_blank\" rel=\"noopener\">Landbrug &amp; F\u00f8devarer<\/a>,\u00a0<a href=\"http:\/\/www.faba.fi\/\" target=\"_blank\" rel=\"noopener\">Faba<\/a>\u00a0och\u00a0<a href=\"http:\/\/www.vxa.se\/\" target=\"_blank\" rel=\"noopener\">V\u00e4xa Sverige<\/a>.<\/p>\n","protected":false},"excerpt":{"rendered":"<p>Uppdraget f\u00f6r Nordisk Avelsv\u00e4rdering (NAV) \u00e4r att utf\u00f6ra gemensam avelsv\u00e4rdering av mj\u00f6lkkor och k\u00f6ttdjur i Danmark, Finland och Sverige till f\u00f6rdel f\u00f6r b\u00f6nder i dessa l\u00e4nder. Organisation: NAV etablerades 2002 och allt sedan dess har rutinavelsv\u00e4rdering f\u00f6r olika egenskaper tillkommit. Det gemensamma totalindexet\u00a0Nordic Total Merit (NTM)\u00a0introducerades 2008. NAV \u00e4gs av Landbrug &amp; F\u00f8devarer,\u00a0Faba\u00a0och\u00a0V\u00e4xa Sverige.<\/p>\n","protected":false},"author":6,"featured_media":0,"parent":0,"menu_order":1,"comment_status":"closed","ping_status":"closed","template":"","meta":{"_exactmetrics_skip_tracking":false,"_exactmetrics_sitenote_active":false,"_exactmetrics_sitenote_note":"","_exactmetrics_sitenote_category":0,"footnotes":""},"class_list":["post-7207","page","type-page","status-publish"],"aioseo_notices":[],"_links":{"self":[{"href":"https:\/\/nordicebv.info\/sv\/wp-json\/wp\/v2\/pages\/7207","targetHints":{"allow":["GET"]}}],"collection":[{"href":"https:\/\/nordicebv.info\/sv\/wp-json\/wp\/v2\/pages"}],"about":[{"href":"https:\/\/nordicebv.info\/sv\/wp-json\/wp\/v2\/types\/page"}],"author":[{"embeddable":true,"href":"https:\/\/nordicebv.info\/sv\/wp-json\/wp\/v2\/users\/6"}],"replies":[{"embeddable":true,"href":"https:\/\/nordicebv.info\/sv\/wp-json\/wp\/v2\/comments?post=7207"}],"version-history":[{"count":5,"href":"https:\/\/nordicebv.info\/sv\/wp-json\/wp\/v2\/pages\/7207\/revisions"}],"predecessor-version":[{"id":17495,"href":"https:\/\/nordicebv.info\/sv\/wp-json\/wp\/v2\/pages\/7207\/revisions\/17495"}],"wp:attachment":[{"href":"https:\/\/nordicebv.info\/sv\/wp-json\/wp\/v2\/media?parent=7207"}],"curies":[{"name":"wp","href":"https:\/\/api.w.org\/{rel}","templated":true}]}}