{"id":7165,"date":"2020-09-01T17:44:46","date_gmt":"2020-09-01T14:44:46","guid":{"rendered":"https:\/\/www.nordicebv.info\/?page_id=7165"},"modified":"2026-02-03T10:25:38","modified_gmt":"2026-02-03T08:25:38","slug":"nav-nyhetsbrev","status":"publish","type":"page","link":"https:\/\/nordicebv.info\/sv\/ntm-och-avelsvarden\/nav-nyhetsbrev\/","title":{"rendered":"NAV nyhetsbrev"},"content":{"rendered":"<h2>2026<\/h2>\n<p><a href=\"https:\/\/nordicebv.info\/wp-content\/uploads\/2026\/02\/Information-NAV-FEB26-run-FINAL.pdf\">Februari 2026<\/a> (p\u00e5 engelska)<\/p>\n<h2>2025<\/h2>\n<p><a href=\"https:\/\/nordicebv.info\/wp-content\/uploads\/2025\/11\/Information-NAV-NOV25-run-FINAL.pdf\">November 2025<\/a> (p\u00e5 engelska)<\/p>\n<ul>\n<li><a href=\"https:\/\/nordicebv.info\/wp-content\/uploads\/2025\/11\/Improved-breeding-values-for-Temperament-SWE.pdf\">F\u00f6rb\u00e4ttrade avelsv\u00e4rden f\u00f6r temperament<\/a><\/li>\n<\/ul>\n<p><a href=\"https:\/\/nordicebv.info\/wp-content\/uploads\/2025\/08\/Information-NAV-AUG25-run_final.pdf\">Augusti 2025<\/a> (p\u00e5 engelska)<\/p>\n<ul>\n<li>L\u00e4s mer: <a href=\"https:\/\/nordicebv.info\/wp-content\/uploads\/2025\/08\/Fine-tuning-of-udder-for-RDC-SWE.pdf\">Finslipat juverindex f\u00f6r RDC<\/a><\/li>\n<\/ul>\n<p><a href=\"https:\/\/nordicebv.info\/wp-content\/uploads\/2025\/05\/Information-NAV-MAY25-run_final.pdf\">Maj 2025<\/a> (p\u00e5 engelska)<\/p>\n<ul>\n<li>L\u00e4s mer: <a href=\"https:\/\/nordicebv.info\/wp-content\/uploads\/2025\/05\/Improved-breeding-values-for-Yield-SWE.pdf\">F\u00f6rb\u00e4ttrade avelsv\u00e4rden f\u00f6r avkastning<\/a><\/li>\n<li>L\u00e4s mer: <a href=\"https:\/\/nordicebv.info\/wp-content\/uploads\/2025\/05\/First-Nordic-methane-index-SWE.pdf\">F\u00f6rsta nordiska metanindexet<\/a><\/li>\n<\/ul>\n<p><a href=\"https:\/\/nordicebv.info\/wp-content\/uploads\/2025\/02\/Information-NAV-FEB25-run.pdf\">Februari 2025<\/a> (p\u00e5 engelska)<\/p>\n<ul>\n<li><a href=\"https:\/\/nordicebv.info\/wp-content\/uploads\/2025\/02\/High-potential-with-Saved-Feed-version-3.0-SWE.pdf\">Stor potential med Sparat foder version 3.0<\/a><\/li>\n<\/ul>\n<h2>2024<\/h2>\n<p><a href=\"https:\/\/nordicebv.info\/wp-content\/uploads\/2024\/11\/2024-11-05-Information-NAV-NOV24-run_final.pdf\">November 2024<\/a> (p\u00e5 engelska)<\/p>\n<ul>\n<li>L\u00e4s mer: <a href=\"https:\/\/nordicebv.info\/wp-content\/uploads\/2024\/11\/Improved-breeding-values-for-Fertility-SWE.pdf\">F\u00f6rb\u00e4ttrade avelsv\u00e4rden f\u00f6r honlig fruktsamhet<\/a><\/li>\n<li>L\u00e4s mer: <a href=\"https:\/\/nordicebv.info\/wp-content\/uploads\/2024\/11\/Changes-in-the-calculation-of-the-indexes-for-type-traits-SWE_FINAL.pdf\">\u00c4ndrade ber\u00e4kningar av index f\u00f6r exteri\u00f6regenskaper<\/a><\/li>\n<li>L\u00e4s mer: <a href=\"https:\/\/nordicebv.info\/wp-content\/uploads\/2024\/11\/NAV-Purebred-beef-genomic-prediction-for-weight-growth-and-carcass-traits-SWE.pdf\">Genomisk avelsv\u00e4rdering av renrasiga k\u00f6ttdjur<\/a><\/li>\n<li>L\u00e4s mer: <a href=\"https:\/\/nordicebv.info\/wp-content\/uploads\/2024\/11\/YSS-in-NBDI-SWE_FINAL.pdf\">Ungdjurs\u00f6verlevnad inkluderas i Nordic BeefxDairy Index (NBDI)<\/a><\/li>\n<\/ul>\n<p><a href=\"https:\/\/nordicebv.info\/wp-content\/uploads\/2024\/08\/2024-08-13-Information-NAV-AUG24-run-Final.pdf\">Augusti 2024<\/a> (p\u00e5 engelska)<\/p>\n<p><a href=\"https:\/\/nordicebv.info\/wp-content\/uploads\/2024\/05\/2024-05-07-Information-NAV-MAY24-run-Final.pdf\">Maj 2024<\/a> (p\u00e5 engelska)<\/p>\n<ul>\n<li>L\u00e4s mer: <a href=\"https:\/\/nordicebv.info\/wp-content\/uploads\/2024\/05\/Forbattrade-avelsvarden-for-mjolkbarhet.pdf\">F\u00f6rb\u00e4ttrade avelsv\u00e4rden f\u00f6r mj\u00f6lkbarhet<\/a><\/li>\n<\/ul>\n<p><a href=\"https:\/\/nordicebv.info\/wp-content\/uploads\/2024\/03\/2024-03-05-Information-NAV-run-March-2024.pdf\">Mars 2024<\/a> (p\u00e5 engelska)<\/p>\n<ul>\n<li>L\u00e4s mer: <a href=\"https:\/\/nordicebv.info\/wp-content\/uploads\/2024\/03\/New-indexes-for-nine-beef-breeds-SWE.pdf\">Nya index f\u00f6r nio k\u00f6ttraser<\/a><\/li>\n<\/ul>\n<p><a href=\"https:\/\/nordicebv.info\/wp-content\/uploads\/2024\/02\/2024-02-06-Information-NAV-FEB24-run.pdf\">Februari 2024<\/a> (p\u00e5 engelska)<\/p>\n<ul>\n<li>L\u00e4s mer: <a href=\"https:\/\/nordicebv.info\/wp-content\/uploads\/2024\/02\/Improved-breeding-values-for-Growth-SWE.pdf\">F\u00f6rb\u00e4ttrade avelsv\u00e4rden f\u00f6r tillv\u00e4xt<\/a><\/li>\n<li>L\u00e4s mer: <a href=\"https:\/\/nordicebv.info\/wp-content\/uploads\/2024\/02\/Improved-yield-index-for-RDC-SWE-new.pdf\">F\u00f6rb\u00e4ttrat Mj\u00f6lkindex f\u00f6r RDC<\/a><\/li>\n<\/ul>\n<h2>2023<\/h2>\n<p><a href=\"https:\/\/nordicebv.info\/wp-content\/uploads\/2023\/11\/2023-11-07-Information-NAV-NOV2023-run-final.pdf\">November 2023<\/a> (p\u00e5 engelska)<\/p>\n<ul>\n<li>L\u00e4s mer:<a href=\"https:\/\/nordicebv.info\/wp-content\/uploads\/2023\/11\/Improved-breeding-values-for-Claw-health-SWE.pdf\">F\u00f6rb\u00e4ttrade avelsv\u00e4rden f\u00f6r Kl\u00f6vh\u00e4lsa<\/a><\/li>\n<li>L\u00e4s mer: <a href=\"https:\/\/nordicebv.info\/wp-content\/uploads\/2023\/11\/Improved-breeding-values-for-General-health-SWE.pdf\">F\u00f6rb\u00e4ttrade avelsv\u00e4rden f\u00f6r \u00d6vrig h\u00e4lsa<\/a><\/li>\n<li>L\u00e4s mer: <a href=\"https:\/\/nordicebv.info\/wp-content\/uploads\/2023\/11\/More-breeds-for-NAV-purebred-beef-evaluation-SWE.pdf\">Fler raser i NAVs avelsv\u00e4rdering<\/a><\/li>\n<\/ul>\n<p><a href=\"https:\/\/nordicebv.info\/wp-content\/uploads\/2023\/08\/2023-08-08-Information-NAV-AUG2023-run.pdf\">Augusti 2023<\/a> (p\u00e5 engelska)<\/p>\n<p><a href=\"https:\/\/nordicebv.info\/wp-content\/uploads\/2023\/05\/2023-05-02-Information-NAV-MAY2023-run_final.pdf\">Maj 2023<\/a> (p\u00e5 engelska)<\/p>\n<ul>\n<li>L\u00e4s mer: <a href=\"https:\/\/nordicebv.info\/wp-content\/uploads\/2023\/05\/Draktighetslangs-ny-egenskap-i-BxD.pdf\">Dr\u00e4ktighetsl\u00e4ngd ny egenskap i avelsv\u00e4rderingen f\u00f6r k\u00f6tt p\u00e5 mj\u00f6lk<\/a><\/li>\n<\/ul>\n<p><a href=\"https:\/\/nordicebv.info\/wp-content\/uploads\/2023\/03\/2023-03-07-Information-NAV-run-March-2023_final.pdf\">Mars 2023<\/a> (p\u00e5 engelska)<\/p>\n<ul>\n<li>L\u00e4s mer: <a href=\"https:\/\/nordicebv.info\/wp-content\/uploads\/2023\/03\/2023-03-01-Subindices_pbb_routine_implementation_final.pdf\">NAV subindices for purebred beef: within breed specific subindex weights<\/a> (p\u00e5 engelska)<\/li>\n<\/ul>\n<p><a href=\"https:\/\/nordicebv.info\/wp-content\/uploads\/2023\/02\/2023-02-07-Information-NAV-FEB2023-run_final.pdf\">Februari 2023<\/a> (p\u00e5 engelska)<\/p>\n<h2>2022<\/h2>\n<p><a href=\"https:\/\/nordicebv.info\/wp-content\/uploads\/2022\/11\/2022-11-01-Information-NAV-NOV2022-run_final.pdf\">November 2022<\/a> (p\u00e5 engelska)<\/p>\n<ul>\n<li>L\u00e4s mer: <a href=\"https:\/\/nordicebv.info\/wp-content\/uploads\/2022\/11\/Next-generation-of-models-for-genetic-evaluation_SWE.pdf\">Ny metod f\u00f6r ber\u00e4kning av avelsv\u00e4rden f\u00f6r mj\u00f6lkraser<\/a><\/li>\n<li>L\u00e4s mer: <a href=\"https:\/\/nordicebv.info\/wp-content\/uploads\/2022\/11\/Improved-indices-for-type_SWE.pdf\">F\u00f6rb\u00e4ttrade index f\u00f6r exteri\u00f6r<\/a><\/li>\n<li>L\u00e4s mer: <a href=\"https:\/\/nordicebv.info\/wp-content\/uploads\/2022\/11\/Improved-indices-for-calning_SWE.pdf\">F\u00f6rb\u00e4ttrade index f\u00f6r kalvning<\/a><\/li>\n<li>L\u00e4s mer: <a href=\"https:\/\/nordicebv.info\/wp-content\/uploads\/2022\/11\/YSS-SWE.pdf\"> Ungdjurs\u00f6verlevnad ny egenskap i avelsv\u00e4rderingen f\u00f6r k\u00f6tt p\u00e5 mj\u00f6lk<\/a><\/li>\n<\/ul>\n<p><a href=\"https:\/\/nordicebv.info\/wp-content\/uploads\/2022\/08\/2022-08-09-Information-NAV-aug2022-run.pdf\">Augusti 2022<\/a> (p\u00e5 engelska)<\/p>\n<p><a href=\"https:\/\/nordicebv.info\/wp-content\/uploads\/2022\/05\/2022-05-03-Information-NAV-May-2022-run-1.pdf\">Maj 2022<\/a> (p\u00e5 engelska)<\/p>\n<p><a href=\"https:\/\/nordicebv.info\/wp-content\/uploads\/2022\/02\/2022-02-01-Information-NAV-February-2022-run.pdf\">Februari 2022<\/a> (p\u00e5 engelska)<\/p>\n<h2>2021<\/h2>\n<p><a href=\"https:\/\/nordicebv.info\/wp-content\/uploads\/2021\/11\/2021-11-02-Information-NAV-November-2021-run-final_V3-1.pdf\">November 2021<\/a> (p\u00e5 engelska)<\/p>\n<ul>\n<li>L\u00e4s mer: <a href=\"https:\/\/nordicebv.info\/wp-content\/uploads\/2021\/11\/Nordic-breeding-values-for-beef-SWE.pdf\">Nordiska avelsv\u00e4rden f\u00f6r k\u00f6ttraser<\/a><\/li>\n<\/ul>\n<p><a href=\"https:\/\/nordicebv.info\/wp-content\/uploads\/2021\/08\/2021-08-10-Information-NAV-AUGUST-2021-run-final.pdf\">Augusti 2021<\/a> (p\u00e5 engelska)<\/p>\n<p><a href=\"https:\/\/nordicebv.info\/wp-content\/uploads\/2021\/05\/2021-05-04-Information-NAV-MAY-2021-run-final.pdf\">Maj 2021<\/a> (p\u00e5 engelska)<\/p>\n<p><a href=\"https:\/\/nordicebv.info\/wp-content\/uploads\/2021\/02\/2021-02-02-Information-NAV-FEB-2021-run-final.pdf\">Februari 2021<\/a> (p\u00e5 engelska)<\/p>\n<h2>2020<\/h2>\n<p><a href=\"https:\/\/nordicebv.info\/wp-content\/uploads\/2020\/11\/2020-11-03-Information-NAV-NOV-2020-run-final.pdf\">November 2020<\/a> (p\u00e5 engelska)<\/p>\n<ul>\n<li>L\u00e4s mer: <a href=\"https:\/\/nordicebv.info\/wp-content\/uploads\/2020\/11\/Metabolic-efficiency-included-in-the-Saved-feed-index_SWE.pdf\">Sparat foder f\u00f6rb\u00e4ttrat med metabolisk effektivitet<\/a><\/li>\n<\/ul>\n<p><a href=\"https:\/\/nordicebv.info\/wp-content\/uploads\/2020\/08\/2020-08-11-Information-NAV-routine-AUG-2020.pdf\">Augusti 2020<\/a> (p\u00e5 engelska)<\/p>\n<ul>\n<li>L\u00e4s mer: <a href=\"https:\/\/nordicebv.info\/wp-content\/uploads\/2020\/08\/Saved-feed-adds-more-value-to-NTM_FINAL_SWE.pdf\">Sparat foder \u00f6kar v\u00e4rdet av NTM<\/a><\/li>\n<\/ul>\n<p><a href=\"https:\/\/nordicebv.info\/wp-content\/uploads\/2020\/05\/2020-05-05-Information-NAV-routine-May-2020_final.pdf\">Maj 2020<\/a> (p\u00e5 engelska)<\/p>\n<p><a href=\"https:\/\/nordicebv.info\/wp-content\/uploads\/2020\/02\/2020-02-04-Information-NAV-routine-FEB-2020_final.pdf\">Februari 2020<\/a> (p\u00e5 engelska)<\/p>\n<h2>2019<\/h2>\n<p><a href=\"https:\/\/nordicebv.info\/wp-content\/uploads\/2019\/11\/2019-11-05-Information-NAV-routine-NOV-2019_final.pdf\">November 2019<\/a> (p\u00e5 engelska)<\/p>\n<p><a href=\"https:\/\/nordicebv.info\/wp-content\/uploads\/2019\/08\/2019-08-13-Information-NAV-routine-AUG-2019_final.pdf\">Augusti 2019<\/a> (p\u00e5 engelska)<\/p>\n<ul>\n<li>L\u00e4s mer: <a href=\"https:\/\/nordicebv.info\/wp-content\/uploads\/2019\/08\/SavedFeed-june-2019_SWE.pdf\">Ett delindex f\u00f6r Sparat foder introduceras av NAV<\/a><\/li>\n<\/ul>\n<p><a href=\"https:\/\/nordicebv.info\/wp-content\/uploads\/2019\/05\/2019-05-07-Information-NAV-routine-MAY-2019.pdf\">Maj 2019<\/a> (p\u00e5 engelska)<\/p>\n<ul>\n<li>L\u00e4s mer: <a href=\"https:\/\/nordicebv.info\/wp-content\/uploads\/2019\/05\/Improved_breeding_values_for_genreal_health_May2019_SWE.pdf\">F\u00f6rb\u00e4ttrade avelsv\u00e4rden f\u00f6r \u00f6vrig h\u00e4lsa<\/a><\/li>\n<\/ul>\n<p><a href=\"https:\/\/nordicebv.info\/wp-content\/uploads\/2019\/02\/2019-02-05-Information-NAV-routine-FEB-2019.pdf\" target=\"_blank\" rel=\"noopener noreferrer\">Februari 2019<\/a> (p\u00e5 engelska)<\/p>\n<h2>2018<\/h2>\n<p><a href=\"https:\/\/nordicebv.info\/wp-content\/uploads\/2018\/11\/2018-11-06-Information-NAV-routine-NOV-2018.pdf\" target=\"_blank\" rel=\"noopener noreferrer\">November 2018<\/a> (p\u00e5 engelska)<\/p>\n<div id=\"motopress-main\" class=\"main-holder\">\n<div class=\"motopress-wrapper content-holder clearfix\">\n<div class=\"container\">\n<div class=\"row\">\n<div class=\"span12\" data-motopress-wrapper-type=\"content\" data-motopress-wrapper-file=\"single.php\">\n<div class=\"row\">\n<div id=\"content\" class=\"span8 right right\" data-motopress-type=\"loop\" data-motopress-loop-file=\"loop\/loop-single.php\">\n<article id=\"post-5763\" class=\"post__holder post-5763 post type-post status-publish format-standard hentry category-yleinen cat-1-id\">\n<div class=\"post_content\">\n<ul>\n<li>L\u00e4s mer: <a href=\"https:\/\/nordicebv.info\/wp-content\/uploads\/2018\/11\/NTM-is-your-breeding-goal_EC_FINAL_SWE.pdf\" target=\"_blank\" rel=\"noopener noreferrer\">Avel f\u00f6r l\u00f6nsamma nordiska mj\u00f6lkkor (processen bakom avelsm\u00e5let NTM)<\/a><\/li>\n<li>L\u00e4s mer: <a href=\"https:\/\/nordicebv.info\/wp-content\/uploads\/2018\/11\/NTM_changes-and-effects_updated-draftEC_ADF_FINAL_SWE.pdf\" target=\"_blank\" rel=\"noopener noreferrer\">NTM \u00e4ndringar och resultat<\/a><\/li>\n<li>L\u00e4s mer: <a href=\"https:\/\/nordicebv.info\/wp-content\/uploads\/2018\/11\/2018.10.08-New-weights-on-lactation-within-NTM-sub_FINAL_SWE.pdf\" target=\"_blank\" rel=\"noopener noreferrer\">Nya laktationsvikter<\/a><\/li>\n<li>L\u00e4s mer: <a href=\"https:\/\/nordicebv.info\/wp-content\/uploads\/2018\/11\/Updated-yield-index_GA_EC_AF_FINAL_SWE.pdf\" target=\"_blank\" rel=\"noopener noreferrer\">Nya vikter i mj\u00f6lkindex<\/a><\/li>\n<li>L\u00e4s mer: <a href=\"https:\/\/nordicebv.info\/wp-content\/uploads\/2018\/11\/HOL_udder_conformation_AF_EC_jukka_FINAL_SWE.pdf\" target=\"_blank\" rel=\"noopener noreferrer\">\u00c4ndrat Juverindex f\u00f6r Holstein<\/a><\/li>\n<li>L\u00e4s mer: <a href=\"https:\/\/nordicebv.info\/wp-content\/uploads\/2018\/11\/RDC_frame_index_AF_EC_jukka_FINAL_SWE.pdf\" target=\"_blank\" rel=\"noopener noreferrer\">\u00c4ndrat delindex f\u00f6r Kroppsstorlek f\u00f6r nordiska r\u00f6da raser<\/a><\/li>\n<li>L\u00e4s mer: <a href=\"https:\/\/nordicebv.info\/wp-content\/uploads\/2018\/11\/2018.11.06-NTM-2018-report-Full.pdf\" target=\"_blank\" rel=\"noopener noreferrer\">Detaljerad NTM rapport <\/a>(p\u00e5 engelska)<\/li>\n<\/ul>\n<\/div>\n<\/article>\n<\/div>\n<\/div>\n<\/div>\n<\/div>\n<\/div>\n<\/div>\n<\/div>\n<hr \/>\n<p><a href=\"https:\/\/nordicebv.info\/wp-content\/uploads\/2018\/08\/2018-08-07-Information-NAV-routine-AUG-2018.pdf\" target=\"_blank\" rel=\"noopener noreferrer\">Augusti 2018<\/a> (p\u00e5 engelska)<\/p>\n<p><a href=\"https:\/\/nordicebv.info\/wp-content\/uploads\/2018\/04\/2018-05-02-Information-NAV-routine-May-2018.pdf\" target=\"_blank\" rel=\"noopener noreferrer\">Maj 2018<\/a> (p\u00e5 engelska)<\/p>\n<p><a href=\"https:\/\/nordicebv.info\/wp-content\/uploads\/2018\/02\/Information-NAV-rutinavelsv\u00e4rdering-feb2018-SWE.pdf\" target=\"_blank\" rel=\"noopener noreferrer\">Februari 2018<\/a><\/p>\n<ul>\n<li>L\u00e4s mer: <a href=\"https:\/\/nordicebv.info\/wp-content\/uploads\/2018\/02\/Improvement-of-genomic-breeding_TV_AF.pdf\" target=\"_blank\" rel=\"noopener noreferrer\">Improvement of genomic breeding values<\/a> (p\u00e5 engelska)<\/li>\n<\/ul>\n<hr \/>\n<h2>2017<\/h2>\n<p><a href=\"https:\/\/nordicebv.info\/wp-content\/uploads\/2017\/11\/Information-NAV-rutinavelsv\u00e4rdering-nov2017-SWE.pdf\" target=\"_blank\" rel=\"noopener noreferrer\">November 2017<\/a><\/p>\n<ul>\n<li>L\u00e4s mer: <a href=\"https:\/\/nordicebv.info\/wp-content\/uploads\/2017\/11\/Improved-genetic-evaluation-for-general-health-traits_final_SWE.pdf\" target=\"_blank\" rel=\"noopener noreferrer\">F\u00f6rb\u00e4ttrade avelsv\u00e4rden f\u00f6r \u00f6vrigt h\u00e4lsa<\/a><\/li>\n<\/ul>\n<hr \/>\n<p><a href=\"https:\/\/nordicebv.info\/wp-content\/uploads\/2017\/08\/Information-NAV-rutinavelsv\u00e4rdering-aug2017-SWE.pdf\" target=\"_blank\" rel=\"noopener noreferrer\">Augusti 2017<\/a><\/p>\n<p><a href=\"https:\/\/nordicebv.info\/wp-content\/uploads\/2017\/05\/Information-NAV-rutinavelsv\u00e4rdering-maj2017-SWE.pdf\" target=\"_blank\" rel=\"noopener noreferrer\">Maj 2017<\/a><\/p>\n<p><a href=\"https:\/\/nordicebv.info\/wp-content\/uploads\/2017\/02\/Information-NAV-rutinavelsv\u00e4rdering-feb2017-SWE.pdf\" target=\"_blank\" rel=\"noopener noreferrer\">Februari 2017<\/a><\/p>\n<h2>2016<\/h2>\n<p><a href=\"https:\/\/nordicebv.info\/wp-content\/uploads\/2016\/11\/Information-NAV-rutinavelsv\u00e4rdering-nov2016-SWE.pdf\" target=\"_blank\" rel=\"noopener noreferrer\">November 2016<\/a><\/p>\n<ul>\n<li>L\u00e4s mer:<a href=\"https:\/\/nordicebv.info\/wp-content\/uploads\/2016\/11\/\u00d6verskattningen-av-yngsta-tjurarnas-avelsv\u00e4rden-\u00e5tg\u00e4rdad-nov2016.pdf\" target=\"_blank\" rel=\"noopener noreferrer\"> F\u00f6rb\u00e4ttringar av GEBV<\/a><\/li>\n<li>L\u00e4s mer:<a href=\"https:\/\/nordicebv.info\/wp-content\/uploads\/2016\/11\/F\u00f6rb\u00e4ttrad-avelsv\u00e4rdering-f\u00f6r-honlig-fruktsamhet-nov-2016.pdf\" target=\"_blank\" rel=\"noopener noreferrer\"> Ny avelsv\u00e4rdering f\u00f6r fertilitet<\/a><\/li>\n<li>L\u00e4s mer:<a href=\"https:\/\/nordicebv.info\/wp-content\/uploads\/2016\/11\/F\u00f6rb\u00e4ttrad-avelsv\u00e4rdering-f\u00f6r-kalvningsf\u00f6rm\u00e5ga-nov-2016.pdf\" target=\"_blank\" rel=\"noopener noreferrer\"> Djurmodell f\u00f6r kalvningsf\u00f6rm\u00e5ga<\/a><\/li>\n<li>L\u00e4s mer:<a href=\"https:\/\/nordicebv.info\/wp-content\/uploads\/2016\/11\/F\u00f6rb\u00e4ttrad-avelsv\u00e4rdering-f\u00f6r-juverexteri\u00f6r-med-AMS-data-nov2016.pdf\" target=\"_blank\" rel=\"noopener noreferrer\"> Juverkoordinater fr\u00e5n AMS<\/a><\/li>\n<li>L\u00e4s mer:<a href=\"https:\/\/nordicebv.info\/wp-content\/uploads\/2016\/11\/F\u00f6rb\u00e4ttrad-avelsv\u00e4rdering-f\u00f6r-mj\u00f6lkproduktionsegenskaper-nov-2016.pdf\" target=\"_blank\" rel=\"noopener noreferrer\"> S\u00e4krare EBV f\u00f6r mj\u00f6lkproduktionsegenskaper<\/a><\/li>\n<\/ul>\n<div id=\"motopress-main\" class=\"main-holder\"><\/div>\n<hr \/>\n<p><a href=\"https:\/\/nordicebv.info\/wp-content\/uploads\/2016\/08\/Information-NAV-rutinavelsv\u00e4rdering-aug2016-SWE.pdf\" target=\"_blank\" rel=\"noopener noreferrer\">Augusti 2016<\/a><\/p>\n<p><a href=\"https:\/\/nordicebv.info\/wp-content\/uploads\/2016\/05\/Information-NAV-rutinavelsv\u00e4rdering-maj2016-SWE.pdf\" target=\"_blank\" rel=\"noopener noreferrer\">Maj 2016<\/a><\/p>\n<ul>\n<li>L\u00e4s mer: <a href=\"https:\/\/nordicebv.info\/wp-content\/uploads\/2016\/05\/Youngstock-survival-is-included-in-NTM_FINAL_SWE.pdf\" target=\"_blank\" rel=\"noopener noreferrer\">Nu ing\u00e5r ungdjurs\u00f6verlevnad i NTM<\/a><\/li>\n<\/ul>\n<hr \/>\n<p><a href=\"https:\/\/nordicebv.info\/wp-content\/uploads\/2016\/02\/Information-NAV-rutinavelsv\u00e4rdering-feb2016-SWE.pdf\" target=\"_blank\" rel=\"noopener noreferrer\">Februari 2016<\/a><\/p>\n<h2>2015<\/h2>\n<p><a href=\"https:\/\/nordicebv.info\/wp-content\/uploads\/2015\/11\/Information-NAV-rutinavelsv\u00e4rdering-nov2015-SWE.pdf\" target=\"_blank\" rel=\"noopener noreferrer\">November 2015<\/a><\/p>\n<ul>\n<li>L\u00e4s mer: <a href=\"https:\/\/nordicebv.info\/wp-content\/uploads\/2015\/10\/Claw-health-evaluation_SWE_final.pdf\" target=\"_blank\" rel=\"noopener noreferrer\">S\u00e4krare kl\u00f6vavelsv\u00e4rden<\/a><\/li>\n<\/ul>\n<hr \/>\n<p><a href=\"https:\/\/nordicebv.info\/wp-content\/uploads\/2015\/04\/Information-NAV-rutinavelsv\u00e4rdering-aug2015-SWE.pdf\" target=\"_blank\" rel=\"noopener noreferrer\">Augusti 2015<\/a><\/p>\n<p><a href=\"https:\/\/nordicebv.info\/wp-content\/uploads\/2015\/04\/Information-NAV-rutinavelsv\u00e4rdering-maj-juli2015-SWE.pdf\" target=\"_blank\" rel=\"noopener noreferrer\">Maj 2015<\/a><\/p>\n<ul>\n<li>L\u00e4s mer:\u00a0<a href=\"https:\/\/nordicebv.info\/wp-content\/uploads\/2015\/04\/New-fertility-evaluation_SWE.pdf\" target=\"_blank\" rel=\"noopener noreferrer\">F\u00f6rb\u00e4ttrade avelsv\u00e4rden f\u00f6r fruktsamhet<\/a><br \/>\n<hr \/>\n<\/li>\n<\/ul>\n<p><a href=\"https:\/\/nordicebv.info\/wp-content\/uploads\/2015\/04\/2015-02-03-Information-NAV-rutinavelsv\u00e4rdering-februari-2015-SWE.pdf\" target=\"_blank\" rel=\"noopener noreferrer\">Februari 2015<\/a><\/p>\n<ul>\n<li>L\u00e4s mer:\u00a0<a href=\"https:\/\/nordicebv.info\/wp-content\/uploads\/2015\/04\/Breeding-for-stronger-youngstock_SWE_homepage.pdf\" target=\"_blank\" rel=\"noopener noreferrer\">M\u00f6jligt att avla f\u00f6r mer livskraftiga ungdjur<\/a><\/li>\n<\/ul>\n<h2>2014<\/h2>\n<p><a href=\"https:\/\/nordicebv.info\/wp-content\/uploads\/2015\/04\/2014-11-02-12-02-01-06-Information-NAV-routine-November-December-2014-jan2015-SWE.pdf\" target=\"_blank\" rel=\"noopener noreferrer\">November 2014<\/a><\/p>\n<ul>\n<li>L\u00e4s mer:\u00a0<a href=\"https:\/\/nordicebv.info\/wp-content\/uploads\/2015\/04\/Improved-NAV-breeding-values-for-conformation_SWE_final.pdf\" target=\"_blank\" rel=\"noopener noreferrer\">F\u00f6rb\u00e4ttrade NAV-avelsv\u00e4rden f\u00f6r exteri\u00f6r <\/a><\/li>\n<\/ul>\n<p><a href=\"https:\/\/nordicebv.info\/wp-content\/uploads\/2015\/04\/2014-08-12-Information-NAV-routine-Aug-2014-SWE.pdf\" target=\"_blank\" rel=\"noopener noreferrer\">Augusti 2014<\/a><\/p>\n<ul>\n<li>L\u00e4s mer:\u00a0<a href=\"https:\/\/nordicebv.info\/wp-content\/uploads\/2015\/04\/New-index-Frame-_description_1_SWE.pdf\" target=\"_blank\" rel=\"noopener noreferrer\">Indexet Kroppsstorlek beskriver kornas storlek<\/a><\/li>\n<li>L\u00e4s mer:\u00a0<a href=\"https:\/\/nordicebv.info\/wp-content\/uploads\/2015\/04\/More-data-in-breeding-value-for-milking-speed_SWE.pdf\" target=\"_blank\" rel=\"noopener noreferrer\">F\u00f6rb\u00e4ttrat avelsv\u00e4rde f\u00f6r mj\u00f6lkbarhet<\/a><\/li>\n<li>L\u00e4s mer:\u00a0<a href=\"https:\/\/nordicebv.info\/wp-content\/uploads\/2015\/04\/Cows-in-reference-population_SWE.pdf\" target=\"_blank\" rel=\"noopener noreferrer\">F\u00f6rb\u00e4ttrad kvalitet p\u00e5 genomiska avelsv\u00e4rden f\u00f6r RDC och Jersey<\/a><\/li>\n<\/ul>\n<p><a href=\"https:\/\/nordicebv.info\/wp-content\/uploads\/2015\/04\/2014-05-02-Information-NAV-rutin-maj-2014-SWE.pdf\" target=\"_blank\" rel=\"noopener noreferrer\">Maj 2014<\/a><\/p>\n<ul>\n<li>L\u00e4s mer:\u00a0<a href=\"https:\/\/nordicebv.info\/wp-content\/uploads\/2015\/04\/Changes-in-NTM_SWE.pdf\" target=\"_blank\" rel=\"noopener noreferrer\">\u00c4ndringar i NAV-avelsv\u00e4rderingen <\/a><\/li>\n<\/ul>\n<p><a href=\"https:\/\/nordicebv.info\/wp-content\/uploads\/2015\/04\/2014-02-02-Information-NAV-routine-February-2014-SWE.pdf\" target=\"_blank\" rel=\"noopener noreferrer\">Februari 2014<\/a><\/p>\n<h2>2013<\/h2>\n<p><a href=\"https:\/\/nordicebv.info\/wp-content\/uploads\/2015\/04\/2013-11-04-Information-NAV-routine-November-2013-SWE.pdf\" target=\"_blank\" rel=\"noopener noreferrer\">November 2013<\/a><\/p>\n<p><a href=\"https:\/\/nordicebv.info\/wp-content\/uploads\/2015\/04\/2013-08-13-Information-NAV-routine-AugustMay-2013-SWE.pdf\" target=\"_blank\" rel=\"noopener noreferrer\">Augusti 2013<\/a><\/p>\n<p><a href=\"https:\/\/nordicebv.info\/wp-content\/uploads\/2015\/04\/2013-05-02-Information-NAV-routine-May-2013-SWE.pdf\" target=\"_blank\" rel=\"noopener noreferrer\">Maj 2013<\/a><\/p>\n<ul>\n<li>L\u00e4s mer:\u00a0<a href=\"https:\/\/nordicebv.info\/wp-content\/uploads\/2015\/04\/Changes-in-NTM-weights_SWE.pdf\" target=\"_blank\" rel=\"noopener noreferrer\">F\u00f6r\u00e4ndringar i NTM<\/a><\/li>\n<\/ul>\n<p><a href=\"https:\/\/nordicebv.info\/wp-content\/uploads\/2015\/04\/2013-02-02-Information-NAV-routine-February-2013-SWE.pdf\" target=\"_blank\" rel=\"noopener noreferrer\">Februari 2013<\/a><\/p>\n<h2>2012<\/h2>\n<p><a href=\"https:\/\/nordicebv.info\/wp-content\/uploads\/2015\/04\/2012-11-02-Information-NAV-routine-November-2012-SWE.pdf\" target=\"_blank\" rel=\"noopener noreferrer\">November 2012<\/a><\/p>\n<p><a href=\"https:\/\/nordicebv.info\/wp-content\/uploads\/2015\/04\/2012-08-12-Information-NAV-routine-August-2012_svenska.pdf\" target=\"_blank\" rel=\"noopener noreferrer\">Augusti 2012<\/a><\/p>\n<ul>\n<li>L\u00e4s mer:\u00a0<a href=\"https:\/\/nordicebv.info\/wp-content\/uploads\/2015\/04\/Cows-have-breeding-values-with-genomic-information_final_SWE.pdf\" target=\"_blank\" rel=\"noopener noreferrer\">Genomiskt testade kor har nu avelsv\u00e4rden baserade \u00e4ven p\u00e5 genom-isk information<\/a><\/li>\n<\/ul>\n<p><a href=\"https:\/\/nordicebv.info\/wp-content\/uploads\/2015\/04\/2012-05-02-Information-NAV-routine-May-2012-MG_SWE.pdf\" target=\"_blank\" rel=\"noopener noreferrer\">Maj 2012<\/a><\/p>\n<p><a href=\"https:\/\/nordicebv.info\/wp-content\/uploads\/2015\/04\/2012-02-02-Information-NAV-routine-Februar-2012-MG_SWE.pdf\" target=\"_blank\" rel=\"noopener noreferrer\">Februari 2012<\/a><\/p>\n<ul>\n<li>L\u00e4s mer:\u00a0<a href=\"https:\/\/nordicebv.info\/wp-content\/uploads\/2015\/04\/New-weight-factors-in-NTM-ADF_finalSWE.pdf\" target=\"_blank\" rel=\"noopener noreferrer\">Revidering av det nordiska totalindexet, NTM<\/a><\/li>\n<li>L\u00e4s mer:\u00a0<a href=\"https:\/\/nordicebv.info\/wp-content\/uploads\/2015\/04\/New-yield-parameters-give-only-small-changes-ADF_finalSWE.pdf\" target=\"_blank\" rel=\"noopener noreferrer\">F\u00f6rb\u00e4ttrad avelsv\u00e4rdering f\u00f6r mj\u00f6lk <\/a><\/li>\n<\/ul>\n","protected":false},"excerpt":{"rendered":"<p>2026 Februari 2026 (p\u00e5 engelska) 2025 November 2025 (p\u00e5 engelska) F\u00f6rb\u00e4ttrade avelsv\u00e4rden f\u00f6r temperament Augusti 2025 (p\u00e5 engelska) L\u00e4s mer: Finslipat juverindex f\u00f6r RDC Maj 2025 (p\u00e5 engelska) L\u00e4s mer: F\u00f6rb\u00e4ttrade avelsv\u00e4rden f\u00f6r avkastning L\u00e4s mer: F\u00f6rsta nordiska metanindexet Februari 2025 (p\u00e5 engelska) Stor potential med Sparat foder version 3.0 2024 November 2024 (p\u00e5 engelska) &#8230; <a title=\"NAV nyhetsbrev\" class=\"read-more\" href=\"https:\/\/nordicebv.info\/sv\/ntm-och-avelsvarden\/nav-nyhetsbrev\/\" aria-label=\"L\u00e4s mer om NAV nyhetsbrev\">L\u00e4s mer<\/a><\/p>\n","protected":false},"author":6,"featured_media":0,"parent":7219,"menu_order":0,"comment_status":"closed","ping_status":"closed","template":"","meta":{"_exactmetrics_skip_tracking":false,"_exactmetrics_sitenote_active":false,"_exactmetrics_sitenote_note":"","_exactmetrics_sitenote_category":0,"footnotes":""},"class_list":["post-7165","page","type-page","status-publish"],"aioseo_notices":[],"_links":{"self":[{"href":"https:\/\/nordicebv.info\/sv\/wp-json\/wp\/v2\/pages\/7165","targetHints":{"allow":["GET"]}}],"collection":[{"href":"https:\/\/nordicebv.info\/sv\/wp-json\/wp\/v2\/pages"}],"about":[{"href":"https:\/\/nordicebv.info\/sv\/wp-json\/wp\/v2\/types\/page"}],"author":[{"embeddable":true,"href":"https:\/\/nordicebv.info\/sv\/wp-json\/wp\/v2\/users\/6"}],"replies":[{"embeddable":true,"href":"https:\/\/nordicebv.info\/sv\/wp-json\/wp\/v2\/comments?post=7165"}],"version-history":[{"count":32,"href":"https:\/\/nordicebv.info\/sv\/wp-json\/wp\/v2\/pages\/7165\/revisions"}],"predecessor-version":[{"id":24298,"href":"https:\/\/nordicebv.info\/sv\/wp-json\/wp\/v2\/pages\/7165\/revisions\/24298"}],"up":[{"embeddable":true,"href":"https:\/\/nordicebv.info\/sv\/wp-json\/wp\/v2\/pages\/7219"}],"wp:attachment":[{"href":"https:\/\/nordicebv.info\/sv\/wp-json\/wp\/v2\/media?parent=7165"}],"curies":[{"name":"wp","href":"https:\/\/api.w.org\/{rel}","templated":true}]}}