{"id":21958,"date":"2025-08-28T08:52:53","date_gmt":"2025-08-28T05:52:53","guid":{"rendered":"https:\/\/nordicebv.info\/?page_id=21958"},"modified":"2026-04-23T14:47:34","modified_gmt":"2026-04-23T11:47:34","slug":"interbull","status":"publish","type":"page","link":"https:\/\/nordicebv.info\/sv\/interbull\/","title":{"rendered":"Interbull"},"content":{"rendered":"\r\n<div class=\"wp-block-columns is-layout-flex wp-container-core-columns-is-layout-9d6595d7 wp-block-columns-is-layout-flex\">\r\n<div class=\"wp-block-column is-layout-flow wp-block-column-is-layout-flow\" style=\"flex-basis: 66.66%;\">\r\n<h2 class=\"wp-block-heading\">Interbullavelsv\u00e4rden \u2013 J\u00e4mf\u00f6r tjurar fr\u00e5n hela v\u00e4rlden<\/h2>\r\n\r\n\r\n\r\n<p>Avelsorganisationer runt om i v\u00e4rlden ber\u00e4knar avelsv\u00e4rden p\u00e5 olika s\u00e4tt, med olika genetiska modeller och olika ing\u00e5ende genetiska parametrar. Dessutom skiljer sig egenskapsdefinitioner \u00e5t mellan l\u00e4nder och genotype-milj\u00f6samspel kan f\u00f6rekomma. Det senare kan inneb\u00e4ra att djur kan rangera sig olika i olika l\u00e4nder. Interbull Centre ber\u00e4knar internationella avelsv\u00e4rden som m\u00f6jligg\u00f6r en r\u00e4ttvis j\u00e4mf\u00f6relse av tjurar fr\u00e5n olika l\u00e4nder. Varje medlemsland f\u00e5r avelsv\u00e4rden f\u00f6r alla tjurar p\u00e5 sin egen skapa f\u00f6r avelsv\u00e4rdering.<\/p>\r\n\r\n\r\n\r\n<p>Interbull avelsv\u00e4rden publiceras tre g\u00e5nger per \u00e5r f\u00f6r egenskapsgrupperna avkastning, exteri\u00f6r, juverh\u00e4lsa, \u00f6verlevnad, kalvningar, fruktsamhet och funktionella egenskaper (mj\u00f6lkbarhet och lynne). Interbull ber\u00e4knar ocks\u00e5 internationella genomiska avelsv\u00e4rden f\u00f6r ungtjurar av rasen Holstein.<\/p>\r\n\r\n\r\n\r\n<h2 class=\"wp-block-heading\">Interbullavelsv\u00e4rden p\u00e5 Nordisk (NAV) skala (p\u00e5 engelska):<\/h2>\r\n<p><a href=\"https:\/\/nordicebv.info\/wp-content\/uploads\/2026\/04\/INTERBULL-breeding-value-April-2026.pdf\">April 2026<\/a><br \/><a href=\"https:\/\/nordicebv.info\/wp-content\/uploads\/2025\/12\/INTERBULL-breeding-value-December-2025.pdf\">December 2025<\/a><br \/><a href=\"https:\/\/nordicebv.info\/wp-content\/uploads\/2025\/08\/INTERBULL-breeding-value-August-2025.pdf\">Augusti 2025<\/a><br \/><a href=\"https:\/\/nordicebv.info\/wp-content\/uploads\/2025\/04\/INTERBULL-breeding-value-April-2025.pdf\">April 2025<\/a><br \/><a href=\"https:\/\/nordicebv.info\/wp-content\/uploads\/2024\/12\/INTERBULL-breeding-value-December-2024.pdf\">December 2024<\/a><br \/><a href=\"https:\/\/nordicebv.info\/wp-content\/uploads\/2024\/08\/INTERBULL-breeding-value-August-2024.pdf\">Augusti 2024<\/a><br \/><a href=\"https:\/\/nordicebv.info\/wp-content\/uploads\/2024\/04\/INTERBULL-breeding-value-April-2024.pdf\">April 2024<\/a><br \/><a href=\"https:\/\/nordicebv.info\/wp-content\/uploads\/2023\/12\/interbull_info_1223.pdf\">December 2023<\/a><br \/><a href=\"https:\/\/nordicebv.info\/wp-content\/uploads\/2023\/08\/INTERBULL-breeding-value-August-2023.pdf\">Augusti 2023<\/a><br \/><a href=\"https:\/\/nordicebv.info\/wp-content\/uploads\/2023\/04\/INTERBULL-breeding-value-April-2023-1.pdf\">April 2023<\/a><br \/><a href=\"https:\/\/nordicebv.info\/wp-content\/uploads\/2022\/12\/INTERBULL-breeding-value-DEcember-2022.pdf\">December 2022<\/a><br \/><a href=\"https:\/\/nordicebv.info\/wp-content\/uploads\/2022\/08\/INTERBULL-breeding-value-August-2022.pdf\">Augusti 2022<\/a><br \/><a href=\"https:\/\/nordicebv.info\/wp-content\/uploads\/2022\/04\/INTERBULL-breeding-value-April-2022.pdf\">April 2022<\/a><br \/><a href=\"https:\/\/nordicebv.info\/wp-content\/uploads\/2021\/12\/INTERBULL-breeding-value-December-2021.pdf\">December 2021<\/a><br \/><a href=\"https:\/\/nordicebv.info\/wp-content\/uploads\/2021\/08\/INTERBULL-breeding-value-August-2021.pdf\">Augusti 2021<\/a><br \/><a href=\"https:\/\/nordicebv.info\/wp-content\/uploads\/2021\/04\/INTERBULL-breeding-value-April-2021.pdf\">April 2021<\/a><br \/><a href=\"https:\/\/nordicebv.info\/wp-content\/uploads\/2020\/12\/INTERBULL-breeding-value-December-2020.pdf\">December 2020<\/a><br \/><a href=\"https:\/\/nordicebv.info\/wp-content\/uploads\/2020\/09\/INTERBULL-breeding-value-August-2020.pdf\">Augusti 2020<\/a><br \/><a href=\"https:\/\/nordicebv.info\/wp-content\/uploads\/2020\/04\/INTERBULL-breeding-value-April-2020.pdf\">April 2020<\/a><br \/><a href=\"https:\/\/nordicebv.info\/wp-content\/uploads\/2020\/01\/INTERBULL-breeding-value-December-2019.pdf\">December 2019<\/a><br \/><a href=\"https:\/\/nordicebv.info\/wp-content\/uploads\/2019\/08\/INTERBULL-breeding-value-August-2019.pdf\">Augusti 2019<\/a><br \/><a href=\"https:\/\/nordicebv.info\/wp-content\/uploads\/2019\/04\/INTERBULL-breeding-value-April-2019.pdf\">April 2019<\/a><br \/><a href=\"https:\/\/nordicebv.info\/wp-content\/uploads\/2018\/09\/INTERBULL-breeding-value-August-2018.pdf\" target=\"_blank\" rel=\"noreferrer noopener\">Augusti 2018<\/a><br \/><a href=\"https:\/\/nordicebv.info\/wp-content\/uploads\/2018\/04\/INTERBULL-breeding-value-April-2018.pdf\" target=\"_blank\" rel=\"noreferrer noopener\">April 2018<\/a><br \/><a href=\"https:\/\/nordicebv.info\/wp-content\/uploads\/2017\/12\/INTERBULL-breeding-value-December-2017.pdf\" target=\"_blank\" rel=\"noreferrer noopener\">December 2017<\/a><br \/><a href=\"https:\/\/nordicebv.info\/wp-content\/uploads\/2017\/08\/INTERBULL-breeding-value-August-2017.pdf\" target=\"_blank\" rel=\"noreferrer noopener\">Augusti 2017<\/a><br \/><a href=\"https:\/\/nordicebv.info\/wp-content\/uploads\/2017\/05\/INTERBULL-breeding-value-April-2017.pdf\" target=\"_blank\" rel=\"noreferrer noopener\">April 2017<\/a><br \/><a href=\"https:\/\/nordicebv.info\/wp-content\/uploads\/2016\/12\/INTERBULL-breeding-value-December-2016.pdf\" target=\"_blank\" rel=\"noreferrer noopener\">December 2016<\/a><br \/><a href=\"https:\/\/nordicebv.info\/wp-content\/uploads\/2016\/08\/INTERBULL-breeding-value-August-2016.pdf\" target=\"_blank\" rel=\"noreferrer noopener\">Augusti 2016<\/a><br \/><a href=\"https:\/\/nordicebv.info\/wp-content\/uploads\/2016\/04\/INTERBULL-breeding-value-April-2016.pdf\" target=\"_blank\" rel=\"noreferrer noopener\">April 2016<\/a><br \/><a href=\"https:\/\/nordicebv.info\/wp-content\/uploads\/2015\/12\/INTERBULL-breeding-value-december-2015.pdf\" target=\"_blank\" rel=\"noreferrer noopener\">December 2015<\/a><br \/><a href=\"https:\/\/nordicebv.info\/wp-content\/uploads\/2015\/04\/INTERBULL-breeding-value-august-2015.pdf\" target=\"_blank\" rel=\"noreferrer noopener\">Augusti 2015<\/a><\/p>\r\n\r\n\r\n\r\n\r\n\r\n\r\n\r\n\r\n\r\n\r\n\r\n\r\n\r\n\r\n\r\n\r\n\r\n\r\n\r\n\r\n\r\n\r\n\r\n\r\n\r\n\r\n\r\n\r\n\r\n\r\n\r\n\r\n\r\n\r\n\r\n\r\n\r\n\r\n\r\n\r\n\r\n\r\n\r\n\r\n\r\n\r\n\r\n\r\n\r\n\r\n\r\n\r\n\r\n\r\n\r\n\r\n\r\n\r\n\r\n\r\n\r\n<p>&nbsp;<\/p>\r\n<\/div>\r\n\r\n\r\n\r\n<div class=\"wp-block-column is-layout-flow wp-block-column-is-layout-flow\" style=\"flex-basis: 33.33%;\">\r\n<p><strong><a href=\"https:\/\/nordic.mloy.fi\/InterBull\/\" target=\"_blank\" rel=\"noreferrer noopener\">NAV Interbull Resultat<\/a><\/strong><\/p>\r\n\r\n\r\n\r\n<p><strong><a href=\"http:\/\/www.interbull.org\/index\" target=\"_blank\" rel=\"noreferrer noopener\">Interbulls hemsida<\/a><\/strong><\/p>\r\n<\/div>\r\n<\/div>\r\n","protected":false},"excerpt":{"rendered":"<p>Interbullavelsv\u00e4rden \u2013 J\u00e4mf\u00f6r tjurar fr\u00e5n hela v\u00e4rlden Avelsorganisationer runt om i v\u00e4rlden ber\u00e4knar avelsv\u00e4rden p\u00e5 olika s\u00e4tt, med olika genetiska modeller och olika ing\u00e5ende genetiska parametrar. Dessutom skiljer sig egenskapsdefinitioner \u00e5t mellan l\u00e4nder och genotype-milj\u00f6samspel kan f\u00f6rekomma. Det senare kan inneb\u00e4ra att djur kan rangera sig olika i olika l\u00e4nder. Interbull Centre ber\u00e4knar internationella avelsv\u00e4rden &#8230; <a title=\"Interbull\" class=\"read-more\" href=\"https:\/\/nordicebv.info\/sv\/interbull\/\" aria-label=\"L\u00e4s mer om Interbull\">L\u00e4s mer<\/a><\/p>\n","protected":false},"author":7,"featured_media":0,"parent":0,"menu_order":0,"comment_status":"closed","ping_status":"closed","template":"","meta":{"_exactmetrics_skip_tracking":false,"_exactmetrics_sitenote_active":false,"_exactmetrics_sitenote_note":"","_exactmetrics_sitenote_category":0,"footnotes":""},"class_list":["post-21958","page","type-page","status-publish"],"aioseo_notices":[],"_links":{"self":[{"href":"https:\/\/nordicebv.info\/sv\/wp-json\/wp\/v2\/pages\/21958","targetHints":{"allow":["GET"]}}],"collection":[{"href":"https:\/\/nordicebv.info\/sv\/wp-json\/wp\/v2\/pages"}],"about":[{"href":"https:\/\/nordicebv.info\/sv\/wp-json\/wp\/v2\/types\/page"}],"author":[{"embeddable":true,"href":"https:\/\/nordicebv.info\/sv\/wp-json\/wp\/v2\/users\/7"}],"replies":[{"embeddable":true,"href":"https:\/\/nordicebv.info\/sv\/wp-json\/wp\/v2\/comments?post=21958"}],"version-history":[{"count":8,"href":"https:\/\/nordicebv.info\/sv\/wp-json\/wp\/v2\/pages\/21958\/revisions"}],"predecessor-version":[{"id":24755,"href":"https:\/\/nordicebv.info\/sv\/wp-json\/wp\/v2\/pages\/21958\/revisions\/24755"}],"wp:attachment":[{"href":"https:\/\/nordicebv.info\/sv\/wp-json\/wp\/v2\/media?parent=21958"}],"curies":[{"name":"wp","href":"https:\/\/api.w.org\/{rel}","templated":true}]}}