{"id":21232,"date":"2025-06-18T14:35:13","date_gmt":"2025-06-18T11:35:13","guid":{"rendered":"https:\/\/nordicebv.info\/?page_id=21232"},"modified":"2025-11-21T15:10:28","modified_gmt":"2025-11-21T13:10:28","slug":"kott-x-mjolk-publicering-2","status":"publish","type":"page","link":"https:\/\/nordicebv.info\/sv\/kott-x-mjolk-publicering-2\/","title":{"rendered":"K\u00f6tt x mj\u00f6lk publicering"},"content":{"rendered":"<div class=\"grid-66 tablet-grid-66 mobile-grid-100 first-column\">\n<p>NAV k\u00f6ttxmj\u00f6lk avelsv\u00e4rden, index och NBDI kan publiceras f\u00f6r alla AI-k\u00f6tttjurar om tv\u00e5 publiceringskriterier \u00e4r fullst\u00e4ndiga:<\/p>\n<ol>\n<li>En viss niv\u00e5 p\u00e5 avelsv\u00e4rdenas s\u00e4kerhet f\u00f6r respektive egenskapsgrupp<\/li>\n<li>En eng\u00e5ngsavgift f\u00f6r semintjuren \u00e4r betald av tjur\u00e4garen\/spermaimport\u00f6ren. Systemet med avgift inf\u00f6rdes f\u00f6rsta januari 2020. F\u00f6r n\u00e4rvarande \u00e4r avgiften 1300 euro per tjur. \u00c4gare\/import\u00f6rer som \u00f6nskar att NAV avelsv\u00e4rden K\u00f6ttxMj\u00f6lk publiceras p\u00e5 deras djur kan kontakta NAV (haifa.splittorff@nordicebv.info).<\/li>\n<\/ol>\n<p><strong>KxM publicering<\/strong><\/p>\n<p>NAVs KxM avelsv\u00e4rden publicerades f\u00f6r f\u00f6rsta g\u00e5ngen i december 2018 och ers\u00e4tter tidigare nationella avelsv\u00e4rden i Danmark och Sverige f\u00f6r k\u00f6ttrastjurar baserat p\u00e5 deras korsningsavkommor efter mj\u00f6lkkor. <strong>KxM avelsv\u00e4rden publiceras fyra g\u00e5nger \u00e5rligen i samband med NAVs st\u00f6rre rutinavelsv\u00e4rderingar f\u00f6r mj\u00f6lkkor (februari, maj, augusti och november)<\/strong>.\u00a0 De senaste resultaten kan ses p\u00e5 s\u00f6ksidan <a href=\"https:\/\/nordic.mloy.fi\/NAVBeef\/\">NAVET avelsv\u00e4rden k\u00f6ttras<\/a>.<\/p>\n<p><strong>NAVET avelsv\u00e4rden k\u00f6ttras<\/strong><\/p>\n<p>S\u00f6ksidan inneh\u00e5ller alla publicerbara avelsv\u00e4rden och annan relevant information f\u00f6r semintjurarna av k\u00f6ttras som ing\u00e5r i avelsv\u00e4rderingen. Anv\u00e4ndaren m\u00e5ste v\u00e4lja l\u00e4mplig uppf\u00f6dningsperiod (kort eller l\u00e5ng) f\u00f6r att f\u00e5 fram resultat. F\u00f6rvalt \u00e4r att resultat visas f\u00f6r k\u00f6ttrastjurar av alla raser och fr\u00e5n alla l\u00e4nder sorterat efter NBDI. Det \u00e4r m\u00f6jligt att v\u00e4lja urvalskriterier f\u00f6r att skapa \u00f6nskade topplistor och man kan \u00e4ven s\u00f6ka efter enskilda k\u00f6ttrastjurar.<\/p>\n<p>NAVs KxM avelsv\u00e4rden och delindex \u00e4r standardiserade till ett medelv\u00e4rde av 100 och en standardavvikelse av 10. NBDI \u00e4r standardiserad till ett medelv\u00e4rde av 0 och en standardavvikelse av 10.<\/p>\n<p>&nbsp;<\/p>\n<\/div>\n<div class=\"grid-33 tablet-grid-33 mobile-grid-100 first-column\">\n<p><strong><a href=\"https:\/\/nordic.mloy.fi\/NAVBeef\/\" target=\"_blank\" rel=\"noopener\">NAVET avelsv\u00e4rden k\u00f6ttras<\/a><\/strong><\/p>\n<p><strong><a href=\"https:\/\/nordicebv.info\/wp-content\/uploads\/2025\/11\/NAV-routine-genetic-evaluation_beef-x-dairy-20251110-1.pdf\">NAVs avelsv\u00e4rdering k\u00f6tt x mj\u00f6lk \u2013 data och modeller<\/a>\u00a0<\/strong>(p\u00e5 engelska)<\/p>\n<\/div>\n<p>&nbsp;<\/p>\n","protected":false},"excerpt":{"rendered":"<p>NAV k\u00f6ttxmj\u00f6lk avelsv\u00e4rden, index och NBDI kan publiceras f\u00f6r alla AI-k\u00f6tttjurar om tv\u00e5 publiceringskriterier \u00e4r fullst\u00e4ndiga: En viss niv\u00e5 p\u00e5 avelsv\u00e4rdenas s\u00e4kerhet f\u00f6r respektive egenskapsgrupp En eng\u00e5ngsavgift f\u00f6r semintjuren \u00e4r betald av tjur\u00e4garen\/spermaimport\u00f6ren. Systemet med avgift inf\u00f6rdes f\u00f6rsta januari 2020. F\u00f6r n\u00e4rvarande \u00e4r avgiften 1300 euro per tjur. \u00c4gare\/import\u00f6rer som \u00f6nskar att NAV avelsv\u00e4rden K\u00f6ttxMj\u00f6lk &#8230; <a title=\"K\u00f6tt x mj\u00f6lk publicering\" class=\"read-more\" href=\"https:\/\/nordicebv.info\/sv\/kott-x-mjolk-publicering-2\/\" aria-label=\"L\u00e4s mer om K\u00f6tt x mj\u00f6lk publicering\">L\u00e4s mer<\/a><\/p>\n","protected":false},"author":6,"featured_media":0,"parent":0,"menu_order":0,"comment_status":"closed","ping_status":"closed","template":"","meta":{"_exactmetrics_skip_tracking":false,"_exactmetrics_sitenote_active":false,"_exactmetrics_sitenote_note":"","_exactmetrics_sitenote_category":0,"footnotes":""},"class_list":["post-21232","page","type-page","status-publish"],"aioseo_notices":[],"_links":{"self":[{"href":"https:\/\/nordicebv.info\/sv\/wp-json\/wp\/v2\/pages\/21232","targetHints":{"allow":["GET"]}}],"collection":[{"href":"https:\/\/nordicebv.info\/sv\/wp-json\/wp\/v2\/pages"}],"about":[{"href":"https:\/\/nordicebv.info\/sv\/wp-json\/wp\/v2\/types\/page"}],"author":[{"embeddable":true,"href":"https:\/\/nordicebv.info\/sv\/wp-json\/wp\/v2\/users\/6"}],"replies":[{"embeddable":true,"href":"https:\/\/nordicebv.info\/sv\/wp-json\/wp\/v2\/comments?post=21232"}],"version-history":[{"count":6,"href":"https:\/\/nordicebv.info\/sv\/wp-json\/wp\/v2\/pages\/21232\/revisions"}],"predecessor-version":[{"id":23749,"href":"https:\/\/nordicebv.info\/sv\/wp-json\/wp\/v2\/pages\/21232\/revisions\/23749"}],"wp:attachment":[{"href":"https:\/\/nordicebv.info\/sv\/wp-json\/wp\/v2\/media?parent=21232"}],"curies":[{"name":"wp","href":"https:\/\/api.w.org\/{rel}","templated":true}]}}