{"id":21210,"date":"2025-06-18T12:55:24","date_gmt":"2025-06-18T09:55:24","guid":{"rendered":"https:\/\/nordicebv.info\/?page_id=21210"},"modified":"2025-11-21T15:07:07","modified_gmt":"2025-11-21T13:07:07","slug":"slaktkroppsegenskaper","status":"publish","type":"page","link":"https:\/\/nordicebv.info\/sv\/slaktkroppsegenskaper\/","title":{"rendered":"Slaktkroppsegenskaper"},"content":{"rendered":"<div class=\"grid-66 tablet-grid-66 mobile-grid-100 first-column\">\n<p><strong>Slaktkroppstillv\u00e4xt<\/strong> beskriver genetisk potential f\u00f6r tillv\u00e4xt fr\u00e5n f\u00f6dsel till slakt. Baseras p\u00e5 avelsv\u00e4rden som v\u00e4gs samman med lika stora vikter; tjurar och kvigor med kort (&lt;550 dagar) respektive l\u00e5ng (&gt;550 dagar) uppf\u00f6dningsperiod.<\/p>\n<p><strong>Formklass<\/strong> beskriver klassning av slaktkroppen enligt slakteriets EUROP-skala.<\/p>\n<p><strong>Fettklass<\/strong> beskriver fettans\u00e4ttning enligt slakteriets klassning.<\/p>\n<p>Form- och fettklass baseras p\u00e5 vardera tv\u00e5 avelsv\u00e4rden, tjurar respektive kvigor, som v\u00e4gs samman med lika stora vikter. Alla tre kombinerade avelsv\u00e4rden kan publiceras om tjuren har en s\u00e4kerhet p\u00e5 minst 50 % f\u00f6r avelsv\u00e4rdet f\u00f6r formklass.<\/p>\n<p><strong>Tillv\u00e4xt<\/strong> (l\u00e5ng\/kort) ing\u00e5r i NBDI.<\/p>\n<\/div>\n<div class=\"grid-33 tablet-grid-33 mobile-grid-100 first-column\">\n<p><strong><a href=\"https:\/\/nordic.mloy.fi\/NAVBeef\/\">NAVET avelsv\u00e4rden k\u00f6ttras<\/a><\/strong><\/p>\n<p><strong><a href=\"https:\/\/nordicebv.info\/wp-content\/uploads\/2025\/11\/NAV-routine-genetic-evaluation_beef-x-dairy-20251110-1.pdf\">NAVs avelsv\u00e4rdering k\u00f6tt x mj\u00f6lk \u2013 data och modeller<\/a><\/strong>\u00a0(p\u00e5 engelska)<\/p>\n<\/div>\n","protected":false},"excerpt":{"rendered":"<p>Slaktkroppstillv\u00e4xt beskriver genetisk potential f\u00f6r tillv\u00e4xt fr\u00e5n f\u00f6dsel till slakt. Baseras p\u00e5 avelsv\u00e4rden som v\u00e4gs samman med lika stora vikter; tjurar och kvigor med kort (&lt;550 dagar) respektive l\u00e5ng (&gt;550 dagar) uppf\u00f6dningsperiod. Formklass beskriver klassning av slaktkroppen enligt slakteriets EUROP-skala. Fettklass beskriver fettans\u00e4ttning enligt slakteriets klassning. Form- och fettklass baseras p\u00e5 vardera tv\u00e5 avelsv\u00e4rden, tjurar &#8230; <a title=\"Slaktkroppsegenskaper\" class=\"read-more\" href=\"https:\/\/nordicebv.info\/sv\/slaktkroppsegenskaper\/\" aria-label=\"L\u00e4s mer om Slaktkroppsegenskaper\">L\u00e4s mer<\/a><\/p>\n","protected":false},"author":6,"featured_media":0,"parent":0,"menu_order":0,"comment_status":"closed","ping_status":"closed","template":"","meta":{"_exactmetrics_skip_tracking":false,"_exactmetrics_sitenote_active":false,"_exactmetrics_sitenote_note":"","_exactmetrics_sitenote_category":0,"footnotes":""},"class_list":["post-21210","page","type-page","status-publish"],"aioseo_notices":[],"_links":{"self":[{"href":"https:\/\/nordicebv.info\/sv\/wp-json\/wp\/v2\/pages\/21210","targetHints":{"allow":["GET"]}}],"collection":[{"href":"https:\/\/nordicebv.info\/sv\/wp-json\/wp\/v2\/pages"}],"about":[{"href":"https:\/\/nordicebv.info\/sv\/wp-json\/wp\/v2\/types\/page"}],"author":[{"embeddable":true,"href":"https:\/\/nordicebv.info\/sv\/wp-json\/wp\/v2\/users\/6"}],"replies":[{"embeddable":true,"href":"https:\/\/nordicebv.info\/sv\/wp-json\/wp\/v2\/comments?post=21210"}],"version-history":[{"count":13,"href":"https:\/\/nordicebv.info\/sv\/wp-json\/wp\/v2\/pages\/21210\/revisions"}],"predecessor-version":[{"id":23741,"href":"https:\/\/nordicebv.info\/sv\/wp-json\/wp\/v2\/pages\/21210\/revisions\/23741"}],"wp:attachment":[{"href":"https:\/\/nordicebv.info\/sv\/wp-json\/wp\/v2\/media?parent=21210"}],"curies":[{"name":"wp","href":"https:\/\/api.w.org\/{rel}","templated":true}]}}