{"id":21200,"date":"2025-06-18T12:36:51","date_gmt":"2025-06-18T09:36:51","guid":{"rendered":"https:\/\/nordicebv.info\/?page_id=21200"},"modified":"2025-11-21T15:04:17","modified_gmt":"2025-11-21T13:04:17","slug":"funktionella-egenskaper-kxm","status":"publish","type":"page","link":"https:\/\/nordicebv.info\/sv\/funktionella-egenskaper-kxm\/","title":{"rendered":"Funktionella egenskaper"},"content":{"rendered":"<div class=\"grid-66 tablet-grid-66 mobile-grid-100 first-column\">\n<p><strong>Kalvningsegenskaper<\/strong><\/p>\n<p>Levandef\u00f6dda kalvar och kalvningsf\u00f6rm\u00e5ga baserat p\u00e5 kor i f\u00f6rsta respektive senare laktation. Ren direkt effekt &#8211; tjuren \u00e4r far till kalven och avelsv\u00e4rdet beskriver tjurens direkta effekt p\u00e5 kalvens f\u00f6rm\u00e5ga att f\u00f6das l\u00e4tt och vid liv.<\/p>\n<p>Alla fyra avelsv\u00e4rden kan publiceras om tjuren har en s\u00e4kerhet p\u00e5 minst 50 % f\u00f6r avelsv\u00e4rdet f\u00f6r levandef\u00f6dda kalvar eller kalvningsf\u00f6rm\u00e5ga i senare laktation. Information om kalvens storlek (endast tillg\u00e4ngligt fr\u00e5n Danmark) anv\u00e4nds som en indikatoregenskap i avelsv\u00e4rderingen f\u00f6r kalvningsegenskaper.<\/p>\n<p>Kalvningar far inkluderar tv\u00e5 avelsv\u00e4rden, levandef\u00f6dda och kalvningsf\u00f6rm\u00e5ga i senare laktation, som kombineras med ekonomiska vikter. Kalvningar far \u00e4r inkluderat i NBDI.<\/p>\n<p><strong>Ungdjurs\u00f6verlevnad<\/strong><\/p>\n<p>Ungdjurs\u00f6verlevnad beskriver tjurens avkommors genetiska potential f\u00f6r ungdjurs\u00f6verlevnad. Tre\u00a0avelsv\u00e4rden f\u00f6r ungdjurs\u00f6verlevnad: Tidig period, sen period och ungdjurs\u00f6verlevnad. Avelsv\u00e4rdet f\u00f6r tidig period baseras p\u00e5 tjurens avkommors \u00f6verlevnad under dag 1 till 30. Avelsv\u00e4rdet f\u00f6r sen period baseras p\u00e5 tjurens avkommors \u00f6verlevnad under dag 31 till 200. Ungdjurs\u00f6verlevnad \u00e4r ett kombinerat index som baseras p\u00e5 tidig period med en vikt p\u00e5 0,36 och sen period med en vikt p\u00e5 0,83.<\/p>\n<p>Alla tre avelsv\u00e4rden publiceras n\u00e4r tjurens s\u00e4kerhet f\u00f6r den sena perioden \u00e4r 50 % n\u00e4r den har minst 500 avkommor eller n\u00e4r den har publicerade avelsv\u00e4rden f\u00f6r kalvnings- och tillv\u00e4xtegenskaper.<\/p>\n<p>Ungdjurs\u00f6verlevnad \u00e4r inkluderat i NBDI.<\/p>\n<p><strong>Dr\u00e4ktighetsl\u00e4ngd<\/strong><\/p>\n<p>Dr\u00e4ktighetsl\u00e4ngd, kor beskriver tjurens kalvars dr\u00e4ktighetsl\u00e4ngd n\u00e4r kalvens mor \u00e4r en mj\u00f6lkko som har kalvat \u00e5tminstone en g\u00e5ng. Dr\u00e4ktighetsl\u00e4nd anges i dagar och som avvikelse fr\u00e5n en standard p\u00e5 280 dagar. Avelsv\u00e4rden f\u00f6r dr\u00e4ktighetsl\u00e4ngd publiceras om det har en s\u00e4kerhet p\u00e5 \u00f6ver 50% och tjuren har ett officiellt EBV f\u00f6r kalvningsegenskaper.<\/p>\n<p>Mer information:<\/p>\n<p><a href=\"https:\/\/nordicebv.info\/wp-content\/uploads\/2023\/05\/Draktighetslangs-ny-egenskap-i-BxD.pdf\">Dr\u00e4ktighetsl\u00e4ngs ny egenskap i avelsv\u00e4rdering f\u00f6r k\u00f6tt p\u00e5 mj\u00f6lk <\/a><\/p>\n<p><a href=\"https:\/\/nordicebv.info\/wp-content\/uploads\/2024\/11\/YSS-in-NBDI-SWE_FINAL.pdf\">Ungdjurs\u00f6verlevnad ny egenskap i avelsv\u00e4rderingen f\u00f6r k\u00f6tt p\u00e5 mj\u00f6lk<\/a><\/p>\n<\/div>\n<div class=\"grid-33 tablet-grid-33 mobile-grid-100 first-column\">\n<p><strong><a href=\"https:\/\/nordic.mloy.fi\/NAVBeef\/\" target=\"_blank\" rel=\"noopener\">NAVET avelsv\u00e4rden k\u00f6ttras<\/a><\/strong><\/p>\n<p><strong><a href=\"https:\/\/nordicebv.info\/wp-content\/uploads\/2025\/11\/NAV-routine-genetic-evaluation_beef-x-dairy-20251110-1.pdf\">NAVs avelsv\u00e4rdering k\u00f6tt x mj\u00f6lk \u2013 data och modeller<\/a> <\/strong>(p\u00e5 engelska)<\/p>\n<\/div>\n","protected":false},"excerpt":{"rendered":"<p>Kalvningsegenskaper Levandef\u00f6dda kalvar och kalvningsf\u00f6rm\u00e5ga baserat p\u00e5 kor i f\u00f6rsta respektive senare laktation. Ren direkt effekt &#8211; tjuren \u00e4r far till kalven och avelsv\u00e4rdet beskriver tjurens direkta effekt p\u00e5 kalvens f\u00f6rm\u00e5ga att f\u00f6das l\u00e4tt och vid liv. Alla fyra avelsv\u00e4rden kan publiceras om tjuren har en s\u00e4kerhet p\u00e5 minst 50 % f\u00f6r avelsv\u00e4rdet f\u00f6r levandef\u00f6dda &#8230; <a title=\"Funktionella egenskaper\" class=\"read-more\" href=\"https:\/\/nordicebv.info\/sv\/funktionella-egenskaper-kxm\/\" aria-label=\"L\u00e4s mer om Funktionella egenskaper\">L\u00e4s mer<\/a><\/p>\n","protected":false},"author":6,"featured_media":0,"parent":0,"menu_order":0,"comment_status":"closed","ping_status":"closed","template":"","meta":{"_exactmetrics_skip_tracking":false,"_exactmetrics_sitenote_active":false,"_exactmetrics_sitenote_note":"","_exactmetrics_sitenote_category":0,"footnotes":""},"class_list":["post-21200","page","type-page","status-publish"],"aioseo_notices":[],"_links":{"self":[{"href":"https:\/\/nordicebv.info\/sv\/wp-json\/wp\/v2\/pages\/21200","targetHints":{"allow":["GET"]}}],"collection":[{"href":"https:\/\/nordicebv.info\/sv\/wp-json\/wp\/v2\/pages"}],"about":[{"href":"https:\/\/nordicebv.info\/sv\/wp-json\/wp\/v2\/types\/page"}],"author":[{"embeddable":true,"href":"https:\/\/nordicebv.info\/sv\/wp-json\/wp\/v2\/users\/6"}],"replies":[{"embeddable":true,"href":"https:\/\/nordicebv.info\/sv\/wp-json\/wp\/v2\/comments?post=21200"}],"version-history":[{"count":6,"href":"https:\/\/nordicebv.info\/sv\/wp-json\/wp\/v2\/pages\/21200\/revisions"}],"predecessor-version":[{"id":23733,"href":"https:\/\/nordicebv.info\/sv\/wp-json\/wp\/v2\/pages\/21200\/revisions\/23733"}],"wp:attachment":[{"href":"https:\/\/nordicebv.info\/sv\/wp-json\/wp\/v2\/media?parent=21200"}],"curies":[{"name":"wp","href":"https:\/\/api.w.org\/{rel}","templated":true}]}}