{"id":21194,"date":"2025-06-18T12:16:06","date_gmt":"2025-06-18T09:16:06","guid":{"rendered":"https:\/\/nordicebv.info\/?page_id=21194"},"modified":"2025-11-21T15:00:58","modified_gmt":"2025-11-21T13:00:58","slug":"nbdi","status":"publish","type":"page","link":"https:\/\/nordicebv.info\/sv\/nbdi\/","title":{"rendered":"NBDI"},"content":{"rendered":"<div class=\"grid-66 tablet-grid-66 mobile-grid-100 first-column\">\n<p><strong>K\u00f6tt x mj\u00f6lk avelsv\u00e4rden<\/strong><\/p>\n<p>NAVs avelsv\u00e4rden f\u00f6r semintjurar av k\u00f6ttras baserat p\u00e5 deras korsningsavkommor efter mj\u00f6lkkor (s\u00e5 kallade K\u00f6tt x Mj\u00f6lk eller KxM avelsv\u00e4rden) kan anv\u00e4ndas av mj\u00f6lkproducenter f\u00f6r att v\u00e4lja k\u00f6ttrastjurar till korsningskalvar som f\u00f6ds l\u00e4tt och har en god tillv\u00e4xt och slaktkroppskvalitet. Korsningskalvar som ing\u00e5r i avelsv\u00e4rderingen \u00e4r efter renrasiga Holstein, Jersey och RDC kor. Upp till tio enskilda avelsv\u00e4rden kan publiceras f\u00f6r varje k\u00f6ttrastjur, under f\u00f6ruts\u00e4ttning att publiceringsreglerna \u00e4r uppfyllda. De enskilda avelsv\u00e4rdena v\u00e4gs samman med ekonomiska vikter i delindexen Kalvningar far, Tillv\u00e4xt och Ungdjurs\u00f6verlevnad, vilka d\u00e4refter v\u00e4gs samman i det ekonomiska Nordic Beef x Dairy Index (NBDI).<\/p>\n<p><strong>Nordic Beef x Dairy Index<\/strong><\/p>\n<p>Nordic Beef x Dairy Index (NBDI) beskriver k\u00f6ttrastjurens ekonomiska v\u00e4rde baserat p\u00e5 dess genetiska potential f\u00f6r att producera k\u00f6tt x mj\u00f6lk korsningsavkommor som ger uppf\u00f6daren b\u00e4st l\u00f6nsamhet. NBDI best\u00e5r i nul\u00e4get av tre delindex, Kalvningar far, Tillv\u00e4xt och Ungdjurs\u00f6verlevnad. L\u00e4ngden och intensiteten p\u00e5 uppf\u00f6dningsperioden p\u00e5verkar de ekonomiska v\u00e4rdena f\u00f6r tillv\u00e4xtegenskaper. Varje tjur f\u00e5r d\u00e4rf\u00f6r olika v\u00e4rden f\u00f6r Tillv\u00e4xt och f\u00f6r totalindexet NBDI beroende p\u00e5 om avkommorna ska f\u00f6das upp med kort (&lt;550d) eller l\u00e5ng (&gt;550d) uppf\u00f6dningsperiod. Generellt anv\u00e4nds kort uppf\u00f6dning i Danmark och l\u00e5ng uppf\u00f6dning i Finland och Sverige.<\/p>\n<p><strong>Kalvningar far<\/strong> inkluderar tv\u00e5 avelsv\u00e4rden, levandef\u00f6dda och kalvningsf\u00f6rm\u00e5ga i senare laktation, som kombineras med ekonomiska vikter.<\/p>\n<p><strong>Tillv\u00e4xt, kort eller l\u00e5ng<\/strong>, inkluderar tre avelsv\u00e4rden, slaktkroppstillv\u00e4xt, formklass och fettklass, kombinerade med ekonomiska vikter.<\/p>\n<p><strong>Ungdjurs\u00f6verlevnad, <\/strong>inkluderar tv\u00e5 avelsv\u00e4rden, tidig period och sen period, kombinerade med ekonomiska vikter.<\/p>\n<p><strong>NBDI, kort eller l\u00e5ng<\/strong>, inkluderar Kalvningar far, Tillv\u00e4xt, kort eller l\u00e5ng och Ungdjurs\u00f6verlevnad, kombinerade med ekonomiska vikter. Hur avelsv\u00e4rden v\u00e4gs samman i NBDI \u00e4r resultatet av noggranna ekonomiska ber\u00e4kningar och f\u00f6rv\u00e4ntningar p\u00e5 framtida priser och produktionsf\u00f6rh\u00e5llanden.<\/p>\n<p>Att basera urvalet av k\u00f6ttrastjurar f\u00f6r anv\u00e4ndning i din mj\u00f6lkbes\u00e4ttning p\u00e5 NBDI ger korsningsavkommor som f\u00f6ds l\u00e4tt, har en h\u00f6g tillv\u00e4xt och slaktkroppskvalitet och h\u00f6g \u00f6verlevnad under uppf\u00f6dningsperioden. Det ger framsteg i alla ing\u00e5ende egenskaper. Med NBDI s\u00e5 avlar du f\u00f6r b\u00e4ttre l\u00f6nsamhet.<\/p>\n<p>&nbsp;<\/p>\n<p>Mer information:<\/p>\n<p><a href=\"https:\/\/nordicebv.info\/wp-content\/uploads\/2024\/11\/NBDI-of-beef-sires-used-for-dairy-crosses-final-version.pdf\">Total Merit Index (NBDI) for beef sires used for dairy cattle<\/a>, (p\u00e5 engelska, updaterad 2024)<\/p>\n<p><a href=\"https:\/\/nordicebv.info\/wp-content\/uploads\/2020\/10\/BxD_final_report.pdf\">BxD breeding values \u2013 Final report<\/a> (p\u00e5 engelska)<\/p>\n<p><a href=\"https:\/\/vimeo.com\/396660324\" target=\"_blank\" rel=\"noopener\">Webinar om KxM avelsv\u00e4rden<\/a> (p\u00e5 engelska)<\/p>\n<\/div>\n<div class=\"grid-33 tablet-grid-33 mobile-grid-100 first-column\">\n<p><strong><a href=\"https:\/\/nordic.mloy.fi\/NAVBeef\/\" target=\"_blank\" rel=\"noopener\">NAVET avelsv\u00e4rden k\u00f6ttras<\/a><\/strong><\/p>\n<p><strong><a href=\"https:\/\/nordicebv.info\/wp-content\/uploads\/2025\/02\/Overview-of-phenotypic-values-BxD-SWE-update-2025.pdf\">\u00d6versikt av fenotypv\u00e4rden f\u00f6r avelsv\u00e4rderingen k\u00f6tt x mj\u00f6lk<\/a><\/strong><\/p>\n<p><strong><a href=\"https:\/\/nordicebv.info\/wp-content\/uploads\/2025\/11\/NAV-routine-genetic-evaluation_beef-x-dairy-20251110-1.pdf\">NAVs avelsv\u00e4rdering k\u00f6tt x mj\u00f6lk \u2013 data och modeller<\/a><\/strong>\u00a0(p\u00e5 engelska)<\/p>\n<p><a title=\"\u00c4ndringar i K\u00f6ttxMj\u00f6lk avelsv\u00e4rdering\" href=\"https:\/\/nordicebv.info\/wp-content\/uploads\/2024\/11\/Changes-in-BxD-evaluation-2018-2024-SWE.pdf\"><strong>\u00c4ndringar i K\u00f6ttxMj\u00f6lk avelsv\u00e4rdering<\/strong><\/a><\/p>\n<p><strong><a href=\"https:\/\/nordicebv.info\/wp-content\/uploads\/2025\/06\/NBDI-weights-and-correlations-SWE.pdf\">NBDI viktfaktorer och korrelationer<\/a><\/strong><\/p>\n<p>&nbsp;<\/p>\n<\/div>\n","protected":false},"excerpt":{"rendered":"<p>K\u00f6tt x mj\u00f6lk avelsv\u00e4rden NAVs avelsv\u00e4rden f\u00f6r semintjurar av k\u00f6ttras baserat p\u00e5 deras korsningsavkommor efter mj\u00f6lkkor (s\u00e5 kallade K\u00f6tt x Mj\u00f6lk eller KxM avelsv\u00e4rden) kan anv\u00e4ndas av mj\u00f6lkproducenter f\u00f6r att v\u00e4lja k\u00f6ttrastjurar till korsningskalvar som f\u00f6ds l\u00e4tt och har en god tillv\u00e4xt och slaktkroppskvalitet. Korsningskalvar som ing\u00e5r i avelsv\u00e4rderingen \u00e4r efter renrasiga Holstein, Jersey och &#8230; <a title=\"NBDI\" class=\"read-more\" href=\"https:\/\/nordicebv.info\/sv\/nbdi\/\" aria-label=\"L\u00e4s mer om NBDI\">L\u00e4s mer<\/a><\/p>\n","protected":false},"author":6,"featured_media":0,"parent":0,"menu_order":0,"comment_status":"closed","ping_status":"closed","template":"","meta":{"_exactmetrics_skip_tracking":false,"_exactmetrics_sitenote_active":false,"_exactmetrics_sitenote_note":"","_exactmetrics_sitenote_category":0,"footnotes":""},"class_list":["post-21194","page","type-page","status-publish"],"aioseo_notices":[],"_links":{"self":[{"href":"https:\/\/nordicebv.info\/sv\/wp-json\/wp\/v2\/pages\/21194","targetHints":{"allow":["GET"]}}],"collection":[{"href":"https:\/\/nordicebv.info\/sv\/wp-json\/wp\/v2\/pages"}],"about":[{"href":"https:\/\/nordicebv.info\/sv\/wp-json\/wp\/v2\/types\/page"}],"author":[{"embeddable":true,"href":"https:\/\/nordicebv.info\/sv\/wp-json\/wp\/v2\/users\/6"}],"replies":[{"embeddable":true,"href":"https:\/\/nordicebv.info\/sv\/wp-json\/wp\/v2\/comments?post=21194"}],"version-history":[{"count":5,"href":"https:\/\/nordicebv.info\/sv\/wp-json\/wp\/v2\/pages\/21194\/revisions"}],"predecessor-version":[{"id":23725,"href":"https:\/\/nordicebv.info\/sv\/wp-json\/wp\/v2\/pages\/21194\/revisions\/23725"}],"wp:attachment":[{"href":"https:\/\/nordicebv.info\/sv\/wp-json\/wp\/v2\/media?parent=21194"}],"curies":[{"name":"wp","href":"https:\/\/api.w.org\/{rel}","templated":true}]}}