{"id":20353,"date":"2025-05-06T09:52:35","date_gmt":"2025-05-06T06:52:35","guid":{"rendered":"https:\/\/nordicebv.info\/?page_id=20353"},"modified":"2026-02-03T10:33:23","modified_gmt":"2026-02-03T08:33:23","slug":"metan","status":"publish","type":"page","link":"https:\/\/nordicebv.info\/sv\/metan\/","title":{"rendered":"Metan"},"content":{"rendered":"<div class=\"grid-66 tablet-grid-66 mobile-grid-100 first-column\">\n<h2>Metan<\/h2>\n<p>Metanindexet beskriver den genetiska potentialen f\u00f6r l\u00e4gre metanproduktion i kons vom, vilket d\u00e4rmed minskar metanutsl\u00e4ppen. Uppgifterna kommer fr\u00e5n s\u00e5 kallade &#8221;sniffers\u201d som m\u00e4ter metan- och koldioxidkoncentrationen i kons utandningsluft n\u00e4r de \u00e4ter i mj\u00f6lkroboten. Den fenotypiska registrering som anv\u00e4nds i metanindexet \u00e4r metankoncentrationen, d\u00e4r en l\u00e4gre metankoncentration indikerar en l\u00e4gre metanproduktion.<\/p>\n<p>L\u00e4s mer:<\/p>\n<p><a href=\"https:\/\/nordicebv.info\/wp-content\/uploads\/2025\/05\/First-Nordic-methane-index-SWE.pdf\">F\u00f6rsta nordiska metanindexet<\/a><\/p>\n<p><a href=\"https:\/\/nordicebv.info\/wp-content\/uploads\/2026\/02\/HOLbulls-Methane-index-February2026.pdf\">HOL Tjurlista f\u00f6r metanindex, Februari 2026<\/a><\/p>\n<\/div>\n<div class=\"grid-33 tablet-grid-33 mobile-grid-100 first-column\">\n<p><strong><a href=\"https:\/\/nordic.mloy.fi\/NAVBull\/\" target=\"_blank\" rel=\"noopener\">NAVET avelsv\u00e4rden mj\u00f6lkrastjurar<\/a><\/strong><\/p>\n<\/div>\n","protected":false},"excerpt":{"rendered":"<p>Metan Metanindexet beskriver den genetiska potentialen f\u00f6r l\u00e4gre metanproduktion i kons vom, vilket d\u00e4rmed minskar metanutsl\u00e4ppen. Uppgifterna kommer fr\u00e5n s\u00e5 kallade &#8221;sniffers\u201d som m\u00e4ter metan- och koldioxidkoncentrationen i kons utandningsluft n\u00e4r de \u00e4ter i mj\u00f6lkroboten. Den fenotypiska registrering som anv\u00e4nds i metanindexet \u00e4r metankoncentrationen, d\u00e4r en l\u00e4gre metankoncentration indikerar en l\u00e4gre metanproduktion. L\u00e4s mer: F\u00f6rsta &#8230; <a title=\"Metan\" class=\"read-more\" href=\"https:\/\/nordicebv.info\/sv\/metan\/\" aria-label=\"L\u00e4s mer om Metan\">L\u00e4s mer<\/a><\/p>\n","protected":false},"author":6,"featured_media":0,"parent":0,"menu_order":0,"comment_status":"closed","ping_status":"closed","template":"","meta":{"_exactmetrics_skip_tracking":false,"_exactmetrics_sitenote_active":false,"_exactmetrics_sitenote_note":"","_exactmetrics_sitenote_category":0,"footnotes":""},"class_list":["post-20353","page","type-page","status-publish"],"aioseo_notices":[],"_links":{"self":[{"href":"https:\/\/nordicebv.info\/sv\/wp-json\/wp\/v2\/pages\/20353","targetHints":{"allow":["GET"]}}],"collection":[{"href":"https:\/\/nordicebv.info\/sv\/wp-json\/wp\/v2\/pages"}],"about":[{"href":"https:\/\/nordicebv.info\/sv\/wp-json\/wp\/v2\/types\/page"}],"author":[{"embeddable":true,"href":"https:\/\/nordicebv.info\/sv\/wp-json\/wp\/v2\/users\/6"}],"replies":[{"embeddable":true,"href":"https:\/\/nordicebv.info\/sv\/wp-json\/wp\/v2\/comments?post=20353"}],"version-history":[{"count":10,"href":"https:\/\/nordicebv.info\/sv\/wp-json\/wp\/v2\/pages\/20353\/revisions"}],"predecessor-version":[{"id":24314,"href":"https:\/\/nordicebv.info\/sv\/wp-json\/wp\/v2\/pages\/20353\/revisions\/24314"}],"wp:attachment":[{"href":"https:\/\/nordicebv.info\/sv\/wp-json\/wp\/v2\/media?parent=20353"}],"curies":[{"name":"wp","href":"https:\/\/api.w.org\/{rel}","templated":true}]}}