{"id":19667,"date":"2025-03-05T10:13:39","date_gmt":"2025-03-05T08:13:39","guid":{"rendered":"https:\/\/nordicebv.info\/?page_id=19667"},"modified":"2025-03-05T10:13:39","modified_gmt":"2025-03-05T08:13:39","slug":"genetiska-trender-kottras","status":"publish","type":"page","link":"https:\/\/nordicebv.info\/sv\/kottdjur\/genetiska-trender-kottras\/","title":{"rendered":"Genetiska trender &#8211; k\u00f6ttras"},"content":{"rendered":"<p>P\u00e5 <a href=\"https:\/\/nordic.mloy.fi\/NAVTrends\/beef\" target=\"_blank\" rel=\"noopener\">NAV trender \u2013 k\u00f6ttras<\/a> visas genetiska trender (medelavelv\u00e4rden per f\u00f6delse\u00e5r) f\u00f6r de nordiska k\u00f6ttraserna som avelv\u00e4rderas i NAV.\u00a0 H\u00e4r illustrerar olika grafer genetiska trender f\u00f6r delindexen. Man kan v\u00e4lja att titta p\u00e5 trenden f\u00f6r olika raser och uppdelat per land eller totalt f\u00f6r de tre nordiska l\u00e4nderna (DFS \u2013 Danmark, Finland och Sverige).<\/p>\n","protected":false},"excerpt":{"rendered":"<p>P\u00e5 NAV trender \u2013 k\u00f6ttras visas genetiska trender (medelavelv\u00e4rden per f\u00f6delse\u00e5r) f\u00f6r de nordiska k\u00f6ttraserna som avelv\u00e4rderas i NAV.\u00a0 H\u00e4r illustrerar olika grafer genetiska trender f\u00f6r delindexen. Man kan v\u00e4lja att titta p\u00e5 trenden f\u00f6r olika raser och uppdelat per land eller totalt f\u00f6r de tre nordiska l\u00e4nderna (DFS \u2013 Danmark, Finland och Sverige).<\/p>\n","protected":false},"author":6,"featured_media":0,"parent":8169,"menu_order":0,"comment_status":"closed","ping_status":"closed","template":"","meta":{"_exactmetrics_skip_tracking":false,"_exactmetrics_sitenote_active":false,"_exactmetrics_sitenote_note":"","_exactmetrics_sitenote_category":0,"footnotes":""},"class_list":["post-19667","page","type-page","status-publish"],"aioseo_notices":[],"_links":{"self":[{"href":"https:\/\/nordicebv.info\/sv\/wp-json\/wp\/v2\/pages\/19667","targetHints":{"allow":["GET"]}}],"collection":[{"href":"https:\/\/nordicebv.info\/sv\/wp-json\/wp\/v2\/pages"}],"about":[{"href":"https:\/\/nordicebv.info\/sv\/wp-json\/wp\/v2\/types\/page"}],"author":[{"embeddable":true,"href":"https:\/\/nordicebv.info\/sv\/wp-json\/wp\/v2\/users\/6"}],"replies":[{"embeddable":true,"href":"https:\/\/nordicebv.info\/sv\/wp-json\/wp\/v2\/comments?post=19667"}],"version-history":[{"count":1,"href":"https:\/\/nordicebv.info\/sv\/wp-json\/wp\/v2\/pages\/19667\/revisions"}],"predecessor-version":[{"id":19669,"href":"https:\/\/nordicebv.info\/sv\/wp-json\/wp\/v2\/pages\/19667\/revisions\/19669"}],"up":[{"embeddable":true,"href":"https:\/\/nordicebv.info\/sv\/wp-json\/wp\/v2\/pages\/8169"}],"wp:attachment":[{"href":"https:\/\/nordicebv.info\/sv\/wp-json\/wp\/v2\/media?parent=19667"}],"curies":[{"name":"wp","href":"https:\/\/api.w.org\/{rel}","templated":true}]}}