{"id":14155,"date":"2022-05-31T12:49:24","date_gmt":"2022-05-31T09:49:24","guid":{"rendered":"https:\/\/nordicebv.info\/?page_id=14155"},"modified":"2025-11-06T14:01:36","modified_gmt":"2025-11-06T12:01:36","slug":"gebvs-for-korsningar","status":"publish","type":"page","link":"https:\/\/nordicebv.info\/sv\/ntm\/gebvs-for-korsningar\/","title":{"rendered":"GEBVs f\u00f6r korsningar"},"content":{"rendered":"<div class=\"grid-66 tablet-grid-66 mobile-grid-100 first-column\">\n<h2>Genomiska avelsv\u00e4rden f\u00f6r mj\u00f6lkraskorsningar<\/h2>\n<p>I december 2021 publicerades f\u00f6r f\u00f6rsta g\u00e5ngen genomiska avelsv\u00e4rden f\u00f6r hondjur av mj\u00f6lkraskorning p\u00e5 nordisk niv\u00e5. NAV ber\u00e4knar genomiska avelsv\u00e4rden f\u00f6r genomiskt testade hondjur som \u00e4r korsningar mellan raserna RDC, holstein och jersey. F\u00f6ljande kr\u00e4vs f\u00f6r korsningskor eller -kvigor ska inkluderas i avelsv\u00e4rderingen:<\/p>\n<ul>\n<li>Fadern till korsningsdjuren m\u00e5ste vara av rasen holstein, jersey eller RDC<\/li>\n<li>Morfadern till korsningsdjuren m\u00e5ste vara av rasen holstein, jersey eller RDC<\/li>\n<\/ul>\n<p>Genomiska avelsv\u00e4rden ber\u00e4knas f\u00f6r NTM och alla delindex som inkluderas i NTM, f\u00f6rutom ungdjurs\u00f6verlevnad. Genomiska avelsv\u00e4rden ber\u00e4knas dessutom f\u00f6r mj\u00f6lk, fett, protein och alla exteri\u00f6regenskaper.<\/p>\n<p><strong>L\u00e4s mer:<\/strong><br \/>\n<a href=\"https:\/\/nordicebv.info\/wp-content\/uploads\/2021\/12\/Genomic-breeding-values-for-DxD_SWE.pdf\">Genomiska avelsv\u00e4rden f\u00f6r mj\u00f6lkraskorsningar ger nya m\u00f6jligheter<\/a><\/p>\n<p><a href=\"https:\/\/nordicebv.info\/wp-content\/uploads\/2022\/05\/2021-12-07-Information-NAV-run-December-2021_Final.pdf\">NAV nyhetsbrev, December 2021<\/a> (p\u00e5 engelska)<\/p>\n<\/div>\n<div class=\"grid-33 tablet-grid-33 mobile-grid-100 first-column\"><strong><a href=\"https:\/\/nordicebv.info\/wp-content\/uploads\/2025\/11\/NAV-routine-genetic-evaluation-November-2025.pdf\">NAVs avelsv\u00e4rdering mj\u00f6lkkor \u2013 data och modeller<\/a>\u00a0<\/strong>(p\u00e5 engelska)<\/div>\n","protected":false},"excerpt":{"rendered":"<p>Genomiska avelsv\u00e4rden f\u00f6r mj\u00f6lkraskorsningar I december 2021 publicerades f\u00f6r f\u00f6rsta g\u00e5ngen genomiska avelsv\u00e4rden f\u00f6r hondjur av mj\u00f6lkraskorning p\u00e5 nordisk niv\u00e5. NAV ber\u00e4knar genomiska avelsv\u00e4rden f\u00f6r genomiskt testade hondjur som \u00e4r korsningar mellan raserna RDC, holstein och jersey. F\u00f6ljande kr\u00e4vs f\u00f6r korsningskor eller -kvigor ska inkluderas i avelsv\u00e4rderingen: Fadern till korsningsdjuren m\u00e5ste vara av rasen holstein, &#8230; <a title=\"GEBVs f\u00f6r korsningar\" class=\"read-more\" href=\"https:\/\/nordicebv.info\/sv\/ntm\/gebvs-for-korsningar\/\" aria-label=\"L\u00e4s mer om GEBVs f\u00f6r korsningar\">L\u00e4s mer<\/a><\/p>\n","protected":false},"author":6,"featured_media":0,"parent":9529,"menu_order":0,"comment_status":"closed","ping_status":"closed","template":"","meta":{"_exactmetrics_skip_tracking":false,"_exactmetrics_sitenote_active":false,"_exactmetrics_sitenote_note":"","_exactmetrics_sitenote_category":0,"footnotes":""},"class_list":["post-14155","page","type-page","status-publish"],"aioseo_notices":[],"_links":{"self":[{"href":"https:\/\/nordicebv.info\/sv\/wp-json\/wp\/v2\/pages\/14155","targetHints":{"allow":["GET"]}}],"collection":[{"href":"https:\/\/nordicebv.info\/sv\/wp-json\/wp\/v2\/pages"}],"about":[{"href":"https:\/\/nordicebv.info\/sv\/wp-json\/wp\/v2\/types\/page"}],"author":[{"embeddable":true,"href":"https:\/\/nordicebv.info\/sv\/wp-json\/wp\/v2\/users\/6"}],"replies":[{"embeddable":true,"href":"https:\/\/nordicebv.info\/sv\/wp-json\/wp\/v2\/comments?post=14155"}],"version-history":[{"count":11,"href":"https:\/\/nordicebv.info\/sv\/wp-json\/wp\/v2\/pages\/14155\/revisions"}],"predecessor-version":[{"id":23560,"href":"https:\/\/nordicebv.info\/sv\/wp-json\/wp\/v2\/pages\/14155\/revisions\/23560"}],"up":[{"embeddable":true,"href":"https:\/\/nordicebv.info\/sv\/wp-json\/wp\/v2\/pages\/9529"}],"wp:attachment":[{"href":"https:\/\/nordicebv.info\/sv\/wp-json\/wp\/v2\/media?parent=14155"}],"curies":[{"name":"wp","href":"https:\/\/api.w.org\/{rel}","templated":true}]}}