{"id":13041,"date":"2021-11-02T13:51:53","date_gmt":"2021-11-02T11:51:53","guid":{"rendered":"https:\/\/nordicebv.info\/?page_id=13041"},"modified":"2024-11-05T13:44:58","modified_gmt":"2024-11-05T11:44:58","slug":"kott","status":"publish","type":"page","link":"https:\/\/nordicebv.info\/sv\/kottdjur\/kott\/","title":{"rendered":"K\u00f6tt publicering"},"content":{"rendered":"<div class=\"grid-66 tablet-grid-66 mobile-grid-100 first-column\">\n<h2>K\u00f6tt publicering<\/h2>\n<p><strong>Avelsv\u00e4rden k\u00f6tt<\/strong><\/p>\n<p>NAV avelsv\u00e4rden f\u00f6r tjurar (AI och egna) och kor av k\u00f6ttras kan anv\u00e4ndas av k\u00f6ttuppf\u00f6dare f\u00f6r att v\u00e4lja f\u00f6r\u00e4ldradjur till n\u00e4sta generation kalvar.<\/p>\n<p>NAVs k\u00f6ttavelsv\u00e4rdering omfattar fem raser (Aberdeen Angus, Charolais, Hereford, Limousin och Simmental). F\u00f6r varje tjur och ko kan sju delindex och 18 enskilda avelsv\u00e4rden publiceras, f\u00f6rutsatt att publiceringsreglerna uppfylls.<\/p>\n<p>November 2023 inkluderades nio nya raser (Blonde d\u2019Aquitaine, Danish Blue Cattle, Dexter, Galloway, Grauvieh, Highland Cattle, Piemontes, Salers, Shorthorn (k\u00f6tt)) i NAVs k\u00f6ttavelsv\u00e4rdering. Alla delindex och enskilda egenskaper publiceras nu \u00e4ven f\u00f6r de nya raserna, \u00a0f\u00f6rutsatt att publiceringsreglerna \u00e4r uppfyllda.<\/p>\n<p>I november 2024 introducerades genomiska avelsv\u00e4rden ber\u00e4knade med single-step-metoden f\u00f6r tillv\u00e4xt- och slaktegenskaper f\u00f6r de fem f\u00f6rsta raserna (Aberdeen Angus, Charolais, Hereford, Limousin och Simmental). Dessa raser har tillr\u00e4ckligt m\u00e5nga djur med genomisk information f\u00f6r att ha tillf\u00f6rlitliga genomiska avelsv\u00e4rden. Genomiska avelsv\u00e4rden f\u00f6r kalvningsegenskaper kommer att bli tillg\u00e4ngliga 2025.<\/p>\n<p><strong>Egenskaper<\/strong><\/p>\n<p>De egenskaper som ing\u00e5r i den gemensamma nordiska avelsv\u00e4rderingen f\u00f6r k\u00f6ttraser \u00e4r i stor utstr\u00e4ckning desamma som tidigare har publicerats i respektive land. Vissa skillnader finns dock. Egenskaperna beskrivs nedan. Vissa egenskaper \u00e4r viktiga i sig sj\u00e4lva medan andra anv\u00e4nds f\u00f6r att \u00f6ka s\u00e4kerheten, d\u00e5 de \u00e4r genetiskt korrelerade till de viktiga egenskaperna.<\/p>\n<ul>\n<li>Levandef\u00f6dda och kalvningsf\u00f6rm\u00e5ga, f\u00f6rstakalvare och \u00e4ldre kor, respektive (direkt\/maternell)\n<ul>\n<li>Kalvens \u00f6verlevnad inom 24 timmar efter kalvning<\/li>\n<li>V\u00e4rdering av kalvningsf\u00f6rm\u00e5ga j\u00e4mf\u00f6rt med \u00f6vriga kalvningar i bes\u00e4ttningen<\/li>\n<\/ul>\n<\/li>\n<li>F\u00f6delsevikt (direkt\/maternell)\n<ul>\n<li>\u00c4r positivt korrelerat med tillv\u00e4xt och negativt korrelerat med kalvens f\u00f6rm\u00e5ga att f\u00f6das<\/li>\n<\/ul>\n<\/li>\n<li>200-dagarstillv\u00e4xt (direkt\/maternell)\n<ul>\n<li>Tillv\u00e4xt fr\u00e5n f\u00f6dsel till avv\u00e4njning vid 200 dagar. Uttrycker b\u00e5de kalvens f\u00f6rm\u00e5ga att v\u00e4xa och moderns f\u00f6rm\u00e5ga att ta hand om kalven<\/li>\n<\/ul>\n<\/li>\n<li>365-dagarsvikt (direkt\/maternell)\n<ul>\n<li>Uttrycker b\u00e5de kalvens f\u00f6rm\u00e5ga att v\u00e4xa och moderns f\u00f6rm\u00e5ga att ta hand om kalven<\/li>\n<\/ul>\n<\/li>\n<li>Tillv\u00e4xt efter avv\u00e4njning\n<ul>\n<li>Tillv\u00e4xt fr\u00e5n avv\u00e4njning till 365 dagar. Uttrycker kalvens f\u00f6rm\u00e5ga att v\u00e4xa<\/li>\n<\/ul>\n<\/li>\n<li>Slaktkroppstillv\u00e4xt\n<ul>\n<li>Tillv\u00e4xt fr\u00e5n f\u00f6dsel till slakt. Uttrycker huvudsakligen kalvens f\u00f6rm\u00e5ga att v\u00e4xa men ocks\u00e5 till viss del moderns f\u00f6rm\u00e5ga att ta hand om kalven<\/li>\n<\/ul>\n<\/li>\n<li>Formklass\n<ul>\n<li>Klassning av slaktkroppen enligt slakteriets EUROP-skala<\/li>\n<\/ul>\n<\/li>\n<li>Fettgrupp\n<ul>\n<li>Fettans\u00e4ttning enligt slakteriets klassning<\/li>\n<\/ul>\n<\/li>\n<\/ul>\n<p><strong>Delindex<\/strong><br \/>\nEnskilda egenskaper kombineras till sju delindex med rasspecifika vikter.<\/p>\n<ul>\n<li><strong>Produktion<\/strong> inneh\u00e5ller delindex Tillv\u00e4xt och Slaktkvalitet.<\/li>\n<li><strong>Tillv\u00e4xt <\/strong>inneh\u00e5ller avelsv\u00e4rden f\u00f6r slaktkroppstillv\u00e4xt och 365-dagarsvikt \u2013 direkt.<\/li>\n<li><strong>Slaktkvalitet <\/strong>inneh\u00e5ller avelsv\u00e4rden f\u00f6r fettgrupp och formklass.<\/li>\n<li><strong>Moder<\/strong> inneh\u00e5ller delindex Kalvning och Mj\u00f6lk.<\/li>\n<li><strong>Kalvning <\/strong>inneh\u00e5ller avelsv\u00e4rden f\u00f6r\n<ul>\n<li>Kalvningsf\u00f6rm\u00e5ga, maternell, 1. kalvning<\/li>\n<li>Kalvningsf\u00f6rm\u00e5ga, maternell, 2+ kalvning<\/li>\n<li>Levandef\u00f6dda, maternell, 1. kalvning<\/li>\n<li>Levandef\u00f6dda, maternell, 2+ kalvning<\/li>\n<\/ul>\n<\/li>\n<li><strong>Mj\u00f6lk <\/strong>inneh\u00e5ller avelsv\u00e4rden f\u00f6r 200-dagarstillv\u00e4xt &#8211; maternell<\/li>\n<li><strong>F\u00f6delse <\/strong>inneh\u00e5ller avelsv\u00e4rden f\u00f6r\n<ul>\n<li>Kalvningsf\u00f6rm\u00e5ga, direkt, 1. kalvning<\/li>\n<li>Kalvningsf\u00f6rm\u00e5ga, direkt, 2+ kalvning<\/li>\n<li>Levandef\u00f6dda, direkt, 1. kalvning<\/li>\n<li>Levandef\u00f6dda, direkt, 2+ kalvning<\/li>\n<\/ul>\n<\/li>\n<\/ul>\n<p>Rasspecifika vikter presenteras i dokumentet <a href=\"https:\/\/nordicebv.info\/wp-content\/uploads\/2024\/03\/NAV-Beef-weights-for-subindices-SWE.pdf\">NAV avelsv\u00e4rden k\u00f6ttras: Rasspecifika vikter f\u00f6r delindex<\/a>.<\/p>\n<p><strong>K\u00f6tt publicering<\/strong><\/p>\n<p>NAVs k\u00f6ttavelsv\u00e4rden \u00e4r standardiserade till ett medelv\u00e4rde av 100 och en standardavvikelse av 10. Ett djurs avelsv\u00e4rde publiceras om det har en s\u00e4kerhet p\u00e5 \u00f6ver 10% eller egenskapen har observerats en g\u00e5ng hos djuret eller hos minst fem dess avkommor. Dessa regler g\u00e4ller f\u00f6r varje enskilt avelsv\u00e4rde. F\u00f6r raser d\u00e4r indexen \u00e4r ber\u00e4knade \u00f6ver l\u00e4nder best\u00e5r basgruppen av en blandning av danska, finska och svenska han- och hondjur som \u00e4r f\u00f6dda fem till nio \u00e5r f\u00f6re publikationsdatumet och uppn\u00e5r minimigr\u00e4nsen f\u00f6r s\u00e4kerhet. Basgruppens medeltal \u00e4r 100. K\u00f6ttavelsv\u00e4rdena publiceras fyra g\u00e5nger per \u00e5r (mars, april, juni och november).<\/p>\n<p>NAVs k\u00f6ttavelsv\u00e4rden publicerades f\u00f6rsta g\u00e5ngen den 2 november 2021. De senaste resultaten visas p\u00e5 hemsidan <a href=\"https:\/\/nordic.mloy.fi\/NAVBeef\/\" target=\"_blank\" rel=\"noopener\">NAVET avelsv\u00e4rden k\u00f6ttras<\/a>. S\u00f6ksidan inneh\u00e5ller alla publicerbara avelsv\u00e4rden och annan relevant information om tjurar och kor som ing\u00e5r i avelsv\u00e4rderingen. Ras m\u00e5ste v\u00e4ljas men alla andra s\u00f6kparametrar \u00e4r frivilliga. Det g\u00e5r att st\u00e4lla in s\u00f6kkriterier f\u00f6r att skapa topplistor enligt dina preferenser och att s\u00f6ka efter enskilda djur eller deras avkommor.<\/p>\n<p>Mer information:<\/p>\n<p><a href=\"https:\/\/nordicebv.info\/wp-content\/uploads\/2024\/11\/NAVssGBLUP_phase1.pdf\">Genomic breeding values for weight\/growth and carcass traits<\/a> (p\u00e5 engelska)<\/p>\n<p><a href=\"https:\/\/nordicebv.info\/wp-content\/uploads\/2023\/12\/2023-12-05-threshold-for-introducing-genetic-evaluation-for-a-new-beef-breed_approved.pdf\">Criteria for introducing joint Nordic genetic evaluation for a beef breed<\/a> (p\u00e5 engelska)<\/p>\n<p>Webinar om NAVET avelsv\u00e4rden k\u00f6ttras: <a href=\"https:\/\/vimeo.com\/886412600?share=copy\" target=\"_blank\" rel=\"noopener\">recording<\/a> \u00a0 <a href=\"https:\/\/nordicebv.info\/wp-content\/uploads\/2023\/11\/NAV-beef-webinar-17112023-TV.pdf\">PDF<\/a> (p\u00e5 engelska)<\/p>\n<p><a href=\"https:\/\/nordicebv.info\/wp-content\/uploads\/2023\/11\/NAV-Purebred-beef-evaluation-for-other-breeds.pdf\">NAV Purebred beef evaluation for other breeds<\/a> (p\u00e5 engelska)<\/p>\n<p><a href=\"https:\/\/nordicebv.info\/wp-content\/uploads\/2023\/03\/2023-03-01-Subindices_pbb_routine_implementation_final.pdf\">NAV subindices for purebred beef: within breed specific subindex weights<\/a> (p\u00e5 engelska)<\/p>\n<\/div>\n<div class=\"grid-33 tablet-grid-33 mobile-grid-100 first-column\">\n<p><strong><a href=\"https:\/\/nordic.mloy.fi\/NAVBeef\/\" target=\"_blank\" rel=\"noopener\">NAVET avelsv\u00e4rden k\u00f6ttras<\/a><\/strong><\/p>\n<p><strong><a href=\"https:\/\/nordicebv.info\/wp-content\/uploads\/2024\/03\/NAV-Beef-weights-for-subindices-SWE.pdf\">Rasspecifika vikter f\u00f6r delindex<\/a><\/strong><\/p>\n<\/div>\n","protected":false},"excerpt":{"rendered":"<p>K\u00f6tt publicering Avelsv\u00e4rden k\u00f6tt NAV avelsv\u00e4rden f\u00f6r tjurar (AI och egna) och kor av k\u00f6ttras kan anv\u00e4ndas av k\u00f6ttuppf\u00f6dare f\u00f6r att v\u00e4lja f\u00f6r\u00e4ldradjur till n\u00e4sta generation kalvar. NAVs k\u00f6ttavelsv\u00e4rdering omfattar fem raser (Aberdeen Angus, Charolais, Hereford, Limousin och Simmental). F\u00f6r varje tjur och ko kan sju delindex och 18 enskilda avelsv\u00e4rden publiceras, f\u00f6rutsatt att publiceringsreglerna &#8230; <a title=\"K\u00f6tt publicering\" class=\"read-more\" href=\"https:\/\/nordicebv.info\/sv\/kottdjur\/kott\/\" aria-label=\"L\u00e4s mer om K\u00f6tt publicering\">L\u00e4s mer<\/a><\/p>\n","protected":false},"author":6,"featured_media":0,"parent":8169,"menu_order":0,"comment_status":"closed","ping_status":"closed","template":"","meta":{"_exactmetrics_skip_tracking":false,"_exactmetrics_sitenote_active":false,"_exactmetrics_sitenote_note":"","_exactmetrics_sitenote_category":0,"footnotes":""},"class_list":["post-13041","page","type-page","status-publish"],"aioseo_notices":[],"_links":{"self":[{"href":"https:\/\/nordicebv.info\/sv\/wp-json\/wp\/v2\/pages\/13041","targetHints":{"allow":["GET"]}}],"collection":[{"href":"https:\/\/nordicebv.info\/sv\/wp-json\/wp\/v2\/pages"}],"about":[{"href":"https:\/\/nordicebv.info\/sv\/wp-json\/wp\/v2\/types\/page"}],"author":[{"embeddable":true,"href":"https:\/\/nordicebv.info\/sv\/wp-json\/wp\/v2\/users\/6"}],"replies":[{"embeddable":true,"href":"https:\/\/nordicebv.info\/sv\/wp-json\/wp\/v2\/comments?post=13041"}],"version-history":[{"count":24,"href":"https:\/\/nordicebv.info\/sv\/wp-json\/wp\/v2\/pages\/13041\/revisions"}],"predecessor-version":[{"id":18148,"href":"https:\/\/nordicebv.info\/sv\/wp-json\/wp\/v2\/pages\/13041\/revisions\/18148"}],"up":[{"embeddable":true,"href":"https:\/\/nordicebv.info\/sv\/wp-json\/wp\/v2\/pages\/8169"}],"wp:attachment":[{"href":"https:\/\/nordicebv.info\/sv\/wp-json\/wp\/v2\/media?parent=13041"}],"curies":[{"name":"wp","href":"https:\/\/api.w.org\/{rel}","templated":true}]}}