{"id":9537,"date":"2015-05-20T09:44:12","date_gmt":"2015-05-20T06:44:12","guid":{"rendered":"https:\/\/www.nordicebv.info\/ntm\/"},"modified":"2025-11-06T13:28:16","modified_gmt":"2025-11-06T11:28:16","slug":"ntm","status":"publish","type":"page","link":"https:\/\/nordicebv.info\/fi\/ntm\/","title":{"rendered":"NTM"},"content":{"rendered":"<div class=\"grid-66 tablet-grid-66 mobile-grid-100 first-column\">\n<h2>NTM \u2013 Pohjoismainen kokonaisjalostusarvo<\/h2>\n<p>NTM (Nordic Total Merit) on kokonaisjalostusarvo, jossa on mukana kaikki pohjoismaiselle lypsykarjalle taloudellisesti t\u00e4rke\u00e4t ominaisuudet.<\/p>\n<p>NTM on tasapainoinen jalostustavoite, jolla t\u00e4hd\u00e4t\u00e4\u00e4n terveeseen, hedelm\u00e4lliseen, hyv\u00e4tuotoksiseen, kest\u00e4v\u00e4\u00e4n ja hyv\u00e4rakenteiseen lypsykarjaan.<\/p>\n<p>NTM on kehitetty tiiviiss\u00e4 yhteisty\u00f6ss\u00e4 eri jalostus- ja rotuj\u00e4rjest\u00f6jen sek\u00e4 tutkimuslaitosten kanssa. NTM perustuu tuotos- ja terveystarkkailuun ja sen muodostamisessa on otettu huomioon pohjoismaiset tuotanto-olosuhteet nyt ja tulevaisuudessa. Eri ominaisuuksia on painotettu niiden taloudellisen merkitt\u00e4vyyden mukaan (katso NTM:n painokertoimet).<\/p>\n<p>NTM:ss\u00e4 mukana olevien ominaisuuksien taloudelliset painokertoimet ja niiden korrelaatio NTM:n kanssa vaikuttavat odotettavissa olevaan taloudelliseen edistymiseen kussakin ominaisuudessa (klikkaa kuvaa, niin sen n\u00e4kee suurempana):<\/p>\n<p><a href=\"https:\/\/nordicebv.info\/wp-content\/uploads\/2025\/02\/NTM-graph-feb2025-FIN-300x187.png\"><img loading=\"lazy\" decoding=\"async\" class=\"size-medium wp-image-19093 aligncenter\" src=\"https:\/\/nordicebv.info\/wp-content\/uploads\/2025\/02\/NTM-graph-feb2025-FIN-300x187.png\" alt=\"\" width=\"300\" height=\"187\" srcset=\"https:\/\/nordicebv.info\/wp-content\/uploads\/2025\/02\/NTM-graph-feb2025-FIN-300x187.png 300w, https:\/\/nordicebv.info\/wp-content\/uploads\/2025\/02\/NTM-graph-feb2025-FIN.png 524w\" sizes=\"auto, (max-width: 300px) 100vw, 300px\" \/><\/a><\/p>\n<p>Kun jalostusvalintaa tehd\u00e4\u00e4n NTM:n perusteella, edistyt\u00e4\u00e4n kaikissa taloudellisesti t\u00e4rkeiss\u00e4 ominaisuuksissa yht\u00e4 aikaa (katso Korrelaatiot NTM:n ja alaindeksin v\u00e4lill\u00e4). Yksi NTM-yksikk\u00f6 vastaa 10 euron lis\u00e4tuottoa lehm\u00e4\u00e4 kohti vuodessa.<\/p>\n<p>NTM sek\u00e4 muut NAV:n laskemat jalostusarvot keinosiemennyssonneille l\u00f6ytyv\u00e4t NAV Sonnihausta. Trendisivulla voi tarkastella perinn\u00f6llist\u00e4 edistymist\u00e4 NTM:ss\u00e4 ja siihen sis\u00e4ltyviss\u00e4 ominaisuuksissa.<\/p>\n<p>Lue lis\u00e4\u00e4 NTM:st\u00e4 englanninkielisest\u00e4 dokumentista NAVin lypsykarjan jalostusarvostelu &#8211; data ja geneettiset mallit.<\/p>\n<p>Lis\u00e4\u00e4 NTM:st\u00e4:<\/p>\n<ul>\n<li><a href=\"https:\/\/nordicebv.info\/wp-content\/uploads\/2018\/11\/NTM-is-your-breeding-goal_EC_FINAL_FIN.pdf\" target=\"_blank\" rel=\"noopener noreferrer\">NTM on r\u00e4\u00e4t\u00e4l\u00f6ity pohjoismaisille viljelij\u00f6ille<\/a><\/li>\n<li><a href=\"https:\/\/www.youtube.com\/watch?v=jATh2GLd3Uc\" target=\"_blank\" rel=\"noopener noreferrer\">NTM video<\/a> (tekstitetty suomeksi)<\/li>\n<\/ul>\n<\/div>\n<div class=\"grid-33 tablet-grid-33 mobile-grid-100 first-column\">\n<p><strong><a href=\"https:\/\/nordic.mloy.fi\/NAVBull\/\" target=\"_blank\" rel=\"noopener\">NAV Sonnihaku<\/a><\/strong><\/p>\n<p><strong><a href=\"https:\/\/nordicebv.info\/wp-content\/uploads\/2025\/02\/NTM-\u2013-weight-factors_04022025_FIN.pdf\">NTM:n painokertoimet<\/a><\/strong><\/p>\n<p><strong><a href=\"https:\/\/nordicebv.info\/wp-content\/uploads\/2025\/02\/Correlations-between-NTM-and-sub-indices_FIN-2025.pdf\">Korrelaatiot NTM:n ja osaominaisuuksien v\u00e4lill\u00e4<\/a><\/strong><\/p>\n<p><strong><a href=\"https:\/\/nordicebv.info\/wp-content\/uploads\/2021\/03\/The-economic-value-of-NTM_userfriendly_FINAL_FIN.pdf\">NTM:n taloudellinen arvo<\/a><\/strong><\/p>\n<p><strong><a href=\"https:\/\/nordicebv.info\/wp-content\/uploads\/2024\/04\/Publication-of-NAV-breeding-values_FIN-2024.pdf\">NAV-jalostusarvojen julkaisu<\/a><\/strong><\/p>\n<p><strong><a href=\"https:\/\/nordicebv.info\/wp-content\/uploads\/2025\/11\/Muutokset-NAVin-jalostusarvostelussa-1999-2025-mar2025.pdf\">Muutokset NAVin lypsyrotujen jalostusarvostelussa<\/a><\/strong><\/p>\n<p><strong><a href=\"https:\/\/nordicebv.info\/wp-content\/uploads\/2025\/11\/NAV-routine-genetic-evaluation-November-2025.pdf\">NAVin lypsykarjan jalostusarvostelu \u2013 data ja geneettiset mallit <\/a>\u00a0<\/strong>(englanniksi)<\/p>\n<p><strong><a href=\"https:\/\/www.nordicebv.info\/ntm-and-breeding-values\/genetic-trends\/\">Perinn\u00f6llinen edistyminen<\/a><\/strong><\/p>\n<\/div>\n","protected":false},"excerpt":{"rendered":"<p>NTM \u2013 Pohjoismainen kokonaisjalostusarvo NTM (Nordic Total Merit) on kokonaisjalostusarvo, jossa on mukana kaikki pohjoismaiselle lypsykarjalle taloudellisesti t\u00e4rke\u00e4t ominaisuudet. NTM on tasapainoinen jalostustavoite, jolla t\u00e4hd\u00e4t\u00e4\u00e4n terveeseen, hedelm\u00e4lliseen, hyv\u00e4tuotoksiseen, kest\u00e4v\u00e4\u00e4n ja hyv\u00e4rakenteiseen lypsykarjaan. NTM on kehitetty tiiviiss\u00e4 yhteisty\u00f6ss\u00e4 eri jalostus- ja rotuj\u00e4rjest\u00f6jen sek\u00e4 tutkimuslaitosten kanssa. NTM perustuu tuotos- ja terveystarkkailuun ja sen muodostamisessa on otettu huomioon &#8230; <a title=\"NTM\" class=\"read-more\" href=\"https:\/\/nordicebv.info\/fi\/ntm\/\" aria-label=\"Lue lis\u00e4\u00e4 aiheesta NTM\">Lue lis\u00e4\u00e4<\/a><\/p>\n","protected":false},"author":2,"featured_media":0,"parent":0,"menu_order":0,"comment_status":"closed","ping_status":"closed","template":"","meta":{"_exactmetrics_skip_tracking":false,"_exactmetrics_sitenote_active":false,"_exactmetrics_sitenote_note":"","_exactmetrics_sitenote_category":0,"footnotes":""},"class_list":["post-9537","page","type-page","status-publish"],"aioseo_notices":[],"_links":{"self":[{"href":"https:\/\/nordicebv.info\/fi\/wp-json\/wp\/v2\/pages\/9537","targetHints":{"allow":["GET"]}}],"collection":[{"href":"https:\/\/nordicebv.info\/fi\/wp-json\/wp\/v2\/pages"}],"about":[{"href":"https:\/\/nordicebv.info\/fi\/wp-json\/wp\/v2\/types\/page"}],"author":[{"embeddable":true,"href":"https:\/\/nordicebv.info\/fi\/wp-json\/wp\/v2\/users\/2"}],"replies":[{"embeddable":true,"href":"https:\/\/nordicebv.info\/fi\/wp-json\/wp\/v2\/comments?post=9537"}],"version-history":[{"count":29,"href":"https:\/\/nordicebv.info\/fi\/wp-json\/wp\/v2\/pages\/9537\/revisions"}],"predecessor-version":[{"id":23482,"href":"https:\/\/nordicebv.info\/fi\/wp-json\/wp\/v2\/pages\/9537\/revisions\/23482"}],"wp:attachment":[{"href":"https:\/\/nordicebv.info\/fi\/wp-json\/wp\/v2\/media?parent=9537"}],"curies":[{"name":"wp","href":"https:\/\/api.w.org\/{rel}","templated":true}]}}