{"id":9518,"date":"2015-06-30T15:45:36","date_gmt":"2015-06-30T12:45:36","guid":{"rendered":"https:\/\/www.nordicebv.info\/sac\/"},"modified":"2025-10-03T12:22:01","modified_gmt":"2025-10-03T09:22:01","slug":"sac","status":"publish","type":"page","link":"https:\/\/nordicebv.info\/fi\/sac\/","title":{"rendered":"SAC"},"content":{"rendered":"<h1>SAC<\/h1>\n<p>NAV:n neuvoa-antavassa tieteellisess\u00e4 komiteassa (Scientific Advisory Committee, SAC) on j\u00e4seni\u00e4 yliopistoista, tutkimuslaitoksista ja jalostusyrityksist\u00e4 Suomesta, Ruotsista ja Tanskasta. Tavoitteena on:<\/p>\n<ul>\n<li>Taata, ett\u00e4 NAV:n jalostusarvosteluissa k\u00e4ytet\u00e4\u00e4n korkeatasoisia uusimpia menetelmi\u00e4<\/li>\n<li>Koordinoida pohjoismaista jalostusarvostelututkimusta<\/li>\n<li>Hankkia rahoitusta tutkimushankkeille<\/li>\n<li>Edist\u00e4\u00e4 yhteisty\u00f6t\u00e4 NAV:n ja tutkimuslaitosten v\u00e4lill\u00e4<\/li>\n<\/ul>\n<p><strong>J\u00e4senet:<\/strong><\/p>\n<p><strong>S\u00f8ren Borchersen<\/strong>, VikingGenetics<\/p>\n<p><strong>Mogens Lund<\/strong>, Aarhus University, Center for Quantitative Genetics and Genomics, Department of Molecular Biology and Genetics<\/p>\n<p><strong>Martin Lidauer<\/strong>,\u00a0LUKE\u00a0Natural Resources Institute Finland<\/p>\n<p><strong>Kevin Byskov<\/strong>, SEGES &#8211; Cattle<\/p>\n<p><strong>Jukka P\u00f6s\u00f6<\/strong>, Faba co-op<\/p>\n<p><strong>Elisenda Rius-Vilarrasa<\/strong>, V\u00e4xa Sverige<\/p>\n<p><strong>Erling Strandberg<\/strong>,\u00a0Swedish University of Agricultural Sciences,\u00a0Department of Animal Breeding and Genetics, Division of Applied Genetics<\/p>\n","protected":false},"excerpt":{"rendered":"<p>SAC NAV:n neuvoa-antavassa tieteellisess\u00e4 komiteassa (Scientific Advisory Committee, SAC) on j\u00e4seni\u00e4 yliopistoista, tutkimuslaitoksista ja jalostusyrityksist\u00e4 Suomesta, Ruotsista ja Tanskasta. Tavoitteena on: Taata, ett\u00e4 NAV:n jalostusarvosteluissa k\u00e4ytet\u00e4\u00e4n korkeatasoisia uusimpia menetelmi\u00e4 Koordinoida pohjoismaista jalostusarvostelututkimusta Hankkia rahoitusta tutkimushankkeille Edist\u00e4\u00e4 yhteisty\u00f6t\u00e4 NAV:n ja tutkimuslaitosten v\u00e4lill\u00e4 J\u00e4senet: S\u00f8ren Borchersen, VikingGenetics Mogens Lund, Aarhus University, Center for Quantitative Genetics and Genomics, &#8230; <a title=\"SAC\" class=\"read-more\" href=\"https:\/\/nordicebv.info\/fi\/sac\/\" aria-label=\"Lue lis\u00e4\u00e4 aiheesta SAC\">Lue lis\u00e4\u00e4<\/a><\/p>\n","protected":false},"author":2,"featured_media":0,"parent":0,"menu_order":0,"comment_status":"closed","ping_status":"closed","template":"","meta":{"_exactmetrics_skip_tracking":false,"_exactmetrics_sitenote_active":false,"_exactmetrics_sitenote_note":"","_exactmetrics_sitenote_category":0,"footnotes":""},"class_list":["post-9518","page","type-page","status-publish"],"aioseo_notices":[],"_links":{"self":[{"href":"https:\/\/nordicebv.info\/fi\/wp-json\/wp\/v2\/pages\/9518","targetHints":{"allow":["GET"]}}],"collection":[{"href":"https:\/\/nordicebv.info\/fi\/wp-json\/wp\/v2\/pages"}],"about":[{"href":"https:\/\/nordicebv.info\/fi\/wp-json\/wp\/v2\/types\/page"}],"author":[{"embeddable":true,"href":"https:\/\/nordicebv.info\/fi\/wp-json\/wp\/v2\/users\/2"}],"replies":[{"embeddable":true,"href":"https:\/\/nordicebv.info\/fi\/wp-json\/wp\/v2\/comments?post=9518"}],"version-history":[{"count":5,"href":"https:\/\/nordicebv.info\/fi\/wp-json\/wp\/v2\/pages\/9518\/revisions"}],"predecessor-version":[{"id":22571,"href":"https:\/\/nordicebv.info\/fi\/wp-json\/wp\/v2\/pages\/9518\/revisions\/22571"}],"wp:attachment":[{"href":"https:\/\/nordicebv.info\/fi\/wp-json\/wp\/v2\/media?parent=9518"}],"curies":[{"name":"wp","href":"https:\/\/api.w.org\/{rel}","templated":true}]}}