{"id":8359,"date":"2019-12-20T13:44:17","date_gmt":"2019-12-20T11:44:17","guid":{"rendered":"https:\/\/www.nordicebv.info\/rehunsaasto\/"},"modified":"2025-11-06T13:55:49","modified_gmt":"2025-11-06T11:55:49","slug":"rehunsaasto","status":"publish","type":"page","link":"https:\/\/nordicebv.info\/fi\/rehunsaasto\/","title":{"rendered":"Rehuns\u00e4\u00e4st\u00f6"},"content":{"rendered":"<div class=\"grid-66 tablet-grid-66 mobile-grid-100 first-column\">\n<p><strong>Rehuns\u00e4\u00e4st\u00f6-indeksi\u00a0<\/strong>kuvaa perinn\u00f6llist\u00e4 kyky\u00e4 s\u00e4\u00e4st\u00e4 rehua. Rehuns\u00e4\u00e4st\u00f6-indeksin laskenta perustuu kuiva-aineen sy\u00f6nnin mittauksiin, EKM-tuotokseen ja painon muutokseen. Korkeampi jalostusarvo tarkoittaa enemm\u00e4n s\u00e4\u00e4stetty\u00e4 rehua ja se ilmaistaan v\u00e4hentynein\u00e4 kuiva-ainekiloina. Kun lehm\u00e4n rehuns\u00e4\u00e4st\u00f6-indeksi nousee yhden pisteen, niin se v\u00e4hent\u00e4\u00e4 kuiva-aineen sy\u00f6nti\u00e4 60 g\/pv, mik\u00e4 tarkoittaa 15-20 kg v\u00e4hemm\u00e4n sy\u00f6ty\u00e4 kuiva-ainetta lypsykautta kohti.<\/p>\n<p><strong>Yll\u00e4pito<\/strong>-ominaisuuden jalostusarvo kuvaa perinn\u00f6llist\u00e4 kyky\u00e4 s\u00e4\u00e4st\u00e4\u00e4 rehua pienemm\u00e4n yll\u00e4pitotarveen johdosta. Yll\u00e4pito on siis yhteydess\u00e4 lehm\u00e4n elopainoon. On yleisesti tiedossa, ett\u00e4 isompi lehm\u00e4 tarvitsee enemm\u00e4n energiaa yll\u00e4pitoonsa kuin pienempi lehm\u00e4. Yll\u00e4pidon jalostusarvo perustuu pohjoismaisten lehmien painotietoihin kolmelta ensimm\u00e4iselt\u00e4 lypsykaudelta. Lehmien painotiedot perustuvat joko punnitustietoihin tai rinnanymp\u00e4rysmittoihin. Lis\u00e4ksi lis\u00e4tietoina k\u00e4ytet\u00e4\u00e4n rakennearvostelusta saatavia tietoja takakorkeudesta, rungon syvyydest\u00e4 ja rinnan leveydest\u00e4, koska n\u00e4ill\u00e4 ominaisuuksilla on vahva yhteys elopainoon.<\/p>\n<p>Lis\u00e4tietoa:<\/p>\n<p><a href=\"https:\/\/nordicebv.info\/wp-content\/uploads\/2025\/02\/High-potential-with-Saved-Feed-version-3.0-FIN.pdf\">Uusi rehuns\u00e4\u00e4st\u00f6indeksi tarjoaa suuria mahdollisuuksia<\/a><\/p>\n<\/div>\n<div class=\"grid-33 tablet-grid-33 mobile-grid-100 first-column\">\n<p><strong><a href=\"https:\/\/nordic.mloy.fi\/NAVBull\/\" target=\"_blank\" rel=\"noopener\">NAV Sonnihaku<\/a><\/strong><\/p>\n<p><strong><a href=\"https:\/\/nordicebv.info\/wp-content\/uploads\/2025\/11\/NAV-routine-genetic-evaluation-November-2025.pdf\">NAVin lypsykarjan jalostusarvostelu &#8211; data ja geneettiset mallit<\/a>\u00a0<\/strong>(englanniksi)<\/p>\n<\/div>\n","protected":false},"excerpt":{"rendered":"<p>Rehuns\u00e4\u00e4st\u00f6-indeksi\u00a0kuvaa perinn\u00f6llist\u00e4 kyky\u00e4 s\u00e4\u00e4st\u00e4 rehua. Rehuns\u00e4\u00e4st\u00f6-indeksin laskenta perustuu kuiva-aineen sy\u00f6nnin mittauksiin, EKM-tuotokseen ja painon muutokseen. Korkeampi jalostusarvo tarkoittaa enemm\u00e4n s\u00e4\u00e4stetty\u00e4 rehua ja se ilmaistaan v\u00e4hentynein\u00e4 kuiva-ainekiloina. Kun lehm\u00e4n rehuns\u00e4\u00e4st\u00f6-indeksi nousee yhden pisteen, niin se v\u00e4hent\u00e4\u00e4 kuiva-aineen sy\u00f6nti\u00e4 60 g\/pv, mik\u00e4 tarkoittaa 15-20 kg v\u00e4hemm\u00e4n sy\u00f6ty\u00e4 kuiva-ainetta lypsykautta kohti. Yll\u00e4pito-ominaisuuden jalostusarvo kuvaa perinn\u00f6llist\u00e4 kyky\u00e4 s\u00e4\u00e4st\u00e4\u00e4 rehua &#8230; <a title=\"Rehuns\u00e4\u00e4st\u00f6\" class=\"read-more\" href=\"https:\/\/nordicebv.info\/fi\/rehunsaasto\/\" aria-label=\"Lue lis\u00e4\u00e4 aiheesta Rehuns\u00e4\u00e4st\u00f6\">Lue lis\u00e4\u00e4<\/a><\/p>\n","protected":false},"author":6,"featured_media":0,"parent":0,"menu_order":0,"comment_status":"closed","ping_status":"closed","template":"","meta":{"_exactmetrics_skip_tracking":false,"_exactmetrics_sitenote_active":false,"_exactmetrics_sitenote_note":"","_exactmetrics_sitenote_category":0,"footnotes":""},"class_list":["post-8359","page","type-page","status-publish"],"aioseo_notices":[],"_links":{"self":[{"href":"https:\/\/nordicebv.info\/fi\/wp-json\/wp\/v2\/pages\/8359","targetHints":{"allow":["GET"]}}],"collection":[{"href":"https:\/\/nordicebv.info\/fi\/wp-json\/wp\/v2\/pages"}],"about":[{"href":"https:\/\/nordicebv.info\/fi\/wp-json\/wp\/v2\/types\/page"}],"author":[{"embeddable":true,"href":"https:\/\/nordicebv.info\/fi\/wp-json\/wp\/v2\/users\/6"}],"replies":[{"embeddable":true,"href":"https:\/\/nordicebv.info\/fi\/wp-json\/wp\/v2\/comments?post=8359"}],"version-history":[{"count":21,"href":"https:\/\/nordicebv.info\/fi\/wp-json\/wp\/v2\/pages\/8359\/revisions"}],"predecessor-version":[{"id":23550,"href":"https:\/\/nordicebv.info\/fi\/wp-json\/wp\/v2\/pages\/8359\/revisions\/23550"}],"wp:attachment":[{"href":"https:\/\/nordicebv.info\/fi\/wp-json\/wp\/v2\/media?parent=8359"}],"curies":[{"name":"wp","href":"https:\/\/api.w.org\/{rel}","templated":true}]}}