{"id":8326,"date":"2019-02-14T13:26:11","date_gmt":"2019-02-14T11:26:11","guid":{"rendered":"https:\/\/www.nordicebv.info\/dna-maaritykset\/"},"modified":"2026-02-06T10:42:30","modified_gmt":"2026-02-06T08:42:30","slug":"dna-maaritykset","status":"publish","type":"page","link":"https:\/\/nordicebv.info\/fi\/ntm-ja-jalostusarvot\/dna-maaritykset\/","title":{"rendered":"DNA-m\u00e4\u00e4ritykset &#8211; Lypsykarja"},"content":{"rendered":"<p>DNA-m\u00e4\u00e4ritykset kertovat el\u00e4imen genotyypin sellaisissa ominaisuuksissa, joihin vaikuttaa vain yksi geeni tai haplotyyppi (alleelijoukko, jotka periytyv\u00e4t yhdess\u00e4, alleeli = geenin muoto). Ymp\u00e4rist\u00f6tekij\u00e4t eiv\u00e4t vaikuta n\u00e4ihin ominaisuuksiin. N\u00e4it\u00e4 ominaisuuksia ovat mm. nupous, punainen v\u00e4ri ja beta-kaseiini, mutta joukossa on my\u00f6s ominaisuuksia, jotka eiv\u00e4t ole toivottavia ja niit\u00e4 kutsutaankin usein geenivirheiksi kuten CVM ja bulldog. El\u00e4imen genotyyppi on mahdollista tutkia n\u00e4iden ominaisuuksien suhteen joko erillisell\u00e4 laboratoriotestill\u00e4 ja genomim\u00e4\u00e4rityksen yhteydess\u00e4. Tulokset kertovat el\u00e4imen genotyypin kyseisen ominaisuuden suhteen. T\u00e4t\u00e4 tietoa voidaan hy\u00f6dynt\u00e4\u00e4 teht\u00e4ess\u00e4 paritussuunnitelmia, jotta ei pariteta kahta saman geenivirheen kantajaa. Toisaalta tietoa voidaan hy\u00f6dynt\u00e4\u00e4 my\u00f6s toivottujen ominaisuuksien suhteen esim. nupouden kohdalla, jotta saadaan perinn\u00f6llisesti nupoja yksil\u00f6it\u00e4.<\/p>\n<p><a href=\"https:\/\/nordic.mloy.fi\/navbull\" target=\"_blank\" rel=\"noopener noreferrer\">NAVin Sonnihaussa<\/a> sonnin omalla sivulla esitet\u00e4\u00e4n sonnin status <strong>vain<\/strong> genomitestist\u00e4 saatavilla olevien ominaisuuksien suhteen. Tulokset avautuvat kohdasta \u201dDNA-m\u00e4\u00e4ritykset\u201d. Erillisist\u00e4 laboratoriotutkimuksista saatuja tuloksia ei esitet\u00e4 sonnin omalla sivulla.<\/p>\n<p><a href=\"https:\/\/nordicebv.info\/wp-content\/uploads\/2026\/02\/Monogenetic-traits-overview-dairy-FIN-FEB26.pdf\">Yhteenveto DNA-m\u00e4\u00e4rityksist\u00e4 ja k\u00e4ytetyist\u00e4 lyhenteist\u00e4 &#8211; Lypsykarja<\/a><\/p>\n<p><a href=\"https:\/\/nordicebv.info\/wp-content\/uploads\/2024\/05\/Description-of-genetic-traits-in-dairy-cattle-FIN-1.pdf\">Ominaisuuksien kuvaukset &#8211; Lypsykarja<\/a><\/p>\n<p>&nbsp;<\/p>\n<p>&nbsp;<\/p>\n","protected":false},"excerpt":{"rendered":"<p>DNA-m\u00e4\u00e4ritykset kertovat el\u00e4imen genotyypin sellaisissa ominaisuuksissa, joihin vaikuttaa vain yksi geeni tai haplotyyppi (alleelijoukko, jotka periytyv\u00e4t yhdess\u00e4, alleeli = geenin muoto). Ymp\u00e4rist\u00f6tekij\u00e4t eiv\u00e4t vaikuta n\u00e4ihin ominaisuuksiin. N\u00e4it\u00e4 ominaisuuksia ovat mm. nupous, punainen v\u00e4ri ja beta-kaseiini, mutta joukossa on my\u00f6s ominaisuuksia, jotka eiv\u00e4t ole toivottavia ja niit\u00e4 kutsutaankin usein geenivirheiksi kuten CVM ja bulldog. El\u00e4imen genotyyppi &#8230; <a title=\"DNA-m\u00e4\u00e4ritykset &#8211; Lypsykarja\" class=\"read-more\" href=\"https:\/\/nordicebv.info\/fi\/ntm-ja-jalostusarvot\/dna-maaritykset\/\" aria-label=\"Lue lis\u00e4\u00e4 aiheesta DNA-m\u00e4\u00e4ritykset &#8211; Lypsykarja\">Lue lis\u00e4\u00e4<\/a><\/p>\n","protected":false},"author":6,"featured_media":0,"parent":7226,"menu_order":0,"comment_status":"closed","ping_status":"closed","template":"","meta":{"_exactmetrics_skip_tracking":false,"_exactmetrics_sitenote_active":false,"_exactmetrics_sitenote_note":"","_exactmetrics_sitenote_category":0,"footnotes":""},"class_list":["post-8326","page","type-page","status-publish"],"aioseo_notices":[],"_links":{"self":[{"href":"https:\/\/nordicebv.info\/fi\/wp-json\/wp\/v2\/pages\/8326","targetHints":{"allow":["GET"]}}],"collection":[{"href":"https:\/\/nordicebv.info\/fi\/wp-json\/wp\/v2\/pages"}],"about":[{"href":"https:\/\/nordicebv.info\/fi\/wp-json\/wp\/v2\/types\/page"}],"author":[{"embeddable":true,"href":"https:\/\/nordicebv.info\/fi\/wp-json\/wp\/v2\/users\/6"}],"replies":[{"embeddable":true,"href":"https:\/\/nordicebv.info\/fi\/wp-json\/wp\/v2\/comments?post=8326"}],"version-history":[{"count":16,"href":"https:\/\/nordicebv.info\/fi\/wp-json\/wp\/v2\/pages\/8326\/revisions"}],"predecessor-version":[{"id":24362,"href":"https:\/\/nordicebv.info\/fi\/wp-json\/wp\/v2\/pages\/8326\/revisions\/24362"}],"up":[{"embeddable":true,"href":"https:\/\/nordicebv.info\/fi\/wp-json\/wp\/v2\/pages\/7226"}],"wp:attachment":[{"href":"https:\/\/nordicebv.info\/fi\/wp-json\/wp\/v2\/media?parent=8326"}],"curies":[{"name":"wp","href":"https:\/\/api.w.org\/{rel}","templated":true}]}}