{"id":8288,"date":"2018-12-11T13:20:31","date_gmt":"2018-12-11T11:20:31","guid":{"rendered":"https:\/\/www.nordicebv.info\/liha-lypsyristeytykset\/"},"modified":"2025-04-24T11:12:03","modified_gmt":"2025-04-24T08:12:03","slug":"liha-lypsyristeytykset","status":"publish","type":"page","link":"https:\/\/nordicebv.info\/fi\/liha-lypsyristeytykset\/","title":{"rendered":"Liha-lypsyristeytykset"},"content":{"rendered":"<div class=\"grid-66 tablet-grid-66 mobile-grid-100 first-column\">\n<h2>Liha-lypsyristeytykset<\/h2>\n<p><strong>Liha-lypsyristeytysarvostelu<\/strong><\/p>\n<p>NAV laskee jalostusarvot liharotuisille keinosiemennyssonneille, joita on k\u00e4ytetty lypsykarjoissa. Laskenta perustuu risteytysj\u00e4lkel\u00e4isten tuloksiin. Jalostusarvojen avulla voidaan valita parhaat liharotuiset sonnit, joiden risteytysvasikat syntyv\u00e4t helposti ja joilla on hyv\u00e4 kasvu ja hyv\u00e4t ruhon laatuominaisuudet. Arvostelussa mukana olevien risteytysvasikoiden emien rotuina ovat holstein, pohjoismaiset punaiset rodut ja jersey. Mik\u00e4li julkaisuvaatimukset t\u00e4yttyv\u00e4t, liharotusonneille voidaan julkaista kymmenen eri ominaisuuden jalostusarvot. Yksitt\u00e4isist\u00e4 jalostusarvoista muodostetaan taloudellisten painokertoimien avulla yhdistelm\u00e4indeksit syntym\u00e4, kasvu ja vasikan elinvoima, jotka ovat mukana pohjoismaisessa liha-lypsyristeytysindeksiss\u00e4, NBDI (Nordic BeefxDairy Index).<\/p>\n<p>Jotta sonnin liha-lypsyristeytysarvostelun indeksit julkaistaan, kaksi julkaisukriteeri\u00e4 pit\u00e4\u00e4 t\u00e4ytty\u00e4:<\/p>\n<ol>\n<li>Ominaisuusryhm\u00e4n jalostusarvojen arvosteluvarmuus on tietyll\u00e4 tasolla<\/li>\n<li>Keinosiemennyssonnin omistaja tai siemenen maahantuoja on maksanut kertamaksun. Maksusysteemi otettiin k\u00e4ytt\u00f6\u00f6n 1.1.2020 ja t\u00e4ll\u00e4 hetkell\u00e4 maksu on 1 300 \u20ac per sonni. Mik\u00e4li sonnin omistaja tai siemenen maahan tuoja haluaa sonnille julkaistavan NAVin liha-lypsyristeytysindeksit, kun arvosteluvarmuus on riitt\u00e4v\u00e4, t\u00e4m\u00e4n tulee ottaa yhteytt\u00e4 NAViin (<a href=\"mailto:Fredrik.VonUnge@vxa.se\">Fredrik.VonUnge@vxa.se<\/a>).<\/li>\n<\/ol>\n<p>Poikimaominaisuuksia on nelj\u00e4: <strong>Vasikkakuolleisuus 1. lypsykaudella ja my\u00f6hemmill\u00e4 lypsykausilla, poikimahelppous 1. lypsykaudella ja my\u00f6hemmill\u00e4 lypsykausilla<\/strong>. Poikimaominaisuuksien jalostusarvot voidaan julkaista, mik\u00e4li ominaisuuksien vasikkakuolleisuus tai poikimahelppous my\u00f6hemmill\u00e4 lypsykausilla arvosteluvarmuus on v\u00e4hint\u00e4\u00e4n 50 %. Arvostelussa k\u00e4ytet\u00e4\u00e4n indikaattoriominaisuutena tietoa vasikan koosta (saatavilla vain Tanskasta).<\/p>\n<p>Teurasominaisuuksia on kolme: <strong>nettokasvu, ruhon laatuluokka ja ruhon rasvaluokka<\/strong>. Indeksit nettokasvussa, ruhon laatu- ja rasvaluokassa ovat keskiarvoja uros- ja naarasj\u00e4lkel\u00e4isten perusteella erikseen lasketuista jalostusarvoista. Teurasominaisuuksissa indeksien julkaisuehtona on v\u00e4hint\u00e4\u00e4n 50 % arvosteluvarmuus ruhon laatuluokassa.<\/p>\n<p>Elinvoimaominaisuuksia on kolme: <strong>Vasikan elinvoima, vasikan elinvoima 1\u201330 pv<\/strong> (jakso 1) ja <strong>vasikan elinvoima 31-200 pv<\/strong> (jakso 2). Vasikan elinvoima on yhdistelm\u00e4indeksi, jossa jakson 1 jalostusarvolla on paino 0.36 ja jakson 2 paino on 0.86. Jakson 1 jalostusarvo perustuu sonnin j\u00e4lkel\u00e4isten selviytymiseen p\u00e4iv\u00e4st\u00e4 1 p\u00e4iv\u00e4\u00e4n 30 ja vastaavasti jakson 2 jalostusarvo perustuu sonnin j\u00e4lkel\u00e4isten selviytymiseen v\u00e4lill\u00e4 31 ja 200 p\u00e4iv\u00e4\u00e4. Kaikki kolme jalostusarvoa julkaistaan, kun sonnin arvosteluvarmuus jakson 2 indeksille on v\u00e4hint\u00e4\u00e4n 50 % tai sonnilla on v\u00e4hint\u00e4\u00e4n 500 j\u00e4lkel\u00e4ist\u00e4 jaksolla 2 tai sill\u00e4 on julkaistavat indeksit poikima- ja kasvuominaisuuksille.<\/p>\n<p><strong>Tiineysaika, lehm\u00e4<\/strong> kuvaa sonnin j\u00e4lkel\u00e4isten tiineysajan pituutta suhteessa keskim\u00e4\u00e4r\u00e4iseen tiineysaikaan, kun j\u00e4lkel\u00e4isen em\u00e4n\u00e4 on v\u00e4hint\u00e4\u00e4n kerran poikinut lehm\u00e4. Tiineysajan jalostusarvo ilmaistaan p\u00e4ivin\u00e4 ja se on poikkeama p\u00e4ivin\u00e4 standardoidusta lypsykarjan keskim\u00e4\u00e4r\u00e4isest\u00e4 tiineysajan pituudesta, mik\u00e4 on asetettu 280 p\u00e4iv\u00e4\u00e4n. Tiineysajan jalostusarvo julkaistaan, kun sonnilla on julkaisukelpoinen jalostusarvo poikimaominaisuuksissa ja tiineysajan arvosteluvarmuus on yli 50 %.<\/p>\n<p><strong>Pohjoismainen liha-lypsyristeytysindeksi, NBDI<\/strong><\/p>\n<p>Pohjoismainen liha-lypsyristeytysindeksi (NBDI) kuvaa liharotusonnin taloudellista arvoa perustuen sen perinn\u00f6lliseen tasoon tuottaa risteytysj\u00e4lkel\u00e4isi\u00e4, joista viljelij\u00e4 saa parhaan taloudellisen tuoton. NBDI koostuu\u00a0 kolmesta indeksist\u00e4, syntym\u00e4, kasvu ja vasikan elinvoima. Kasvatuskauden pituus ja intensiteetti vaikuttaa kasvuominaisuuksien taloudelliseen arvoon. Jokainen sonni saa erilaiset arvot kasvuindeksille ja NBDI:lle riippuen siit\u00e4 onko kasvatuskauden pituus lyhyt (alle 550 pv.) vai pitk\u00e4 (yli 550 pv.). Pitk\u00e4 kasvatuskausi on k\u00e4yt\u00f6ss\u00e4 Suomessa ja Ruotsissa ja lyhyt kasvatuskausi on k\u00e4yt\u00f6ss\u00e4 Tanskassa.<\/p>\n<p><strong>Syntym\u00e4indeksi<\/strong> koostuu kahdesta jalostusarvosta: vasikkakuolleisuus ja poikimavaikeus my\u00f6hemmill\u00e4 lypsykausilla. N\u00e4it\u00e4 painotetaan syntym\u00e4indeksiss\u00e4 taloudellisilla painokertoimilla<\/p>\n<p><strong>Kasvu, lyhyt tai pitk\u00e4<\/strong>, koostuu kolmesta jalostusarvosta: nettokasvu, ruhon laatu- ja rasvaluokka, joita painotetaan kasvuindeksiss\u00e4 taloudellisilla painokertoimilla.<\/p>\n<p><strong>Vasikan elinvoima,<\/strong> koostuu kahdesta jalostusarvosta: vasikan elinvoima 1\u201330 pv (jakso 1) ja vasikan elinvoima 31-200 pv (jakso 2), jotka on yhdistetty taloudellisissa arvoilla.<\/p>\n<p><strong>NBDI, lyhyt tai pitk\u00e4<\/strong>, sis\u00e4lt\u00e4\u00e4 syntym\u00e4indeksin ja kasvun, lyhyt tai pitk\u00e4. N\u00e4m\u00e4 yhdistet\u00e4\u00e4n taloudellisilla painoilla, jotka ovat perusteellisten taloudellisten laskelmien tulos. Laskelmissa on huomioitu tulevaisuuden tuotanto-olosuhteita ja odotuksia sek\u00e4 hintasuhteita.<\/p>\n<p>Kun lypsykarjassa k\u00e4ytett\u00e4v\u00e4t liharotusonnit valitaan NBDI:n perusteella, risteytysvasikat syntyv\u00e4t helposti, kasvavat hyvin, niill\u00e4 on hyv\u00e4t teurasominaisuudet ja niill\u00e4 on hyv\u00e4 elinvoima kasvatuskaudella. Valinta NBDI:n perusteella parantaa taloudellista tulosta.<\/p>\n<p><strong>Liha-lypsyristeytysjalostusarvojen julkaisu<\/strong><\/p>\n<p>NAVin liha-lypsyristeysjalostusarvot julkaistiin ensimm\u00e4isen kerran joulukuussa 2018. Vuodesta 2019 alkaen liha-lypsyristeytysjalostusrvot julkaistaan nelj\u00e4 kertaa vuodessa lypsykarjan NAV-arvostelujen yhteydess\u00e4 (helmi-, touko-, elo- ja marraskuussa). NBDI sek\u00e4 indeksit syntym\u00e4 ja kasvu julkaistiin ensimm\u00e4isen kerran marraskuussa 2019. Uusimmat tulokset l\u00f6ytyv\u00e4t <a href=\"https:\/\/nordic.mloy.fi\/NAVBeef\/\" target=\"_blank\" rel=\"noopener noreferrer\"><strong>NAV Pihvihausta<\/strong><\/a>.<\/p>\n<p>NAV Pihvihaku sis\u00e4lt\u00e4\u00e4 kaikki julkaisukelpoiset jalostusarvot sek\u00e4 muuta oleellista tietoa ks-lihasonneista, jotka ovat mukana arvostelussa. K\u00e4ytt\u00e4j\u00e4n pit\u00e4\u00e4 valita kasvatuskauden pituus (lyhyt tai pitk\u00e4), jotta saa listan sonneista. Mik\u00e4li muita hakuehtoja ei valita, k\u00e4ytt\u00e4j\u00e4 saa listan sonneista, jotka ovat NBDI:n mukaisessa j\u00e4rjestyksess\u00e4. NAV Pihvihaussa on useita hakuehtoja, joiden perusteella voi listata sonneja tai hakea yksitt\u00e4isi\u00e4 sonneja.<\/p>\n<p>Indeksien esitystapa on samanlainen kuin NAVin lypsyrotujen arvostelussa eli populaation keskiarvo on 100 ja hajonta 10 indeksipistett\u00e4. NBDI:n keskiarvo on 0 ja hajonta 10 indeksipistett\u00e4.<\/p>\n<p>Lis\u00e4tietoa:<\/p>\n<p><a href=\"https:\/\/nordicebv.info\/wp-content\/uploads\/2024\/11\/NBDI-of-beef-sires-used-for-dairy-crosses-final-version.pdf\">Total Merit Index (NBDI) for beef sires used for dairy cattle<\/a> (englanniksi, p\u00e4ivitetty 2024)<\/p>\n<p><a href=\"https:\/\/nordicebv.info\/wp-content\/uploads\/2023\/05\/GL-text_v2_FIN.pdf\">Uusi ominaisuus liha-lypsyarvosteluun: tiineysaika<\/a><\/p>\n<p><a href=\"https:\/\/nordicebv.info\/wp-content\/uploads\/2022\/11\/YSS-abstract-FIN.pdf\">Vasikan elinvoima mukaan liha-lypsyarvosteluun<\/a><\/p>\n<p><a href=\"https:\/\/nordicebv.info\/wp-content\/uploads\/2020\/10\/BxD_final_report.pdf\">BxD breeding values &#8211; Final report<\/a> (englanniksi)<\/p>\n<p><a href=\"https:\/\/vimeo.com\/396660324\" rel=\"noopener noreferrer\">Webinaari liha-lypsyristeysindekseist\u00e4<\/a> (englanniksi)<\/p>\n<\/div>\n<div class=\"grid-33 tablet-grid-33 mobile-grid-100 first-column\">\n<p><strong><a href=\"https:\/\/nordic.mloy.fi\/NAVBeef\/\" target=\"_blank\" rel=\"noopener\">NAV Pihvihaku<\/a><\/strong><\/p>\n<p><strong><a href=\"https:\/\/nordicebv.info\/wp-content\/uploads\/2025\/02\/Overview-of-phenotypic-values-BxD_FIN-update-2025.pdf\">Yhteenveto fenotyyppisist\u00e4 arvoista \u2013 Liha-lypsyarvostelu<\/a><\/strong><\/p>\n<p><strong><a href=\"https:\/\/nordicebv.info\/wp-content\/uploads\/2022\/05\/NAV-routine-genetic-evaluation_beef-x-dairy-Final_correct-growth_27052022.pdf\">NAVin liha-lypsyristeytysten jalostusarvostelu &#8211; data ja geneettiset mallit<\/a><\/strong> (englanniksi)<\/p>\n<p><strong><a href=\"https:\/\/nordicebv.info\/wp-content\/uploads\/2024\/11\/Changes-in-BxD-evaluation-2018-2024-FIN.pdf\">Muutokset NAVin liha-lypsyarvostelussa<\/a><\/strong><\/p>\n<\/div>\n","protected":false},"excerpt":{"rendered":"<p>Liha-lypsyristeytykset Liha-lypsyristeytysarvostelu NAV laskee jalostusarvot liharotuisille keinosiemennyssonneille, joita on k\u00e4ytetty lypsykarjoissa. Laskenta perustuu risteytysj\u00e4lkel\u00e4isten tuloksiin. Jalostusarvojen avulla voidaan valita parhaat liharotuiset sonnit, joiden risteytysvasikat syntyv\u00e4t helposti ja joilla on hyv\u00e4 kasvu ja hyv\u00e4t ruhon laatuominaisuudet. Arvostelussa mukana olevien risteytysvasikoiden emien rotuina ovat holstein, pohjoismaiset punaiset rodut ja jersey. Mik\u00e4li julkaisuvaatimukset t\u00e4yttyv\u00e4t, liharotusonneille voidaan julkaista kymmenen &#8230; <a title=\"Liha-lypsyristeytykset\" class=\"read-more\" href=\"https:\/\/nordicebv.info\/fi\/liha-lypsyristeytykset\/\" aria-label=\"Lue lis\u00e4\u00e4 aiheesta Liha-lypsyristeytykset\">Lue lis\u00e4\u00e4<\/a><\/p>\n","protected":false},"author":6,"featured_media":0,"parent":0,"menu_order":0,"comment_status":"closed","ping_status":"closed","template":"","meta":{"_exactmetrics_skip_tracking":false,"_exactmetrics_sitenote_active":false,"_exactmetrics_sitenote_note":"","_exactmetrics_sitenote_category":0,"footnotes":""},"class_list":["post-8288","page","type-page","status-publish"],"aioseo_notices":[],"_links":{"self":[{"href":"https:\/\/nordicebv.info\/fi\/wp-json\/wp\/v2\/pages\/8288","targetHints":{"allow":["GET"]}}],"collection":[{"href":"https:\/\/nordicebv.info\/fi\/wp-json\/wp\/v2\/pages"}],"about":[{"href":"https:\/\/nordicebv.info\/fi\/wp-json\/wp\/v2\/types\/page"}],"author":[{"embeddable":true,"href":"https:\/\/nordicebv.info\/fi\/wp-json\/wp\/v2\/users\/6"}],"replies":[{"embeddable":true,"href":"https:\/\/nordicebv.info\/fi\/wp-json\/wp\/v2\/comments?post=8288"}],"version-history":[{"count":26,"href":"https:\/\/nordicebv.info\/fi\/wp-json\/wp\/v2\/pages\/8288\/revisions"}],"predecessor-version":[{"id":11697,"href":"https:\/\/nordicebv.info\/fi\/wp-json\/wp\/v2\/pages\/8288\/revisions\/11697"}],"wp:attachment":[{"href":"https:\/\/nordicebv.info\/fi\/wp-json\/wp\/v2\/media?parent=8288"}],"curies":[{"name":"wp","href":"https:\/\/api.w.org\/{rel}","templated":true}]}}