{"id":8275,"date":"2018-10-30T15:01:03","date_gmt":"2018-10-30T13:01:03","guid":{"rendered":"https:\/\/www.nordicebv.info\/toimii-todistetusti\/"},"modified":"2018-10-30T15:01:03","modified_gmt":"2018-10-30T13:01:03","slug":"toimii-todistetusti","status":"publish","type":"page","link":"https:\/\/nordicebv.info\/fi\/toimii-todistetusti\/","title":{"rendered":"Toimii todistetusti"},"content":{"rendered":"<h3>Toimii todistetusti<\/h3>\n<p><strong>\u201cN\u00e4kym\u00e4t\u00f6n lehm\u00e4\u201c on lehm\u00e4, jolla on korkea tuotos, hyv\u00e4 hedelm\u00e4llisyys ja terveys ja on helppo lyps\u00e4\u00e4 ja k\u00e4sitell\u00e4. T\u00e4llainen lehm\u00e4 tuottaa vuodesta toiseen aiheuttamatta hoitajalleen harmia. <\/strong><\/p>\n<p><a href=\"https:\/\/www.nordicebv.info\/wp-content\/uploads\/2018\/11\/Finsk.png\"><img loading=\"lazy\" decoding=\"async\" class=\"size-large wp-image-8277 aligncenter\" src=\"https:\/\/www.nordicebv.info\/wp-content\/uploads\/2018\/11\/Finsk-1024x520.png\" alt=\"\" width=\"604\" height=\"307\" srcset=\"https:\/\/nordicebv.info\/wp-content\/uploads\/2018\/11\/Finsk-1024x520.png 1024w, https:\/\/nordicebv.info\/wp-content\/uploads\/2018\/11\/Finsk-300x152.png 300w, https:\/\/nordicebv.info\/wp-content\/uploads\/2018\/11\/Finsk-768x390.png 768w, https:\/\/nordicebv.info\/wp-content\/uploads\/2018\/11\/Finsk-100x50.png 100w\" sizes=\"auto, (max-width: 604px) 100vw, 604px\" \/><\/a><\/p>\n<p>&nbsp;<\/p>\n<p>NTM:n avulla on helppo l\u00f6yt\u00e4\u00e4 ne lehm\u00e4t, jotka tuottavat hyvin eiv\u00e4tk\u00e4 aiheuta ongelmia. Tulosten perusteella voidaan my\u00f6s osoittaa, ett\u00e4 NTM toimii k\u00e4yt\u00e4nn\u00f6ss\u00e4.<\/p>\n<p>Lehm\u00e4t, joilla on korkeampi NTM ovat fenotyyppisesti parempia kuin lehm\u00e4t, joilla on alhainen NTM. T\u00e4m\u00e4 k\u00e4y ilmi, kun lehm\u00e4t jaetaan kahteen ryhm\u00e4\u00e4n niiden syntym\u00e4hetken NTM:n perusteella (hyv\u00e4 ja huono NTM-ryhm\u00e4) ja verrataan ryhmien fenotyyppisi\u00e4 tuloksia eri ominaisuuksissa.<\/p>\n<p>T\u00e4ss\u00e4 on muutamia esimerkkej\u00e4 hyv\u00e4n NTM-ryhm\u00e4n paremmista fenotyyppisist\u00e4 tuloksista:<\/p>\n<ul>\n<li><strong>Korkeampi tuotos<\/strong> \u2013 noin 15 ja 25 kg korkeampi yhteenlaskettu rasva+valkuaistuotos ensimm\u00e4isell\u00e4 ja toisella lypsykaudella<\/li>\n<li><strong>Parempi hedelm\u00e4llisyys<\/strong> \u2013 hiehojen siemennysik\u00e4 on noin kaksi p\u00e4iv\u00e4\u00e4 alhaisempi ja lehmill\u00e4 siemennyskausi on noin kaksi p\u00e4iv\u00e4\u00e4 lyhyempi kahdella ensimm\u00e4isell\u00e4 lypsykaudella<\/li>\n<li><strong>Parempi terveys <\/strong>\u2013 noin 1 \u2013 2 prosenttiyksikk\u00f6\u00e4 v\u00e4hemm\u00e4n utaretulehdustapauksia<\/li>\n<li><strong>Korkeampi elinik\u00e4istuotos \u2013 <\/strong>200-300 kg korkeampi yhteenlaskettu elinik\u00e4inen rasva- ja valkuaistuotos<\/li>\n<\/ul>\n<p>Tulokset osoittavat, ett\u00e4 NTM toimii k\u00e4yt\u00e4nn\u00f6ss\u00e4 ja tarjoaa pohjoismaisille viljelij\u00f6ille parempaa tuottoa lehm\u00e4\u00e4 kohti korkeamman tuotoksen sek\u00e4 paremman hedelm\u00e4llisyyden ja terveyden johdosta. NTM parantaa my\u00f6s kest\u00e4vyytt\u00e4, jolla on suuri merkitys kannattavuuteen.<\/p>\n<p>Lue lis\u00e4\u00e4 miten hyvin NTM toimii:<\/p>\n<p><a href=\"https:\/\/www.nordicebv.info\/wp-content\/uploads\/2018\/10\/High-low-NTM-HOL-FIN.pdf\" target=\"_blank\" rel=\"noopener noreferrer\">Korkeampi NTM johtaa korkeampaan elinik\u00e4istuotokseen <strong>holsteinlehmill\u00e4<\/strong><\/a><\/p>\n<p><a href=\"https:\/\/www.nordicebv.info\/wp-content\/uploads\/2018\/10\/High-low-NTM-RDC-FIN.pdf\" target=\"_blank\" rel=\"noopener noreferrer\">Korkeampi NTM johtaa korkeampaan elinik\u00e4istuotokseen <strong>RDC-lehmill\u00e4<\/strong><\/a><\/p>\n","protected":false},"excerpt":{"rendered":"<p>Toimii todistetusti \u201cN\u00e4kym\u00e4t\u00f6n lehm\u00e4\u201c on lehm\u00e4, jolla on korkea tuotos, hyv\u00e4 hedelm\u00e4llisyys ja terveys ja on helppo lyps\u00e4\u00e4 ja k\u00e4sitell\u00e4. T\u00e4llainen lehm\u00e4 tuottaa vuodesta toiseen aiheuttamatta hoitajalleen harmia. &nbsp; NTM:n avulla on helppo l\u00f6yt\u00e4\u00e4 ne lehm\u00e4t, jotka tuottavat hyvin eiv\u00e4tk\u00e4 aiheuta ongelmia. Tulosten perusteella voidaan my\u00f6s osoittaa, ett\u00e4 NTM toimii k\u00e4yt\u00e4nn\u00f6ss\u00e4. Lehm\u00e4t, joilla on korkeampi &#8230; <a title=\"Toimii todistetusti\" class=\"read-more\" href=\"https:\/\/nordicebv.info\/fi\/toimii-todistetusti\/\" aria-label=\"Lue lis\u00e4\u00e4 aiheesta Toimii todistetusti\">Lue lis\u00e4\u00e4<\/a><\/p>\n","protected":false},"author":6,"featured_media":0,"parent":0,"menu_order":0,"comment_status":"closed","ping_status":"closed","template":"","meta":{"_exactmetrics_skip_tracking":false,"_exactmetrics_sitenote_active":false,"_exactmetrics_sitenote_note":"","_exactmetrics_sitenote_category":0,"footnotes":""},"class_list":["post-8275","page","type-page","status-publish"],"aioseo_notices":[],"_links":{"self":[{"href":"https:\/\/nordicebv.info\/fi\/wp-json\/wp\/v2\/pages\/8275","targetHints":{"allow":["GET"]}}],"collection":[{"href":"https:\/\/nordicebv.info\/fi\/wp-json\/wp\/v2\/pages"}],"about":[{"href":"https:\/\/nordicebv.info\/fi\/wp-json\/wp\/v2\/types\/page"}],"author":[{"embeddable":true,"href":"https:\/\/nordicebv.info\/fi\/wp-json\/wp\/v2\/users\/6"}],"replies":[{"embeddable":true,"href":"https:\/\/nordicebv.info\/fi\/wp-json\/wp\/v2\/comments?post=8275"}],"version-history":[{"count":0,"href":"https:\/\/nordicebv.info\/fi\/wp-json\/wp\/v2\/pages\/8275\/revisions"}],"wp:attachment":[{"href":"https:\/\/nordicebv.info\/fi\/wp-json\/wp\/v2\/media?parent=8275"}],"curies":[{"name":"wp","href":"https:\/\/api.w.org\/{rel}","templated":true}]}}