{"id":8263,"date":"2018-10-30T14:59:49","date_gmt":"2018-10-30T12:59:49","guid":{"rendered":"https:\/\/www.nordicebv.info\/luotettavat-jalostusarvot\/"},"modified":"2018-10-30T14:59:49","modified_gmt":"2018-10-30T12:59:49","slug":"luotettavat-jalostusarvot","status":"publish","type":"page","link":"https:\/\/nordicebv.info\/fi\/luotettavat-jalostusarvot\/","title":{"rendered":"Luotettavat jalostusarvot"},"content":{"rendered":"<h3>Luotettavat jalostusarvot<\/h3>\n<p><strong>Lehmist\u00e4 ker\u00e4tt\u00e4v\u00e4t tiedot ovat karjan hallinnan kulmakivi pohjoismaisille viljelij\u00f6ille. Samalla tiedot ovat perusta jalostusarvojen arvioinnille ja n\u00e4iden jalostusarvojen perusteella valitaan seuraavan sukupolven vanhemmat <\/strong><\/p>\n<p><a href=\"https:\/\/www.nordicebv.info\/wp-content\/uploads\/2018\/11\/Finsk3.png\"><img loading=\"lazy\" decoding=\"async\" class=\"size-large wp-image-8265 aligncenter\" src=\"https:\/\/www.nordicebv.info\/wp-content\/uploads\/2018\/11\/Finsk3-1024x652.png\" alt=\"\" width=\"604\" height=\"385\" srcset=\"https:\/\/nordicebv.info\/wp-content\/uploads\/2018\/11\/Finsk3-1024x652.png 1024w, https:\/\/nordicebv.info\/wp-content\/uploads\/2018\/11\/Finsk3-300x191.png 300w, https:\/\/nordicebv.info\/wp-content\/uploads\/2018\/11\/Finsk3-768x489.png 768w, https:\/\/nordicebv.info\/wp-content\/uploads\/2018\/11\/Finsk3.png 1984w\" sizes=\"auto, (max-width: 604px) 100vw, 604px\" \/><\/a>Kuvio 1. Karjojen osuus, jotka osallistuvat tietojen keruuseen.<\/p>\n<p>&nbsp;<\/p>\n<p>Huomattavan suuri osa pohjoismaisista viljelij\u00f6ist\u00e4 on mukana tuotosseurannassa ja siis ker\u00e4\u00e4v\u00e4t tietoa lehmist\u00e4\u00e4n kansallisiin tietokantoihin. My\u00f6s el\u00e4inl\u00e4\u00e4k\u00e4rit, seminologit ja sorkkahoitajat ker\u00e4\u00e4v\u00e4t monenlaista tietoa lehm\u00e4n el\u00e4m\u00e4st\u00e4 tietokantaan.<\/p>\n<p>Pohjoismaiset viljelij\u00e4t tekev\u00e4t luotettavia merkint\u00f6j\u00e4 lehmist\u00e4\u00e4n. Ker\u00e4ttyjen tietojen avulla viljelij\u00e4t saavat k\u00e4ytt\u00f6\u00f6ns\u00e4 avainlukuja, joiden perusteella he voivat seurata karjaansa saavuttaakseen mahdollisimman hyv\u00e4n taloudellisen tuloksen. Tuotannonohjausohjelmien avulla viljelij\u00e4t voivat verrata omaa tulostaan muiden tuloksiin.<\/p>\n<p>Pohjoismaisilla karjatiloilla yleistyv\u00e4t elektroniset laitteet, mitk\u00e4 mittaavat p\u00e4ivitt\u00e4ist\u00e4 maitotuotosta, maidon pitoisuuksia ja virtausnopeutta, lehmien aktiivisuutta, vetimien sijaintia ja sy\u00f6ntikyky\u00e4. Maidosta teht\u00e4v\u00e4t laboratoriomittaukset kehittyv\u00e4t my\u00f6s ja maidosta voidaan mitata rasvahappokoostumusta ja ketoaineita. T\u00e4m\u00e4 kehitys tarkoittaa tiedon m\u00e4\u00e4r\u00e4n kasvua sek\u00e4 eritt\u00e4in hyv\u00e4laatuista tietoa, koska mittaukset ovat tarkkoja ja objektiivisia.<\/p>\n","protected":false},"excerpt":{"rendered":"<p>Luotettavat jalostusarvot Lehmist\u00e4 ker\u00e4tt\u00e4v\u00e4t tiedot ovat karjan hallinnan kulmakivi pohjoismaisille viljelij\u00f6ille. Samalla tiedot ovat perusta jalostusarvojen arvioinnille ja n\u00e4iden jalostusarvojen perusteella valitaan seuraavan sukupolven vanhemmat Kuvio 1. Karjojen osuus, jotka osallistuvat tietojen keruuseen. &nbsp; Huomattavan suuri osa pohjoismaisista viljelij\u00f6ist\u00e4 on mukana tuotosseurannassa ja siis ker\u00e4\u00e4v\u00e4t tietoa lehmist\u00e4\u00e4n kansallisiin tietokantoihin. My\u00f6s el\u00e4inl\u00e4\u00e4k\u00e4rit, seminologit ja sorkkahoitajat ker\u00e4\u00e4v\u00e4t &#8230; <a title=\"Luotettavat jalostusarvot\" class=\"read-more\" href=\"https:\/\/nordicebv.info\/fi\/luotettavat-jalostusarvot\/\" aria-label=\"Lue lis\u00e4\u00e4 aiheesta Luotettavat jalostusarvot\">Lue lis\u00e4\u00e4<\/a><\/p>\n","protected":false},"author":6,"featured_media":0,"parent":0,"menu_order":0,"comment_status":"closed","ping_status":"closed","template":"","meta":{"_exactmetrics_skip_tracking":false,"_exactmetrics_sitenote_active":false,"_exactmetrics_sitenote_note":"","_exactmetrics_sitenote_category":0,"footnotes":""},"class_list":["post-8263","page","type-page","status-publish"],"aioseo_notices":[],"_links":{"self":[{"href":"https:\/\/nordicebv.info\/fi\/wp-json\/wp\/v2\/pages\/8263","targetHints":{"allow":["GET"]}}],"collection":[{"href":"https:\/\/nordicebv.info\/fi\/wp-json\/wp\/v2\/pages"}],"about":[{"href":"https:\/\/nordicebv.info\/fi\/wp-json\/wp\/v2\/types\/page"}],"author":[{"embeddable":true,"href":"https:\/\/nordicebv.info\/fi\/wp-json\/wp\/v2\/users\/6"}],"replies":[{"embeddable":true,"href":"https:\/\/nordicebv.info\/fi\/wp-json\/wp\/v2\/comments?post=8263"}],"version-history":[{"count":0,"href":"https:\/\/nordicebv.info\/fi\/wp-json\/wp\/v2\/pages\/8263\/revisions"}],"wp:attachment":[{"href":"https:\/\/nordicebv.info\/fi\/wp-json\/wp\/v2\/media?parent=8263"}],"curies":[{"name":"wp","href":"https:\/\/api.w.org\/{rel}","templated":true}]}}