{"id":8250,"date":"2018-10-30T14:58:30","date_gmt":"2018-10-30T12:58:30","guid":{"rendered":"https:\/\/www.nordicebv.info\/pohjoismaiset-ominaisuudet\/"},"modified":"2018-10-30T14:58:30","modified_gmt":"2018-10-30T12:58:30","slug":"pohjoismaiset-ominaisuudet","status":"publish","type":"page","link":"https:\/\/nordicebv.info\/fi\/pohjoismaiset-ominaisuudet\/","title":{"rendered":"Pohjoismaiset ominaisuudet"},"content":{"rendered":"<h3>Pohjoismaiset ominaisuudet<\/h3>\n<p><strong>Pohjoismaissa mitataan lypsykarjalta useita ominaisuuksia, joita ei muualla mitata. N\u00e4m\u00e4 ominaisuudet kertovat lehm\u00e4n ja vasikan terveydest\u00e4 ja hyvinvoinnista. Pohjoismaissa on jalostettu terveempi\u00e4 lehmi\u00e4 jo 1980-luvulta l\u00e4htien.\u00a0 <\/strong><\/p>\n<p>Monia terveysominaisuuksia on haastavaa mitata objektiivisesti, toisin kuin vaikka maitotuotosta tai rakennetta. Pohjoismaissa terveystietoa ker\u00e4t\u00e4\u00e4n el\u00e4inl\u00e4\u00e4k\u00e4reiden avulla, joita laki velvoittaa kirjaamaan yl\u00f6s lypsykarjalle tehdyt hoidot. T\u00e4m\u00e4n johdosta terveystietoa saadaan 90 prosentilta lehmist\u00e4, jotka kuuluvat tuotosseurantaan. Terveystietojen harmonisointiin ja ker\u00e4ykseen on panostettu paljon. Terveysominaisuuksien jalostusarvostelussa hy\u00f6dynnet\u00e4\u00e4n vain niiden karjojen tietoja, joissa hoitotietojen ker\u00e4ys on luotettavaa ja s\u00e4\u00e4nt\u00f6jen mukaista.<\/p>\n<p>Sorkkaterveystiedot ovat uusin terveystiedon l\u00e4hde. Pohjoismaat ovat kehitt\u00e4neet ja ottaneet k\u00e4ytt\u00f6\u00f6n tehokkaan digitaalisen sorkkaterveystietojen ker\u00e4ysmenetelm\u00e4n, Sorkkamobiilin. Sill\u00e4 on ollut positiivinen vastaanotto sorkkahoitajien, viljelij\u00f6iden ja asiantuntijoiden keskuudessa ja t\u00e4m\u00e4 on johtanut tietojen m\u00e4\u00e4r\u00e4n kasvuun. Sorkkamobiilin k\u00e4ytt\u00f6\u00f6noton j\u00e4lkeen vuosittain saadaan yli 190\u00a0000 lehm\u00e4n sorkkahoitotiedot. T\u00e4m\u00e4n johdosta sorkkaterveysominaisuuksien arvosteluvarmuudet ovat nousseet ja sorkkaterveys on parantunut Pohjoismaissa.<\/p>\n<p><a href=\"https:\/\/www.nordicebv.info\/wp-content\/uploads\/2018\/11\/Finsk2.png\"><img loading=\"lazy\" decoding=\"async\" class=\"size-large wp-image-8253 aligncenter\" src=\"https:\/\/www.nordicebv.info\/wp-content\/uploads\/2018\/11\/Finsk2-1024x768.png\" alt=\"\" width=\"604\" height=\"453\" srcset=\"https:\/\/nordicebv.info\/wp-content\/uploads\/2018\/11\/Finsk2-1024x768.png 1024w, https:\/\/nordicebv.info\/wp-content\/uploads\/2018\/11\/Finsk2-300x225.png 300w, https:\/\/nordicebv.info\/wp-content\/uploads\/2018\/11\/Finsk2-768x576.png 768w, https:\/\/nordicebv.info\/wp-content\/uploads\/2018\/11\/Finsk2-200x150.png 200w, https:\/\/nordicebv.info\/wp-content\/uploads\/2018\/11\/Finsk2.png 1890w\" sizes=\"auto, (max-width: 604px) 100vw, 604px\" \/><\/a><strong>Lis\u00e4\u00e4 kannattavuutta terveill\u00e4 lehmill\u00e4 &#8211; pohjoismaiset ominaisuudet ovat mukana NTM:ss\u00e4.<\/strong><\/p>\n","protected":false},"excerpt":{"rendered":"<p>Pohjoismaiset ominaisuudet Pohjoismaissa mitataan lypsykarjalta useita ominaisuuksia, joita ei muualla mitata. N\u00e4m\u00e4 ominaisuudet kertovat lehm\u00e4n ja vasikan terveydest\u00e4 ja hyvinvoinnista. Pohjoismaissa on jalostettu terveempi\u00e4 lehmi\u00e4 jo 1980-luvulta l\u00e4htien.\u00a0 Monia terveysominaisuuksia on haastavaa mitata objektiivisesti, toisin kuin vaikka maitotuotosta tai rakennetta. Pohjoismaissa terveystietoa ker\u00e4t\u00e4\u00e4n el\u00e4inl\u00e4\u00e4k\u00e4reiden avulla, joita laki velvoittaa kirjaamaan yl\u00f6s lypsykarjalle tehdyt hoidot. T\u00e4m\u00e4n johdosta &#8230; <a title=\"Pohjoismaiset ominaisuudet\" class=\"read-more\" href=\"https:\/\/nordicebv.info\/fi\/pohjoismaiset-ominaisuudet\/\" aria-label=\"Lue lis\u00e4\u00e4 aiheesta Pohjoismaiset ominaisuudet\">Lue lis\u00e4\u00e4<\/a><\/p>\n","protected":false},"author":6,"featured_media":0,"parent":0,"menu_order":0,"comment_status":"closed","ping_status":"closed","template":"","meta":{"_exactmetrics_skip_tracking":false,"_exactmetrics_sitenote_active":false,"_exactmetrics_sitenote_note":"","_exactmetrics_sitenote_category":0,"footnotes":""},"class_list":["post-8250","page","type-page","status-publish"],"aioseo_notices":[],"_links":{"self":[{"href":"https:\/\/nordicebv.info\/fi\/wp-json\/wp\/v2\/pages\/8250","targetHints":{"allow":["GET"]}}],"collection":[{"href":"https:\/\/nordicebv.info\/fi\/wp-json\/wp\/v2\/pages"}],"about":[{"href":"https:\/\/nordicebv.info\/fi\/wp-json\/wp\/v2\/types\/page"}],"author":[{"embeddable":true,"href":"https:\/\/nordicebv.info\/fi\/wp-json\/wp\/v2\/users\/6"}],"replies":[{"embeddable":true,"href":"https:\/\/nordicebv.info\/fi\/wp-json\/wp\/v2\/comments?post=8250"}],"version-history":[{"count":0,"href":"https:\/\/nordicebv.info\/fi\/wp-json\/wp\/v2\/pages\/8250\/revisions"}],"wp:attachment":[{"href":"https:\/\/nordicebv.info\/fi\/wp-json\/wp\/v2\/media?parent=8250"}],"curies":[{"name":"wp","href":"https:\/\/api.w.org\/{rel}","templated":true}]}}