{"id":8233,"date":"2018-10-30T14:57:24","date_gmt":"2018-10-30T12:57:24","guid":{"rendered":"https:\/\/www.nordicebv.info\/tasapainoinen-jalostus\/"},"modified":"2021-03-26T09:04:08","modified_gmt":"2021-03-26T07:04:08","slug":"tasapainoinen-jalostus","status":"publish","type":"page","link":"https:\/\/nordicebv.info\/fi\/tasapainoinen-jalostus\/","title":{"rendered":"Tasapainoinen jalostus"},"content":{"rendered":"<h3>Tasapainoinen jalostus<\/h3>\n<p><strong>Pohjoismaisen kokonaisjalostusarvon (NTM) kehitys on edennyt kohti kokonaisvaltaisempaa ja tasapainoisempaa jalostustavoitetta. NTM sis\u00e4lt\u00e4\u00e4 kaikki taloudellisesti t\u00e4rke\u00e4t ominaisuudet, joista on k\u00e4yt\u00f6ss\u00e4 jalostusarvostelu. NTM sis\u00e4lt\u00e4\u00e4 monia k\u00e4ytt\u00f6ominaisuuksia kuten utareterveys, hedelm\u00e4llisyys ja kest\u00e4vyys. Vaikka n\u00e4ill\u00e4 ominaisuuksilla on ep\u00e4suotuisa perinn\u00f6llinen yhteys tuotokseen, perinn\u00f6llist\u00e4 edistymist\u00e4 on silti saavutettu samanaikaisesti tuotoksessa ja k\u00e4ytt\u00f6ominaisuuksissa. <\/strong><\/p>\n<p><a href=\"https:\/\/www.nordicebv.info\/wp-content\/uploads\/2021\/03\/balanced-breeding-goal_FIN_update-2021.png\"><img loading=\"lazy\" decoding=\"async\" class=\"size-full wp-image-12403 aligncenter\" src=\"https:\/\/www.nordicebv.info\/wp-content\/uploads\/2021\/03\/balanced-breeding-goal_FIN_update-2021.png\" alt=\"\" width=\"980\" height=\"594\" srcset=\"https:\/\/nordicebv.info\/wp-content\/uploads\/2021\/03\/balanced-breeding-goal_FIN_update-2021.png 980w, https:\/\/nordicebv.info\/wp-content\/uploads\/2021\/03\/balanced-breeding-goal_FIN_update-2021-300x182.png 300w, https:\/\/nordicebv.info\/wp-content\/uploads\/2021\/03\/balanced-breeding-goal_FIN_update-2021-768x466.png 768w\" sizes=\"auto, (max-width: 980px) 100vw, 980px\" \/><\/a><\/p>\n<p>NTM otettiin k\u00e4ytt\u00f6\u00f6n vuonna 2008. T\u00e4t\u00e4 ennen samantyylisi\u00e4 maakohtaisia kokonaisjalostusarvoja oli k\u00e4yt\u00f6ss\u00e4 Suomessa, Ruotsissa ja Tanskassa. Vuosien aikana NTM:n on lis\u00e4tty ominaisuuksia ja t\u00e4m\u00e4 on parantanut NTM:n taloudellista arvoa.<\/p>\n<p>K\u00e4ytt\u00f6ominaisuuksien korostaminen NTM:ssa on karjanomistajien toiveiden mukaista. Lypsykarjan jalostuksessa on ollut pitk\u00e4\u00e4n tavoitteena tuottava lehm\u00e4, jolla ei ole pelk\u00e4st\u00e4\u00e4n korkea tuotos eli suuret tulot, vaan my\u00f6s pienet kulut.<\/p>\n<p>NTM:n rakentamista ovat ohjanneet karjanomistajat ja tavoitteena on yhdist\u00e4\u00e4 eri ominaisuudet optimaalisesti, jotta saavutetaan paras taloudellinen tulos. NTM:ss\u00e4 mukana olevien ominaisuuksien suhteellinen taloudellinen painotus perustuu tulevaisuuden hintoihin ja tuotanto-olosuhteisiin. N\u00e4in ollen jalostustavoite heijastaa karjanomistajien nykyisi\u00e4 ja tulevia tarpeita el\u00e4inaineksen suhteen.<\/p>\n<p>Uusimpien laskentamenetelmien ja jalostusteknologian hy\u00f6dynt\u00e4minen varmistaa parhaan mahdollisen perinn\u00f6llisen edistymisen NTM:ss\u00e4 mukana olevissa ominaisuuksissa. Genomisen valinnan hy\u00f6dynt\u00e4minen mahdollistaa tehokkaamman jalostuksen kohti taloudellisempaa lehm\u00e4\u00e4. T\u00e4m\u00e4 johtuu erityisesti k\u00e4ytt\u00f6ominaisuuksien arvosteluvarmuuden parantumisesta. Arvosteluvarmuuksien parantuminen on samalla nopeuttanut perinn\u00f6llist\u00e4 edistymist\u00e4 kaikissa ominaisuuksissa.<\/p>\n<p>Linkkej\u00e4:<\/p>\n<ul>\n<li><a href=\"https:\/\/www.youtube.com\/watch?v=jATh2GLd3Uchttps:\/\/vimeo.com\/299229363\" target=\"_blank\" rel=\"noopener noreferrer\">NTM video<\/a> (tekstitetty suomeksi)<\/li>\n<\/ul>\n<p><strong>\u00a0\u00a0\u00a0\u00a0\u00a0\u00a0\u00a0\u00a0\u00a0\u00a0\u00a0\u00a0\u00a0\u00a0\u00a0\u00a0\u00a0\u00a0\u00a0\u00a0\u00a0\u00a0\u00a0\u00a0\u00a0\u00a0\u00a0\u00a0\u00a0\u00a0\u00a0\u00a0\u00a0\u00a0\u00a0\u00a0<\/strong><\/p>\n","protected":false},"excerpt":{"rendered":"<p>Tasapainoinen jalostus Pohjoismaisen kokonaisjalostusarvon (NTM) kehitys on edennyt kohti kokonaisvaltaisempaa ja tasapainoisempaa jalostustavoitetta. NTM sis\u00e4lt\u00e4\u00e4 kaikki taloudellisesti t\u00e4rke\u00e4t ominaisuudet, joista on k\u00e4yt\u00f6ss\u00e4 jalostusarvostelu. NTM sis\u00e4lt\u00e4\u00e4 monia k\u00e4ytt\u00f6ominaisuuksia kuten utareterveys, hedelm\u00e4llisyys ja kest\u00e4vyys. Vaikka n\u00e4ill\u00e4 ominaisuuksilla on ep\u00e4suotuisa perinn\u00f6llinen yhteys tuotokseen, perinn\u00f6llist\u00e4 edistymist\u00e4 on silti saavutettu samanaikaisesti tuotoksessa ja k\u00e4ytt\u00f6ominaisuuksissa. NTM otettiin k\u00e4ytt\u00f6\u00f6n vuonna 2008. T\u00e4t\u00e4 &#8230; <a title=\"Tasapainoinen jalostus\" class=\"read-more\" href=\"https:\/\/nordicebv.info\/fi\/tasapainoinen-jalostus\/\" aria-label=\"Lue lis\u00e4\u00e4 aiheesta Tasapainoinen jalostus\">Lue lis\u00e4\u00e4<\/a><\/p>\n","protected":false},"author":6,"featured_media":0,"parent":0,"menu_order":0,"comment_status":"closed","ping_status":"closed","template":"","meta":{"_exactmetrics_skip_tracking":false,"_exactmetrics_sitenote_active":false,"_exactmetrics_sitenote_note":"","_exactmetrics_sitenote_category":0,"footnotes":""},"class_list":["post-8233","page","type-page","status-publish"],"aioseo_notices":[],"_links":{"self":[{"href":"https:\/\/nordicebv.info\/fi\/wp-json\/wp\/v2\/pages\/8233","targetHints":{"allow":["GET"]}}],"collection":[{"href":"https:\/\/nordicebv.info\/fi\/wp-json\/wp\/v2\/pages"}],"about":[{"href":"https:\/\/nordicebv.info\/fi\/wp-json\/wp\/v2\/types\/page"}],"author":[{"embeddable":true,"href":"https:\/\/nordicebv.info\/fi\/wp-json\/wp\/v2\/users\/6"}],"replies":[{"embeddable":true,"href":"https:\/\/nordicebv.info\/fi\/wp-json\/wp\/v2\/comments?post=8233"}],"version-history":[{"count":1,"href":"https:\/\/nordicebv.info\/fi\/wp-json\/wp\/v2\/pages\/8233\/revisions"}],"predecessor-version":[{"id":12421,"href":"https:\/\/nordicebv.info\/fi\/wp-json\/wp\/v2\/pages\/8233\/revisions\/12421"}],"wp:attachment":[{"href":"https:\/\/nordicebv.info\/fi\/wp-json\/wp\/v2\/media?parent=8233"}],"curies":[{"name":"wp","href":"https:\/\/api.w.org\/{rel}","templated":true}]}}