{"id":8199,"date":"2015-11-04T10:59:10","date_gmt":"2015-11-04T08:59:10","guid":{"rendered":"https:\/\/www.nordicebv.info\/interbeef-julkaisu\/"},"modified":"2023-05-16T13:00:43","modified_gmt":"2023-05-16T10:00:43","slug":"interbeef-julkaisu","status":"publish","type":"page","link":"https:\/\/nordicebv.info\/fi\/lihakarja\/interbeef-julkaisu\/","title":{"rendered":"INTERBEEF Julkaisu"},"content":{"rendered":"<div class=\"grid-66 tablet-grid-66 mobile-grid-100 first-column\">\n<h2>Interbeef julkaisu<\/h2>\n<p><strong>Interbeefin jalostusarvot<\/strong><\/p>\n<p>Vaikka NAVilla on lihakarjan jalostusarvostelu, NAV osallistuu my\u00f6s Interbeef-arvosteluihin yhteisty\u00f6ss\u00e4. Interbeefiin toimitetaan raakadataa ja sukutietoja jokaisesta osallistujamaasta erikseen tai ryhm\u00e4n\u00e4, mik\u00e4li kyseess\u00e4 on pohjoismaiden kaltainen yhteisty\u00f6. T\u00e4m\u00e4n j\u00e4lkeen jokaisesta maasta l\u00e4hetettyj\u00e4 tietoja k\u00e4sitell\u00e4\u00e4n yksitt\u00e4isin\u00e4 tietoina maiden v\u00e4lisess\u00e4 arvostelussa, ja tulokset julkaistaan jokaisen maan omien julkaisus\u00e4\u00e4nt\u00f6jen mukaisesti.<\/p>\n<p>T\u00e4ll\u00e4 hetkell\u00e4 seuraavat maat osallistuvat Interbeefiin: Australia, T\u0161ekin tasavalta, DFS (Tanska, Suomi ja Ruotsi), Ranska, Saksa, Irlanti, Etel\u00e4-Afrikka, Sveitsi, Iso-Britannia, Viro, Italia, Latvia ja Slovenia, mutta kaikki maat eiv\u00e4t osallistu kaikkien rotujen tai ominaisuuksien arvosteluun. Interbeef-arvostelut lasketaan vieroituspainolle (AWW), syntym\u00e4painolle (BWT direct ja maternal) ja poikimahelppoudelle is\u00e4n\u00e4 ja em\u00e4nis\u00e4n\u00e4 (CAE direct ja maternal) roduille aberdeen angus, charolais, hereford, limousin ja simmental.<\/p>\n<p>Interbeef toimii ICARin (kansainv\u00e4linen tarkkailuorganisaatio) alaisuudessa, joten lis\u00e4tietoa aiheesta l\u00f6ytyy <a href=\"https:\/\/www.icar.org\/index.php\/technical-bodies\/working-groups\/interbeef-working-group\/\" target=\"_blank\" rel=\"noopener noreferrer\">ICARin sivuilta<\/a>.<\/p>\n<p><strong>Interbeefin jalostusarvot pohjoismaisella DFS-skaalalla<\/strong><\/p>\n<p><span lang=\"SV\">Uudet jalostusarvot julkaistaan kaksi kertaa vuodessa (maalis- ja marraskuussa) ja tulokset <\/span>l\u00f6ytyv\u00e4t <a href=\"https:\/\/nordic.mloy.fi\/NAVBeef\/\">NAV Pihvihausta<\/a>. Hakusivu sis\u00e4lt\u00e4\u00e4 kaikki julkaistavat jalostusarvot ja muuta t\u00e4rke\u00e4\u00e4 tietoa arvostelussa mukana olevista sonneista ja lehmist\u00e4. K\u00e4ytt\u00e4j\u00e4n pit\u00e4\u00e4 valita rotu, jotta saa listan el\u00e4imist\u00e4. Kaikki muut hakukriteerit ovat valinnaisia. Hakusivulla voi laatia omien kriteereiden mukaan top-listoja tai hakea yksitt\u00e4ist\u00e4 el\u00e4int\u00e4.<\/p>\n<p><span lang=\"SV\">Interbeefin jalostusarvot on standardisoitu DFS-skaalalle siten, ett\u00e4 3-8 vuotta sitten syntyneiden, pohjoismaisten el\u00e4inten vieroituspainoindeksien keskiarvo on 100 ja keskihajonta 10.<\/span><\/p>\n<p><span lang=\"SV\">On t\u00e4rke\u00e4\u00e4 huomata, ett\u00e4 Interbeef-arvostelu on vain muutamille taloudellisesti t\u00e4rkeille ominaisuuksille ja arvostelumalli on erilainen kuin NAVin lihakarjan arvostelussa k\u00e4ytetyt mallit. Lis\u00e4ksi Interbeef-arvostelussa k\u00e4ytet\u00e4\u00e4n sukulaisten tietoja eri maista. T\u00e4m\u00e4n takia el\u00e4inten paremmuusj\u00e4rjestys Interbeef jalostusarvojen perusteella voi olla erilainen kuin NAVin lihakarja-arvostelussa.  <\/span><\/p>\n<p>&nbsp;<\/p>\n<p>&nbsp;<\/p>\n<\/div>\n<div class=\"grid-33 tablet-grid-33 mobile-grid-100 first-column\">\n<p><strong><a href=\"https:\/\/nordic.mloy.fi\/NAVBeef\/\" target=\"_blank\" rel=\"noopener\">NAV Pihvihaku<\/a><\/strong><\/p>\n<\/div>\n","protected":false},"excerpt":{"rendered":"<p>Interbeef julkaisu Interbeefin jalostusarvot Vaikka NAVilla on lihakarjan jalostusarvostelu, NAV osallistuu my\u00f6s Interbeef-arvosteluihin yhteisty\u00f6ss\u00e4. Interbeefiin toimitetaan raakadataa ja sukutietoja jokaisesta osallistujamaasta erikseen tai ryhm\u00e4n\u00e4, mik\u00e4li kyseess\u00e4 on pohjoismaiden kaltainen yhteisty\u00f6. T\u00e4m\u00e4n j\u00e4lkeen jokaisesta maasta l\u00e4hetettyj\u00e4 tietoja k\u00e4sitell\u00e4\u00e4n yksitt\u00e4isin\u00e4 tietoina maiden v\u00e4lisess\u00e4 arvostelussa, ja tulokset julkaistaan jokaisen maan omien julkaisus\u00e4\u00e4nt\u00f6jen mukaisesti. T\u00e4ll\u00e4 hetkell\u00e4 seuraavat maat osallistuvat &#8230; <a title=\"INTERBEEF Julkaisu\" class=\"read-more\" href=\"https:\/\/nordicebv.info\/fi\/lihakarja\/interbeef-julkaisu\/\" aria-label=\"Lue lis\u00e4\u00e4 aiheesta INTERBEEF Julkaisu\">Lue lis\u00e4\u00e4<\/a><\/p>\n","protected":false},"author":6,"featured_media":0,"parent":8171,"menu_order":0,"comment_status":"closed","ping_status":"closed","template":"","meta":{"_exactmetrics_skip_tracking":false,"_exactmetrics_sitenote_active":false,"_exactmetrics_sitenote_note":"","_exactmetrics_sitenote_category":0,"footnotes":""},"class_list":["post-8199","page","type-page","status-publish"],"aioseo_notices":[],"_links":{"self":[{"href":"https:\/\/nordicebv.info\/fi\/wp-json\/wp\/v2\/pages\/8199","targetHints":{"allow":["GET"]}}],"collection":[{"href":"https:\/\/nordicebv.info\/fi\/wp-json\/wp\/v2\/pages"}],"about":[{"href":"https:\/\/nordicebv.info\/fi\/wp-json\/wp\/v2\/types\/page"}],"author":[{"embeddable":true,"href":"https:\/\/nordicebv.info\/fi\/wp-json\/wp\/v2\/users\/6"}],"replies":[{"embeddable":true,"href":"https:\/\/nordicebv.info\/fi\/wp-json\/wp\/v2\/comments?post=8199"}],"version-history":[{"count":9,"href":"https:\/\/nordicebv.info\/fi\/wp-json\/wp\/v2\/pages\/8199\/revisions"}],"predecessor-version":[{"id":15485,"href":"https:\/\/nordicebv.info\/fi\/wp-json\/wp\/v2\/pages\/8199\/revisions\/15485"}],"up":[{"embeddable":true,"href":"https:\/\/nordicebv.info\/fi\/wp-json\/wp\/v2\/pages\/8171"}],"wp:attachment":[{"href":"https:\/\/nordicebv.info\/fi\/wp-json\/wp\/v2\/media?parent=8199"}],"curies":[{"name":"wp","href":"https:\/\/api.w.org\/{rel}","templated":true}]}}