{"id":8171,"date":"2015-05-22T13:25:36","date_gmt":"2015-05-22T10:25:36","guid":{"rendered":"https:\/\/www.nordicebv.info\/lihakarja\/"},"modified":"2021-11-02T13:57:06","modified_gmt":"2021-11-02T11:57:06","slug":"lihakarja","status":"publish","type":"page","link":"https:\/\/nordicebv.info\/fi\/lihakarja\/","title":{"rendered":"Lihakarja"},"content":{"rendered":"<p>Lue lis\u00e4\u00e4 <a href=\"https:\/\/nordicebv.info\/fi\/lihakarja\/lihakarja-arvostelu\/\">Lihakarja-arvostelusta<\/a>, <a href=\"https:\/\/www.nordicebv.info\/beef-cattle\/beef-x-dairy-publication\/\">Liha-lypsyristeytyksist\u00e4<\/a> ja<a href=\"https:\/\/www.nordicebv.info\/beef-cattle\/interbeef-publication\/\"> Interbeef julkaisusta<\/a>.<\/p>\n","protected":false},"excerpt":{"rendered":"<p>Lue lis\u00e4\u00e4 Lihakarja-arvostelusta, Liha-lypsyristeytyksist\u00e4 ja Interbeef julkaisusta.<\/p>\n","protected":false},"author":2,"featured_media":0,"parent":0,"menu_order":0,"comment_status":"closed","ping_status":"closed","template":"","meta":{"_exactmetrics_skip_tracking":false,"_exactmetrics_sitenote_active":false,"_exactmetrics_sitenote_note":"","_exactmetrics_sitenote_category":0,"footnotes":""},"class_list":["post-8171","page","type-page","status-publish"],"aioseo_notices":[],"_links":{"self":[{"href":"https:\/\/nordicebv.info\/fi\/wp-json\/wp\/v2\/pages\/8171","targetHints":{"allow":["GET"]}}],"collection":[{"href":"https:\/\/nordicebv.info\/fi\/wp-json\/wp\/v2\/pages"}],"about":[{"href":"https:\/\/nordicebv.info\/fi\/wp-json\/wp\/v2\/types\/page"}],"author":[{"embeddable":true,"href":"https:\/\/nordicebv.info\/fi\/wp-json\/wp\/v2\/users\/2"}],"replies":[{"embeddable":true,"href":"https:\/\/nordicebv.info\/fi\/wp-json\/wp\/v2\/comments?post=8171"}],"version-history":[{"count":1,"href":"https:\/\/nordicebv.info\/fi\/wp-json\/wp\/v2\/pages\/8171\/revisions"}],"predecessor-version":[{"id":13046,"href":"https:\/\/nordicebv.info\/fi\/wp-json\/wp\/v2\/pages\/8171\/revisions\/13046"}],"wp:attachment":[{"href":"https:\/\/nordicebv.info\/fi\/wp-json\/wp\/v2\/media?parent=8171"}],"curies":[{"name":"wp","href":"https:\/\/api.w.org\/{rel}","templated":true}]}}