{"id":8167,"date":"2015-05-20T11:01:33","date_gmt":"2015-05-20T08:01:33","guid":{"rendered":"https:\/\/www.nordicebv.info\/tiedotus\/"},"modified":"2025-10-03T12:27:05","modified_gmt":"2025-10-03T09:27:05","slug":"tiedotus","status":"publish","type":"page","link":"https:\/\/nordicebv.info\/fi\/nav\/tiedotus\/","title":{"rendered":"Tiedotus"},"content":{"rendered":"<p>Jakob Lykke Voergaard<br \/>\nSeges Innovation, Agro Food Park 15, Skejby, DK-8200 \u00c5rhus N<br \/>\nPuh: +45 4044 1135<br \/>\nS\u00e4hk\u00f6posti: jalv@seges.dk<\/p>\n<p>Ida Hansson<br \/>\nV\u00e4xa Sverige, Box 288, S-75105 Uppsala<br \/>\nPuh.: +46 010 471 02 75<br \/>\nS\u00e4hk\u00f6posti: ida.hansson@vxa.se<\/p>\n<p>Terhi Vahlsten<br \/>\nFaba, PL 40, 01301 Vantaa<br \/>\nPuh: 040\u00a0833 05 88<br \/>\nS\u00e4hk\u00f6posti: terhi.vahlsten@faba.fi<\/p>\n","protected":false},"excerpt":{"rendered":"<p>Jakob Lykke Voergaard Seges Innovation, Agro Food Park 15, Skejby, DK-8200 \u00c5rhus N Puh: +45 4044 1135 S\u00e4hk\u00f6posti: jalv@seges.dk Ida Hansson V\u00e4xa Sverige, Box 288, S-75105 Uppsala Puh.: +46 010 471 02 75 S\u00e4hk\u00f6posti: ida.hansson@vxa.se Terhi Vahlsten Faba, PL 40, 01301 Vantaa Puh: 040\u00a0833 05 88 S\u00e4hk\u00f6posti: terhi.vahlsten@faba.fi<\/p>\n","protected":false},"author":2,"featured_media":0,"parent":7213,"menu_order":0,"comment_status":"closed","ping_status":"closed","template":"","meta":{"_exactmetrics_skip_tracking":false,"_exactmetrics_sitenote_active":false,"_exactmetrics_sitenote_note":"","_exactmetrics_sitenote_category":0,"footnotes":""},"class_list":["post-8167","page","type-page","status-publish"],"aioseo_notices":[],"_links":{"self":[{"href":"https:\/\/nordicebv.info\/fi\/wp-json\/wp\/v2\/pages\/8167","targetHints":{"allow":["GET"]}}],"collection":[{"href":"https:\/\/nordicebv.info\/fi\/wp-json\/wp\/v2\/pages"}],"about":[{"href":"https:\/\/nordicebv.info\/fi\/wp-json\/wp\/v2\/types\/page"}],"author":[{"embeddable":true,"href":"https:\/\/nordicebv.info\/fi\/wp-json\/wp\/v2\/users\/2"}],"replies":[{"embeddable":true,"href":"https:\/\/nordicebv.info\/fi\/wp-json\/wp\/v2\/comments?post=8167"}],"version-history":[{"count":6,"href":"https:\/\/nordicebv.info\/fi\/wp-json\/wp\/v2\/pages\/8167\/revisions"}],"predecessor-version":[{"id":22587,"href":"https:\/\/nordicebv.info\/fi\/wp-json\/wp\/v2\/pages\/8167\/revisions\/22587"}],"up":[{"embeddable":true,"href":"https:\/\/nordicebv.info\/fi\/wp-json\/wp\/v2\/pages\/7213"}],"wp:attachment":[{"href":"https:\/\/nordicebv.info\/fi\/wp-json\/wp\/v2\/media?parent=8167"}],"curies":[{"name":"wp","href":"https:\/\/api.w.org\/{rel}","templated":true}]}}