{"id":8163,"date":"2015-05-20T09:53:29","date_gmt":"2015-05-20T06:53:29","guid":{"rendered":"https:\/\/www.nordicebv.info\/fenotyyppiarvot\/"},"modified":"2022-03-23T15:37:59","modified_gmt":"2022-03-23T13:37:59","slug":"fenotyyppiarvot","status":"publish","type":"page","link":"https:\/\/nordicebv.info\/fi\/fenotyyppiarvot\/","title":{"rendered":"Fenotyyppiarvot"},"content":{"rendered":"<p><strong><a href=\"https:\/\/nordic.mloy.fi\/NAVBull\/\" target=\"_blank\" rel=\"noopener noreferrer\">NAV Sonnihaussa<\/a><\/strong> voi tarkastella, mit\u00e4 jalostusarvot tarkoittavat k\u00e4yt\u00e4nn\u00f6ss\u00e4 eli ns. fenotyyppiarvoja.<\/p>\n<p>Mene sonnin omalle sivulle ja klikkaa \u201dN\u00e4yt\u00e4 alkuper\u00e4isiss\u00e4 yksik\u00f6iss\u00e4\u201d \u2013painiketta sukutaulun alla. Taulukossa on listattu sonnin vaikutus sek\u00e4 keskiarvo koko populaatiossa.<\/p>\n<p>Rotukohtaiset yhteenvetotaulukot l\u00f6ytyv\u00e4t NAV Sonnihaun k\u00e4ytt\u00f6ohjeen (kysymysmerkki oikeassa yl\u00e4kulmassa) lopusta. Rotukohtaiset yhteenvetotaulukot: <a href=\"https:\/\/nordic.mloy.fi\/NAVBull\/Phenotypes\/FIN\/HOL\" target=\"_blank\" rel=\"noopener\">HOL<\/a>, <a href=\"https:\/\/nordic.mloy.fi\/NAVBull\/Phenotypes\/FIN\/RDC\" target=\"_blank\" rel=\"noopener\">RDC<\/a>, <a href=\"https:\/\/nordic.mloy.fi\/NAVBull\/Phenotypes\/FIN\/JER\" target=\"_blank\" rel=\"noopener\">JER<\/a>.<\/p>\n","protected":false},"excerpt":{"rendered":"<p>NAV Sonnihaussa voi tarkastella, mit\u00e4 jalostusarvot tarkoittavat k\u00e4yt\u00e4nn\u00f6ss\u00e4 eli ns. fenotyyppiarvoja. Mene sonnin omalle sivulle ja klikkaa \u201dN\u00e4yt\u00e4 alkuper\u00e4isiss\u00e4 yksik\u00f6iss\u00e4\u201d \u2013painiketta sukutaulun alla. Taulukossa on listattu sonnin vaikutus sek\u00e4 keskiarvo koko populaatiossa. Rotukohtaiset yhteenvetotaulukot l\u00f6ytyv\u00e4t NAV Sonnihaun k\u00e4ytt\u00f6ohjeen (kysymysmerkki oikeassa yl\u00e4kulmassa) lopusta. Rotukohtaiset yhteenvetotaulukot: HOL, RDC, JER.<\/p>\n","protected":false},"author":2,"featured_media":0,"parent":0,"menu_order":0,"comment_status":"closed","ping_status":"closed","template":"","meta":{"_exactmetrics_skip_tracking":false,"_exactmetrics_sitenote_active":false,"_exactmetrics_sitenote_note":"","_exactmetrics_sitenote_category":0,"footnotes":""},"class_list":["post-8163","page","type-page","status-publish"],"aioseo_notices":[],"_links":{"self":[{"href":"https:\/\/nordicebv.info\/fi\/wp-json\/wp\/v2\/pages\/8163","targetHints":{"allow":["GET"]}}],"collection":[{"href":"https:\/\/nordicebv.info\/fi\/wp-json\/wp\/v2\/pages"}],"about":[{"href":"https:\/\/nordicebv.info\/fi\/wp-json\/wp\/v2\/types\/page"}],"author":[{"embeddable":true,"href":"https:\/\/nordicebv.info\/fi\/wp-json\/wp\/v2\/users\/2"}],"replies":[{"embeddable":true,"href":"https:\/\/nordicebv.info\/fi\/wp-json\/wp\/v2\/comments?post=8163"}],"version-history":[{"count":2,"href":"https:\/\/nordicebv.info\/fi\/wp-json\/wp\/v2\/pages\/8163\/revisions"}],"predecessor-version":[{"id":13696,"href":"https:\/\/nordicebv.info\/fi\/wp-json\/wp\/v2\/pages\/8163\/revisions\/13696"}],"wp:attachment":[{"href":"https:\/\/nordicebv.info\/fi\/wp-json\/wp\/v2\/media?parent=8163"}],"curies":[{"name":"wp","href":"https:\/\/api.w.org\/{rel}","templated":true}]}}