{"id":8143,"date":"2015-05-20T09:52:48","date_gmt":"2015-05-20T06:52:48","guid":{"rendered":"https:\/\/www.nordicebv.info\/rakenne\/"},"modified":"2025-11-06T13:39:34","modified_gmt":"2025-11-06T11:39:34","slug":"rakenne","status":"publish","type":"page","link":"https:\/\/nordicebv.info\/fi\/rakenne\/","title":{"rendered":"Rakenne"},"content":{"rendered":"<div class=\"grid-66 tablet-grid-66 mobile-grid-100 first-column\">\n<p>Rakenneominaisuuksissa julkaistaan jalostusarvoja yksitt\u00e4isille ominaisuuksille sek\u00e4 yhdistelm\u00e4indeksit utareelle, jaloille ja koolle. Rakenneominaisuuksien jalostusarvot perustuvat rakennearvostelutietoihin.<\/p>\n<h2>Koko<\/h2>\n<p>Kokoindeksi kuvaa el\u00e4imen perinn\u00f6llist\u00e4 tasoa runkorakenteen suhteen. Mit\u00e4 suurempi indeksi, sit\u00e4 suurempaa kokoa el\u00e4in keskim\u00e4\u00e4rin periytt\u00e4\u00e4.<\/p>\n<h2>Jalat<\/h2>\n<p>Jalkaindeksi kuvaam el\u00e4imen perinn\u00f6llist\u00e4 tasoa jalkarakenteen suhteen. Mit\u00e4 suurempi indeksi, sit\u00e4 parempaa jalkarakennetta el\u00e4in keskim\u00e4\u00e4rin periytt\u00e4\u00e4.<\/p>\n<h2>Utare<\/h2>\n<p>Utareindeksi kuvaa el\u00e4imen perinn\u00f6llist\u00e4 tasoa utarerakenteen suhteen. Mit\u00e4 suurempi indeksi, sit\u00e4 parempaa utarerakennetta el\u00e4in keskim\u00e4\u00e4rin periytt\u00e4\u00e4.<\/p>\n<p><strong>Lis\u00e4tietoa:<\/strong><\/p>\n<p><strong>Rakenneominaisuuksien optimit ja painokertoimet <\/strong>sek\u00e4<strong> rakennearvostelukuvasto <\/strong>(Lypsykarjan rakennearvostelu (ICAR)) l\u00f6ytyv\u00e4t sivun oikeasta laidasta.<\/p>\n<p><a href=\"https:\/\/nordicebv.info\/wp-content\/uploads\/2015\/04\/Improved-NAV-breeding-values-for-conformation_FIN.pdf\" target=\"_blank\" rel=\"noopener noreferrer\">Uudistuksia rakenteen jalostusarvon ennusteisiin<\/a><\/p>\n<p>Lue lis\u00e4\u00e4 jalostusarvostelujen laskennasta dokumentista NAVin lypsykarjan jalostusarvostelu &#8211; data ja geneettiset mallit.<\/p>\n<\/div>\n<div class=\"grid-33 tablet-grid-33 mobile-grid-100 first-column\">\n<p><strong><a href=\"https:\/\/nordic.mloy.fi\/NAVBull\/\" target=\"_blank\" rel=\"noopener\">NAV Sonnihaku<\/a><\/strong><\/p>\n<p><strong><a href=\"https:\/\/nordicebv.info\/wp-content\/uploads\/2023\/09\/Conformation-manual-with-pictures-31082023.pdf\">Lypsykarjan rakennearvostelu (ICAR) (ENG)<\/a><\/strong><\/p>\n<p><strong><a href=\"https:\/\/nordicebv.info\/wp-content\/uploads\/2025\/08\/Conformation_optimums_weights_FIN-2025-RDC-udder.pdf\">Rakenneominaisuuksien optimit ja painokertoimet<\/a><\/strong><\/p>\n<p><strong><a href=\"https:\/\/nordicebv.info\/wp-content\/uploads\/2025\/11\/NAV-routine-genetic-evaluation-November-2025.pdf\">NAVin lypsykarjan jalostusarvostelu \u2013 data ja geneettiset mallit <\/a> <\/strong>(englanniksi)<\/p>\n<\/div>\n","protected":false},"excerpt":{"rendered":"<p>Rakenneominaisuuksissa julkaistaan jalostusarvoja yksitt\u00e4isille ominaisuuksille sek\u00e4 yhdistelm\u00e4indeksit utareelle, jaloille ja koolle. Rakenneominaisuuksien jalostusarvot perustuvat rakennearvostelutietoihin. Koko Kokoindeksi kuvaa el\u00e4imen perinn\u00f6llist\u00e4 tasoa runkorakenteen suhteen. Mit\u00e4 suurempi indeksi, sit\u00e4 suurempaa kokoa el\u00e4in keskim\u00e4\u00e4rin periytt\u00e4\u00e4. Jalat Jalkaindeksi kuvaam el\u00e4imen perinn\u00f6llist\u00e4 tasoa jalkarakenteen suhteen. Mit\u00e4 suurempi indeksi, sit\u00e4 parempaa jalkarakennetta el\u00e4in keskim\u00e4\u00e4rin periytt\u00e4\u00e4. Utare Utareindeksi kuvaa el\u00e4imen perinn\u00f6llist\u00e4 tasoa &#8230; <a title=\"Rakenne\" class=\"read-more\" href=\"https:\/\/nordicebv.info\/fi\/rakenne\/\" aria-label=\"Lue lis\u00e4\u00e4 aiheesta Rakenne\">Lue lis\u00e4\u00e4<\/a><\/p>\n","protected":false},"author":2,"featured_media":0,"parent":0,"menu_order":0,"comment_status":"closed","ping_status":"closed","template":"","meta":{"_exactmetrics_skip_tracking":false,"_exactmetrics_sitenote_active":false,"_exactmetrics_sitenote_note":"","_exactmetrics_sitenote_category":0,"footnotes":""},"class_list":["post-8143","page","type-page","status-publish"],"aioseo_notices":[],"_links":{"self":[{"href":"https:\/\/nordicebv.info\/fi\/wp-json\/wp\/v2\/pages\/8143","targetHints":{"allow":["GET"]}}],"collection":[{"href":"https:\/\/nordicebv.info\/fi\/wp-json\/wp\/v2\/pages"}],"about":[{"href":"https:\/\/nordicebv.info\/fi\/wp-json\/wp\/v2\/types\/page"}],"author":[{"embeddable":true,"href":"https:\/\/nordicebv.info\/fi\/wp-json\/wp\/v2\/users\/2"}],"replies":[{"embeddable":true,"href":"https:\/\/nordicebv.info\/fi\/wp-json\/wp\/v2\/comments?post=8143"}],"version-history":[{"count":19,"href":"https:\/\/nordicebv.info\/fi\/wp-json\/wp\/v2\/pages\/8143\/revisions"}],"predecessor-version":[{"id":23490,"href":"https:\/\/nordicebv.info\/fi\/wp-json\/wp\/v2\/pages\/8143\/revisions\/23490"}],"wp:attachment":[{"href":"https:\/\/nordicebv.info\/fi\/wp-json\/wp\/v2\/media?parent=8143"}],"curies":[{"name":"wp","href":"https:\/\/api.w.org\/{rel}","templated":true}]}}