{"id":8117,"date":"2015-05-20T09:51:59","date_gmt":"2015-05-20T06:51:59","guid":{"rendered":"https:\/\/www.nordicebv.info\/kayttoominaisuudet\/"},"modified":"2025-11-06T13:43:45","modified_gmt":"2025-11-06T11:43:45","slug":"kayttoominaisuudet","status":"publish","type":"page","link":"https:\/\/nordicebv.info\/fi\/kayttoominaisuudet\/","title":{"rendered":"K\u00e4ytt\u00f6ominaisuudet"},"content":{"rendered":"<div class=\"grid-66 tablet-grid-66 mobile-grid-100 first-column\">\n<h2>Terveys<\/h2>\n<p><strong>Utareterveysindeksi <\/strong>kuvaa utaretulehdusten esiintyvyytt\u00e4 el\u00e4imen j\u00e4lkel\u00e4isill\u00e4 keskim\u00e4\u00e4rin. Utareterveysindeksi perustuu el\u00e4inl\u00e4\u00e4k\u00e4reiden hoitomerkint\u00f6ihin kolmelta ensimm\u00e4iselt\u00e4 lypsykaudelta. Solujen ja utarerakenteen jalostusarvoja k\u00e4ytet\u00e4\u00e4n apuna utareterveyden jalostusarvon laskennassa.<\/p>\n<p><strong>Muut hoidot \u2013indeksi<\/strong> kuvaa el\u00e4imen j\u00e4lkel\u00e4isten tasoa lis\u00e4\u00e4ntymis-, aineenvaihdunta- sek\u00e4 jalka- ja sorkkasairauksien esiintyvyyden suhteen. Se perustuu el\u00e4inl\u00e4\u00e4k\u00e4reiden hoitomerkint\u00f6ihin kolmelta ensimm\u00e4iselt\u00e4 lypsykaudelta.<\/p>\n<p><strong>Sorkkaterveysindeksi <\/strong>kuvaa sorkkasairauksien esiintyvyytt\u00e4 el\u00e4imen j\u00e4lkel\u00e4isill\u00e4. Se perustuu sorkkahoitajien tekemiin sorkkahoitomerkint\u00f6ihin kolmelta ensimm\u00e4iselt\u00e4 lypsykaudelta. Mukana on seitsem\u00e4n eri sorkkasairautta.<\/p>\n<p>Utareterveys-, muut hoidot- ja sorkkaterveysindeksi ovat mukana NTM:ss\u00e4.<\/p>\n<p><strong>Lue lis\u00e4\u00e4:<\/strong><\/p>\n<ul>\n<li><a href=\"https:\/\/nordicebv.info\/wp-content\/uploads\/2015\/05\/Registrations-from-hoof-health_FIN_FINAL.pdf\" rel=\"noopener\">Sorkkahoitotiedot talteen s\u00e4hk\u00f6isesti my\u00f6s Suomessa ja Ruotsissa<\/a><\/li>\n<li><a href=\"https:\/\/nordicebv.info\/wp-content\/uploads\/2024\/05\/Pohjoismainen-sorkka-atlas-2020.pdf\">Pohjoismainen Sorkka-atlas 2020<\/a><\/li>\n<\/ul>\n<p>Lue lis\u00e4\u00e4 jalostusarvostelujen laskennasta dokumentista NAVin lypsykarjan jalostusarvostelu &#8211; data ja geneettiset mallit.<\/p>\n<h2>Hedelm\u00e4llisyys<\/h2>\n<p><strong>Hedelm\u00e4llisyysindeksi <\/strong>on ennuste el\u00e4imen j\u00e4lkel\u00e4isten tasosta sen suhteen, kuinka nopeasti kiimakierto k\u00e4ynnistyy poikimisen j\u00e4lkeen, kuinka hyvin kiimat n\u00e4kyv\u00e4t ja kuinka hyvin tytt\u00e4ret tiinehtyv\u00e4t. Tiedot hedelm\u00e4llisyysindeksin laskentaan saadaan siemennystiedoista kolmelta ensimm\u00e4iselt\u00e4 lypsykaudelta.<\/p>\n<p>Hedelm\u00e4llisyysindeksi on mukana NTM:ss\u00e4. Lis\u00e4ksi julkaistaan jalostusarvot tytt\u00e4rien uusimattomuudelle sek\u00e4 kiiman voimakkuudelle.<\/p>\n<p><strong>Lue lis\u00e4\u00e4:<\/strong><\/p>\n<ul>\n<li><a href=\"https:\/\/nordicebv.info\/wp-content\/uploads\/2015\/05\/New-fertility-evaluation_FIN.pdf\" rel=\"noopener\">Uudistuksia hedelm\u00e4llisyysarvosteluun<\/a><\/li>\n<\/ul>\n<p>Lue lis\u00e4\u00e4 jalostusarvostelujen laskennasta dokumentista NAVin lypsykarjan jalostusarvostelu &#8211; data ja geneettiset mallit.<\/p>\n<h2>Poikimaominaisuudet<\/h2>\n<p><strong>Syntym\u00e4indeksi<\/strong> kuvaa el\u00e4imen vasikoiden kyky\u00e4 synty\u00e4. Mit\u00e4 suurempi jalostusarvo, sit\u00e4 todenn\u00e4k\u00f6isemmin vasikat syntyv\u00e4t hengiss\u00e4 ja ilman ongelmia. Syntym\u00e4indeksi sis\u00e4lt\u00e4\u00e4 vasikkakuolleisuuden (is\u00e4n\u00e4) ja poikimavaikeuksien (is\u00e4n\u00e4) jalostusarvot, jotka perustuvat poikimatietoihin viidelt\u00e4 ensimm\u00e4iselt\u00e4 lypsykaudelta.<\/p>\n<p><strong>Poikimaindeksi<\/strong> kuvaa el\u00e4imen tytt\u00e4rien kyky\u00e4 poikia. Mit\u00e4 suurempi indeksi, sit\u00e4 todenn\u00e4k\u00f6isemmin tytt\u00e4ret poikivat el\u00e4v\u00e4n vasikan ongelmitta. Poikimaindeksi sis\u00e4lt\u00e4\u00e4 vasikkakuolleisuuden (em\u00e4nis\u00e4n\u00e4) ja poikimavaikeuksien (em\u00e4nis\u00e4n\u00e4) jalostusarvot, jotka perustuvat poikimatietoihin viidelt\u00e4 ensimm\u00e4iselt\u00e4 lypsykaudelta.<\/p>\n<p>Sek\u00e4 syntym\u00e4- ett\u00e4 poikimaindeksi ovat mukana NTM:ss\u00e4.<\/p>\n<p>Lue lis\u00e4\u00e4 jalostusarvostelujen laskennasta dokumentista NAVin lypsykarjan jalostusarvostelu &#8211; data ja geneettiset mallit.<\/p>\n<h2>Kest\u00e4vyys<\/h2>\n<p><strong>Kest\u00e4vyysindeksi <\/strong>kuvaa el\u00e4imen j\u00e4lkel\u00e4isten kyky\u00e4 saavuttaa pitk\u00e4 tuotantoik\u00e4. Mittana k\u00e4ytet\u00e4\u00e4n lehm\u00e4n tuotantoik\u00e4\u00e4 ensimm\u00e4isest\u00e4 poikimisesta kolmannen lypsykauden loppuun. Tieto laskentaa varten saadaan tuotosseurannasta. Muiden kest\u00e4vyysmittojen jalostusarvoja k\u00e4ytet\u00e4\u00e4n apuna kest\u00e4vyyden jalostusarvon laskennassa. Kest\u00e4vyys on mukana NTM:ss\u00e4.<\/p>\n<p><strong>Vasikan elinvoima \u2013indeksi<\/strong> kuvaa j\u00e4lkel\u00e4isten kyky\u00e4 saavuttaa tuotantoik\u00e4. Se kuvaa lehm\u00e4vasikoiden elinvoimaa yhden p\u00e4iv\u00e4n i\u00e4st\u00e4 15 kuukauden ik\u00e4\u00e4n ja sonnivasikoiden elinvoimaa syntym\u00e4st\u00e4 6 kuukauden ik\u00e4\u00e4n.<\/p>\n<p><strong>Lue lis\u00e4\u00e4:<\/strong><\/p>\n<ul>\n<li><a href=\"https:\/\/nordicebv.info\/wp-content\/uploads\/2015\/04\/Longevity-trend_FIN.pdf\" rel=\"noopener\">Lypsylehmien kest\u00e4vyytt\u00e4 voidaan parantaa<\/a><\/li>\n<li><a href=\"https:\/\/nordicebv.info\/wp-content\/uploads\/2015\/02\/Breeding-for-stronger-youngstock_FIN.pdf\" rel=\"noopener\">Elinvoimaisempia vasikoita<\/a><\/li>\n<\/ul>\n<p>Lue lis\u00e4\u00e4 jalostusarvostelujen laskennasta dokumentista NAVin lypsykarjan jalostusarvostelu &#8211; data ja geneettiset mallit.<\/p>\n<h2>Lypsett\u00e4vyys<\/h2>\n<p><strong>Lypsett\u00e4vyysindeksi <\/strong>kuvaa el\u00e4imen j\u00e4lkel\u00e4isten lypsynopeutta. Mit\u00e4 korkeampi jalostusarvo, sit\u00e4 nopeampi lypsett\u00e4vyys. Lypsett\u00e4vyysarvostelu perustuu karjanomistajan arvioon lehm\u00e4n lypsett\u00e4vyydest\u00e4 karjan muihin lehmiin verrattuna asteikolla 1-5. My\u00f6s elektronisilta maitomittareilta saatavaa lypsett\u00e4vyystietoa k\u00e4ytet\u00e4\u00e4n laskennassa. T\u00e4ll\u00f6in lypsett\u00e4vyytt\u00e4 mitataan grammoina rasvaa ja valkuaista \/ minuutti.<\/p>\n<p>Lypsett\u00e4vyys on mukana NTM:ss\u00e4. Lis\u00e4ksi julkaistaan jalostusarvo my\u00f6s vuodolle.<\/p>\n<p><strong>Lue lis\u00e4\u00e4:<\/strong><\/p>\n<ul>\n<li><a href=\"https:\/\/nordicebv.info\/wp-content\/uploads\/2015\/04\/More-data-in-breeding-value-for-milking-speed_FIN.pdf\" rel=\"noopener\">Enemm\u00e4n tietoa lypsett\u00e4vyydest\u00e4<\/a><\/li>\n<\/ul>\n<p>Lue lis\u00e4\u00e4 jalostusarvostelujen laskennasta dokumentista NAVin lypsykarjan jalostusarvostelu &#8211; data ja geneettiset mallit.<\/p>\n<h2>Luonne<\/h2>\n<p><strong>Luonneindeksi<\/strong> kuvaa el\u00e4imen j\u00e4lkel\u00e4isten luonnetta. Mit\u00e4 korkeampi jalostusarvo, sit\u00e4 parempi luonne. Luonneindeksi perustuu karjanomistajan arvioon lehm\u00e4n luonteesta karjan muihin lehmiin verrattuna.<\/p>\n<p>Luonneindeksi on mukana NTM:ss\u00e4.<\/p>\n<p>Lue lis\u00e4\u00e4 jalostusarvostelujen laskennasta dokumentista NAVin lypsykarjan jalostusarvostelu &#8211; data ja geneettiset mallit.<\/p>\n<\/div>\n<div class=\"grid-33 tablet-grid-33 mobile-grid-100 first-column\">\n<p><strong><a href=\"https:\/\/nordic.mloy.fi\/NAVBull\/\" target=\"_blank\" rel=\"noopener\">NAV Sonnihaku<\/a><\/strong><\/p>\n<p><strong><a href=\"https:\/\/nordicebv.info\/wp-content\/uploads\/2025\/11\/NAV-routine-genetic-evaluation-November-2025.pdf\">NAVin lypsykarjan jalostusarvostelu \u2013 data ja geneettiset mallit<\/a>\u00a0<\/strong>(englanniksi)<\/p>\n<\/div>\n","protected":false},"excerpt":{"rendered":"<p>Terveys Utareterveysindeksi kuvaa utaretulehdusten esiintyvyytt\u00e4 el\u00e4imen j\u00e4lkel\u00e4isill\u00e4 keskim\u00e4\u00e4rin. Utareterveysindeksi perustuu el\u00e4inl\u00e4\u00e4k\u00e4reiden hoitomerkint\u00f6ihin kolmelta ensimm\u00e4iselt\u00e4 lypsykaudelta. Solujen ja utarerakenteen jalostusarvoja k\u00e4ytet\u00e4\u00e4n apuna utareterveyden jalostusarvon laskennassa. Muut hoidot \u2013indeksi kuvaa el\u00e4imen j\u00e4lkel\u00e4isten tasoa lis\u00e4\u00e4ntymis-, aineenvaihdunta- sek\u00e4 jalka- ja sorkkasairauksien esiintyvyyden suhteen. Se perustuu el\u00e4inl\u00e4\u00e4k\u00e4reiden hoitomerkint\u00f6ihin kolmelta ensimm\u00e4iselt\u00e4 lypsykaudelta. Sorkkaterveysindeksi kuvaa sorkkasairauksien esiintyvyytt\u00e4 el\u00e4imen j\u00e4lkel\u00e4isill\u00e4. Se perustuu sorkkahoitajien &#8230; <a title=\"K\u00e4ytt\u00f6ominaisuudet\" class=\"read-more\" href=\"https:\/\/nordicebv.info\/fi\/kayttoominaisuudet\/\" aria-label=\"Lue lis\u00e4\u00e4 aiheesta K\u00e4ytt\u00f6ominaisuudet\">Lue lis\u00e4\u00e4<\/a><\/p>\n","protected":false},"author":2,"featured_media":0,"parent":0,"menu_order":0,"comment_status":"closed","ping_status":"closed","template":"","meta":{"_exactmetrics_skip_tracking":false,"_exactmetrics_sitenote_active":false,"_exactmetrics_sitenote_note":"","_exactmetrics_sitenote_category":0,"footnotes":""},"class_list":["post-8117","page","type-page","status-publish"],"aioseo_notices":[],"_links":{"self":[{"href":"https:\/\/nordicebv.info\/fi\/wp-json\/wp\/v2\/pages\/8117","targetHints":{"allow":["GET"]}}],"collection":[{"href":"https:\/\/nordicebv.info\/fi\/wp-json\/wp\/v2\/pages"}],"about":[{"href":"https:\/\/nordicebv.info\/fi\/wp-json\/wp\/v2\/types\/page"}],"author":[{"embeddable":true,"href":"https:\/\/nordicebv.info\/fi\/wp-json\/wp\/v2\/users\/2"}],"replies":[{"embeddable":true,"href":"https:\/\/nordicebv.info\/fi\/wp-json\/wp\/v2\/comments?post=8117"}],"version-history":[{"count":16,"href":"https:\/\/nordicebv.info\/fi\/wp-json\/wp\/v2\/pages\/8117\/revisions"}],"predecessor-version":[{"id":23516,"href":"https:\/\/nordicebv.info\/fi\/wp-json\/wp\/v2\/pages\/8117\/revisions\/23516"}],"wp:attachment":[{"href":"https:\/\/nordicebv.info\/fi\/wp-json\/wp\/v2\/media?parent=8117"}],"curies":[{"name":"wp","href":"https:\/\/api.w.org\/{rel}","templated":true}]}}