{"id":8102,"date":"2015-05-20T09:51:14","date_gmt":"2015-05-20T06:51:14","guid":{"rendered":"https:\/\/www.nordicebv.info\/tuotos\/"},"modified":"2025-11-06T13:50:44","modified_gmt":"2025-11-06T11:50:44","slug":"tuotos","status":"publish","type":"page","link":"https:\/\/nordicebv.info\/fi\/tuotos\/","title":{"rendered":"Tuotos"},"content":{"rendered":"<div class=\"grid-66 tablet-grid-66 mobile-grid-100 first-column\">\n<h2>Tuotos<\/h2>\n<p>Tuotosindeksi ennustaa, millaisia maidon, rasvan ja valkuaisen tuottajia el\u00e4imen j\u00e4lkel\u00e4iset keskim\u00e4\u00e4rin ovat populaation keskiarvoon verrattuna. Indeksi sis\u00e4lt\u00e4\u00e4 maito-, rasva- ja valkuaiskilojen jalostusarvot kolmelta ensimm\u00e4iselt\u00e4 lypsykaudelta. Jalostusarvot perustuvat maitokiloihin sek\u00e4 rasva- ja valkuaispitoisuuteen. Tuotostiedot saadaan tuotosseurannasta.<\/p>\n<p>Tavoitteena on tuottaa maitoa, joka vastaa meijereiden maksuperusteita. Siksi tuotosindeksiss\u00e4 suurin painotus on valkuaispitoisuudella ja maitokiloilla on negatiivinen painotus.<\/p>\n<p>Tuotosindeksi on mukana NTM:ss\u00e4. Lis\u00e4ksi julkaistaan valkuais- ja rasvaprosentin sek\u00e4 pitk\u00e4maitoisuuden jalostusarvot.<\/p>\n<p><strong>Lue lis\u00e4\u00e4<\/strong> jalostusarvostelujen laskennasta dokumentista NAVin lypsykarjan jalostusarvostelu &#8211; data ja geneettiset mallit.<\/p>\n<h2>Kasvu<\/h2>\n<p>Kasvuindeksi on ennuste sonnin urosj\u00e4lkel\u00e4isten perinn\u00f6llisest\u00e4 tasosta teuraspainon ja ruhon laatuluokan suhteen. Indeksi sis\u00e4lt\u00e4\u00e4 teuraspainon ja ruhon laatuluokan jalostusarvot, mitk\u00e4 perustuvat teurastamoista saataviin teurastietoihin. Teuraspainon jalostusarvo koostuu lyhyen ja pitk\u00e4n kasvatusajan jalostusarvoista.<\/p>\n<p>Kasvuindeksi on mukana NTM:ss\u00e4 holsteinilla ja punaisilla roduilla.<\/p>\n<p><strong>Lue lis\u00e4\u00e4<\/strong> jalostusarvostelujen laskennasta dokumentista NAVin lypsykarjan jalostusarvostelu &#8211; data ja geneettiset mallit.<\/p>\n<\/div>\n<div class=\"grid-33 tablet-grid-33 mobile-grid-100 first-column\">\n<p><strong><a href=\"https:\/\/nordic.mloy.fi\/navbull\" target=\"_blank\" rel=\"noopener noreferrer\">NAV Sonnihaku<\/a><\/strong><\/p>\n<p><strong><a href=\"https:\/\/nordicebv.info\/wp-content\/uploads\/2025\/11\/NAV-routine-genetic-evaluation-November-2025.pdf\">NAVin lypsykarjan jalostusarvostelu &#8211; data ja geneettiset mallit<\/a>\u00a0<\/strong>(englanniksi)<\/p>\n<p><a href=\"https:\/\/www.nordicebv.info\/wp-content\/uploads\/2018\/12\/Weight-in-yield-index-FIN.pdf\" rel=\"noopener\"><strong>Tuotosindeksin painot<\/strong><\/a><\/p>\n<\/div>\n","protected":false},"excerpt":{"rendered":"<p>Tuotos Tuotosindeksi ennustaa, millaisia maidon, rasvan ja valkuaisen tuottajia el\u00e4imen j\u00e4lkel\u00e4iset keskim\u00e4\u00e4rin ovat populaation keskiarvoon verrattuna. Indeksi sis\u00e4lt\u00e4\u00e4 maito-, rasva- ja valkuaiskilojen jalostusarvot kolmelta ensimm\u00e4iselt\u00e4 lypsykaudelta. Jalostusarvot perustuvat maitokiloihin sek\u00e4 rasva- ja valkuaispitoisuuteen. Tuotostiedot saadaan tuotosseurannasta. Tavoitteena on tuottaa maitoa, joka vastaa meijereiden maksuperusteita. Siksi tuotosindeksiss\u00e4 suurin painotus on valkuaispitoisuudella ja maitokiloilla on negatiivinen painotus. &#8230; <a title=\"Tuotos\" class=\"read-more\" href=\"https:\/\/nordicebv.info\/fi\/tuotos\/\" aria-label=\"Lue lis\u00e4\u00e4 aiheesta Tuotos\">Lue lis\u00e4\u00e4<\/a><\/p>\n","protected":false},"author":2,"featured_media":0,"parent":0,"menu_order":0,"comment_status":"closed","ping_status":"closed","template":"","meta":{"_exactmetrics_skip_tracking":false,"_exactmetrics_sitenote_active":false,"_exactmetrics_sitenote_note":"","_exactmetrics_sitenote_category":0,"footnotes":""},"class_list":["post-8102","page","type-page","status-publish"],"aioseo_notices":[],"_links":{"self":[{"href":"https:\/\/nordicebv.info\/fi\/wp-json\/wp\/v2\/pages\/8102","targetHints":{"allow":["GET"]}}],"collection":[{"href":"https:\/\/nordicebv.info\/fi\/wp-json\/wp\/v2\/pages"}],"about":[{"href":"https:\/\/nordicebv.info\/fi\/wp-json\/wp\/v2\/types\/page"}],"author":[{"embeddable":true,"href":"https:\/\/nordicebv.info\/fi\/wp-json\/wp\/v2\/users\/2"}],"replies":[{"embeddable":true,"href":"https:\/\/nordicebv.info\/fi\/wp-json\/wp\/v2\/comments?post=8102"}],"version-history":[{"count":13,"href":"https:\/\/nordicebv.info\/fi\/wp-json\/wp\/v2\/pages\/8102\/revisions"}],"predecessor-version":[{"id":23540,"href":"https:\/\/nordicebv.info\/fi\/wp-json\/wp\/v2\/pages\/8102\/revisions\/23540"}],"wp:attachment":[{"href":"https:\/\/nordicebv.info\/fi\/wp-json\/wp\/v2\/media?parent=8102"}],"curies":[{"name":"wp","href":"https:\/\/api.w.org\/{rel}","templated":true}]}}