{"id":8086,"date":"2015-05-19T08:58:38","date_gmt":"2015-05-19T05:58:38","guid":{"rendered":"https:\/\/www.nordicebv.info\/raportit\/"},"modified":"2023-10-04T14:42:47","modified_gmt":"2023-10-04T11:42:47","slug":"raportit","status":"publish","type":"page","link":"https:\/\/nordicebv.info\/fi\/raportit\/","title":{"rendered":"Raportit"},"content":{"rendered":"<p>Raportit l\u00f6ytyv\u00e4t englanninkielisilt\u00e4 sivuilta.<\/p>\n<p>Valitse kieli oikeasta yl\u00e4kulmasta.<\/p>\n","protected":false},"excerpt":{"rendered":"<p>Raportit l\u00f6ytyv\u00e4t englanninkielisilt\u00e4 sivuilta. Valitse kieli oikeasta yl\u00e4kulmasta.<\/p>\n","protected":false},"author":2,"featured_media":0,"parent":0,"menu_order":0,"comment_status":"closed","ping_status":"closed","template":"","meta":{"_exactmetrics_skip_tracking":false,"_exactmetrics_sitenote_active":false,"_exactmetrics_sitenote_note":"","_exactmetrics_sitenote_category":0,"footnotes":""},"class_list":["post-8086","page","type-page","status-publish"],"aioseo_notices":[],"_links":{"self":[{"href":"https:\/\/nordicebv.info\/fi\/wp-json\/wp\/v2\/pages\/8086","targetHints":{"allow":["GET"]}}],"collection":[{"href":"https:\/\/nordicebv.info\/fi\/wp-json\/wp\/v2\/pages"}],"about":[{"href":"https:\/\/nordicebv.info\/fi\/wp-json\/wp\/v2\/types\/page"}],"author":[{"embeddable":true,"href":"https:\/\/nordicebv.info\/fi\/wp-json\/wp\/v2\/users\/2"}],"replies":[{"embeddable":true,"href":"https:\/\/nordicebv.info\/fi\/wp-json\/wp\/v2\/comments?post=8086"}],"version-history":[{"count":1,"href":"https:\/\/nordicebv.info\/fi\/wp-json\/wp\/v2\/pages\/8086\/revisions"}],"predecessor-version":[{"id":15935,"href":"https:\/\/nordicebv.info\/fi\/wp-json\/wp\/v2\/pages\/8086\/revisions\/15935"}],"wp:attachment":[{"href":"https:\/\/nordicebv.info\/fi\/wp-json\/wp\/v2\/media?parent=8086"}],"curies":[{"name":"wp","href":"https:\/\/api.w.org\/{rel}","templated":true}]}}