{"id":7651,"date":"2015-04-28T12:37:35","date_gmt":"2015-04-28T09:37:35","guid":{"rendered":"https:\/\/www.nordicebv.info\/esitykset\/"},"modified":"2023-10-05T14:55:50","modified_gmt":"2023-10-05T11:55:50","slug":"esitykset","status":"publish","type":"page","link":"https:\/\/nordicebv.info\/fi\/lisatietoa\/esitykset\/","title":{"rendered":"Esitykset"},"content":{"rendered":"<p>Kokouksissa, seminaareissa ja workshopeissa pidetyt esitykset l\u00f6ytyv\u00e4t englanninkielisilt\u00e4 sivuilta.<\/p>\n<p>Valitse kieli oikeasta yl\u00e4kulmasta.<\/p>\n","protected":false},"excerpt":{"rendered":"<p>Kokouksissa, seminaareissa ja workshopeissa pidetyt esitykset l\u00f6ytyv\u00e4t englanninkielisilt\u00e4 sivuilta. Valitse kieli oikeasta yl\u00e4kulmasta.<\/p>\n","protected":false},"author":2,"featured_media":0,"parent":7241,"menu_order":0,"comment_status":"closed","ping_status":"closed","template":"","meta":{"_exactmetrics_skip_tracking":false,"_exactmetrics_sitenote_active":false,"_exactmetrics_sitenote_note":"","_exactmetrics_sitenote_category":0,"footnotes":""},"class_list":["post-7651","page","type-page","status-publish"],"aioseo_notices":[],"_links":{"self":[{"href":"https:\/\/nordicebv.info\/fi\/wp-json\/wp\/v2\/pages\/7651","targetHints":{"allow":["GET"]}}],"collection":[{"href":"https:\/\/nordicebv.info\/fi\/wp-json\/wp\/v2\/pages"}],"about":[{"href":"https:\/\/nordicebv.info\/fi\/wp-json\/wp\/v2\/types\/page"}],"author":[{"embeddable":true,"href":"https:\/\/nordicebv.info\/fi\/wp-json\/wp\/v2\/users\/2"}],"replies":[{"embeddable":true,"href":"https:\/\/nordicebv.info\/fi\/wp-json\/wp\/v2\/comments?post=7651"}],"version-history":[{"count":1,"href":"https:\/\/nordicebv.info\/fi\/wp-json\/wp\/v2\/pages\/7651\/revisions"}],"predecessor-version":[{"id":15940,"href":"https:\/\/nordicebv.info\/fi\/wp-json\/wp\/v2\/pages\/7651\/revisions\/15940"}],"up":[{"embeddable":true,"href":"https:\/\/nordicebv.info\/fi\/wp-json\/wp\/v2\/pages\/7241"}],"wp:attachment":[{"href":"https:\/\/nordicebv.info\/fi\/wp-json\/wp\/v2\/media?parent=7651"}],"curies":[{"name":"wp","href":"https:\/\/api.w.org\/{rel}","templated":true}]}}